{"id":414,"date":"2024-01-25T13:27:32","date_gmt":"2024-01-25T16:27:32","guid":{"rendered":"http:\/\/emporiodoturquinho.com.br\/?post_type=product&#038;p=414"},"modified":"2024-01-25T13:27:32","modified_gmt":"2024-01-25T16:27:32","slug":"cucuz-marroquino","status":"publish","type":"product","link":"https:\/\/emporiodoturquinho.com.br\/?product=cucuz-marroquino","title":{"rendered":"CUCUZ MARROQUINO"},"content":{"rendered":"<p>VALORES NUTRICIONAIS Conhe\u00e7a os valores nutricionais deste produto<br \/>\nQuantidade por por\u00e7\u00e3o de 45g (2 Colheres de Sopa) %VD(*)<br \/>\nValor Energ\u00e9tico 158Kcal=661KJ 8<br \/>\nCarboidratos 32g 11<br \/>\nProte\u00ednas 6g 8<br \/>\nGorduras Totais 1g 2<br \/>\nGorduras Saturadas 0g 0<br \/>\nGorduras Trans 0g **<br \/>\nFibra Alimentar 2g 8<br \/>\nS\u00f3dio 0mg 0<br \/>\n(*)% Valores Di\u00e1rios de refer\u00eancia com base em uma dieta de 2.000 kcal ou 8.400 kJ. Seus valores di\u00e1rios podem ser maiores ou menores dependendo de suas necessidades energ\u00e9ticas.<\/p>\n<p>Ingrediente(s): Cuzcuz Marroquino.<\/p>\n<p>Ap\u00f3s a abertura, mantenha a embalagem bem fechada. Armazene em local fresco e seco.<\/p>\n<p>AL\u00c9RGICOS: PODE CONTER TRA\u00c7OS DE SOJA, NOZES, CASTANHAS E AMENDOINS.<\/p>\n<p>CONT\u00c9M GL\u00daTEN.<\/p>\n<p>CARACTER\u00cdSTICAS<br \/>\nSem Gl\u00faten: N\u00e3o<br \/>\nVegano: Sim<br \/>\nLow Carb: N\u00e3o<br \/>\nOrg\u00e2nico: N\u00e3o<br \/>\nLivre Transg\u00eanicos: N\u00e3o<br \/>\nSem Lactose: Sim<br \/>\nOrigem: Importado<br \/>\nGranel: Sim<\/p>\n","protected":false},"excerpt":{"rendered":"<p>Cuscuz marroquino (couscous marocain em franc\u00eas e moroccan couscous em ingl\u00eas) \u00e9 uma iguaria do oriente m\u00e9dio preparada de s\u00eamola de cereais como trigo, arroz, milho ou da mandioca, al\u00e9m de \u00e1gua ou caldo de legumes ou frango, manteiga, azeite de oliva e sal.<br \/>\n\u00c9 um prato nutritivo, vers\u00e1til e f\u00e1cil de preparar. Geralmente substitui o arroz ou a quinoa nas refei\u00e7\u00f5es.<\/p>\n<p>Como consumir o Cuzcuz Marroquino?<br \/>\nPode ser consumido acompanhado de doces, carnes, cremes etc.<\/p>\n<p>Quais as propriedades do Cuzcuz Marroquino?<br \/>\nPor conter fibras ajuda no bom funcionamento intestinal e promove a sensa\u00e7\u00e3o de saciedade.<br \/>\nCom o sel\u00eanio em sua composi\u00e7\u00e3o, promove a\u00e7\u00e3o antioxidante, prevenindo o envelhecimento precoce.<\/p>\n<p>Gostou? Fa\u00e7a sua compra agora e receba com todo conforto na sua casa ou trabalho.<\/p>\n","protected":false},"featured_media":415,"comment_status":"open","ping_status":"closed","template":"","meta":[],"product_cat":[63,71],"product_tag":[],"class_list":{"0":"post-414","1":"product","2":"type-product","3":"status-publish","4":"has-post-thumbnail","6":"product_cat-cozinhar-e-temperar","7":"product_cat-temperos-e-especiarias","9":"first","10":"instock","11":"shipping-taxable","12":"product-type-simple"},"supplier_id":null,"supplier_sku":"","barcode":null,"atum_controlled":true,"out_stock_date":null,"out_stock_threshold":null,"inheritable":false,"inbound_stock":null,"stock_on_hold":0,"sold_today":0,"sales_last_days":0,"reserved_stock":null,"customer_returns":null,"warehouse_damage":null,"lost_in_post":null,"other_logs":null,"out_stock_days":0,"lost_sales":0,"has_location":null,"update_date":"2026-04-22T12:24:23","atum_locations":[],"atum_stock_status":"instock","restock_status":false,"low_stock_amount":"","sales_update_date":"2026-04-22T12:24:23","calc_backorders":null,"_links":{"self":[{"href":"https:\/\/emporiodoturquinho.com.br\/index.php?rest_route=\/wp\/v2\/product\/414","targetHints":{"allow":["GET"]}}],"collection":[{"href":"https:\/\/emporiodoturquinho.com.br\/index.php?rest_route=\/wp\/v2\/product"}],"about":[{"href":"https:\/\/emporiodoturquinho.com.br\/index.php?rest_route=\/wp\/v2\/types\/product"}],"replies":[{"embeddable":true,"href":"https:\/\/emporiodoturquinho.com.br\/index.php?rest_route=%2Fwp%2Fv2%2Fcomments&post=414"}],"wp:featuredmedia":[{"embeddable":true,"href":"https:\/\/emporiodoturquinho.com.br\/index.php?rest_route=\/wp\/v2\/media\/415"}],"wp:attachment":[{"href":"https:\/\/emporiodoturquinho.com.br\/index.php?rest_route=%2Fwp%2Fv2%2Fmedia&parent=414"}],"wp:term":[{"taxonomy":"product_cat","embeddable":true,"href":"https:\/\/emporiodoturquinho.com.br\/index.php?rest_route=%2Fwp%2Fv2%2Fproduct_cat&post=414"},{"taxonomy":"product_tag","embeddable":true,"href":"https:\/\/emporiodoturquinho.com.br\/index.php?rest_route=%2Fwp%2Fv2%2Fproduct_tag&post=414"}],"curies":[{"name":"wp","href":"https:\/\/api.w.org\/{rel}","templated":true}]}}