{"id":410,"date":"2024-01-25T13:24:56","date_gmt":"2024-01-25T16:24:56","guid":{"rendered":"http:\/\/emporiodoturquinho.com.br\/?post_type=product&#038;p=410"},"modified":"2024-01-25T13:24:56","modified_gmt":"2024-01-25T16:24:56","slug":"curcuma","status":"publish","type":"product","link":"https:\/\/emporiodoturquinho.com.br\/?product=curcuma","title":{"rendered":"CURCUMA"},"content":{"rendered":"<p>VALORES NUTRICIONAIS Conhe\u00e7a os valores nutricionais deste produto<br \/>\nQuantidade por por\u00e7\u00e3o de 6g (1 Colher de Sopa) %VD(*)<br \/>\nValor Energ\u00e9tico 18Kcal=75.3KJ 1<br \/>\nCarboidratos 3.4g 1<br \/>\nProte\u00ednas 0.6g 1<br \/>\nGorduras Totais 0g 0<br \/>\nGorduras Saturadas 0g 0<br \/>\nGorduras Trans 0g **<br \/>\nFibra Alimentar 1.1g 4<br \/>\nS\u00f3dio 0mg 0<br \/>\n(*)% Valores Di\u00e1rios de refer\u00eancia com base em uma dieta de 2.000 kcal ou 8.400 kJ. Seus valores di\u00e1rios podem ser maiores ou menores dependendo de suas necessidades energ\u00e9ticas.<\/p>\n<p>Ingrediente(s): C\u00farcuma raiz mo\u00edda.<\/p>\n<p>Ap\u00f3s a abertura, mantenha a embalagem bem fechada. Armazene em local fresco e seco.<\/p>\n<p>AL\u00c9RGICOS: PODE CONTER TRA\u00c7OS DE SOJA, NOZES, CASTANHAS E AMENDOINS.<\/p>\n<p>N\u00c3O CONT\u00c9M GL\u00daTEN.<\/p>\n<p>CARACTER\u00cdSTICAS<br \/>\nSem Gl\u00faten: Sim<br \/>\nVegano: Sim<br \/>\nLow Carb: Sim<br \/>\nOrg\u00e2nico: N\u00e3o<br \/>\nLivre Transg\u00eanicos: Sim<br \/>\nSem Lactose: Sim<br \/>\nOrigem: Importado<br \/>\nGranel: Sim<\/p>\n","protected":false},"excerpt":{"rendered":"<p>A c\u00farcuma, chamada no Brasil apenas de a\u00e7afr\u00e3o, \u00e9 uma planta que pertence \u00e0 mesma fam\u00edlia do gengibre (zingiberaceae). O seu sabor ligeiramente amargo e a beleza de sua cor s\u00e3o associados aos do a\u00e7afr\u00e3o verdadeiro, ou seja, o a\u00e7afr\u00e3o-da-terra.<\/p>\n<p>A parte usada como especiaria \u00e9 a raiz da c\u00farcuma, que \u00e9 limpa, seca e mo\u00edda.<\/p>\n<p>PROPRIEDADES DA C\u00daRCUMA PURA EM P\u00d3<br \/>\nA c\u00farcuma \u00e9 rica em compostos qu\u00edmicos importantes, como o \u00f3leo essencial e os compostos curcuminoides, incluindo a curcumina, que \u00e9 respons\u00e1vel pela cor caracter\u00edstica dos rizomas.<\/p>\n<p>BENEF\u00cdCIOS DA C\u00daRCUMA<br \/>\nA c\u00farcuma tem a\u00e7\u00e3o antioxidante que pode ocorrer de diversas maneiras. Um exemplo \u00e9 por meio de aumento da atividade de enzimas antioxidantes e da neutraliza\u00e7\u00e3o de radicais livres.<\/p>\n<p>MAIS SABORES COM A C\u00daRCUMA EM P\u00d3<br \/>\nNormalmente \u00e9 usada para temperar carnes ou legumes, mas pode ser utilizada em ovos, pickles, molhos cremosos, maioneses, massas, frango, peixes, arroz e p\u00e3es. Na paella \u00e9 ela que d\u00e1 todo o gostinho especial&#8230;<\/p>\n<p>Experimente tamb\u00e9m usar a c\u00farcuma no arroz. Ele ficar\u00e1 amarelinho.<\/p>\n<p>Gostou? Fa\u00e7a sua compra agora e receba com todo conforto na sua casa ou trabalho.<\/p>\n","protected":false},"featured_media":411,"comment_status":"open","ping_status":"closed","template":"","meta":[],"product_cat":[63,71],"product_tag":[],"class_list":{"0":"post-410","1":"product","2":"type-product","3":"status-publish","4":"has-post-thumbnail","6":"product_cat-cozinhar-e-temperar","7":"product_cat-temperos-e-especiarias","9":"first","10":"instock","11":"shipping-taxable","12":"product-type-simple"},"supplier_id":null,"supplier_sku":"","barcode":null,"atum_controlled":true,"out_stock_date":null,"out_stock_threshold":null,"inheritable":false,"inbound_stock":null,"stock_on_hold":0,"sold_today":0,"sales_last_days":0,"reserved_stock":null,"customer_returns":null,"warehouse_damage":null,"lost_in_post":null,"other_logs":null,"out_stock_days":0,"lost_sales":0,"has_location":null,"update_date":"2026-04-22T12:24:23","atum_locations":[],"atum_stock_status":"instock","restock_status":false,"low_stock_amount":"","sales_update_date":"2026-04-22T12:24:23","calc_backorders":null,"_links":{"self":[{"href":"https:\/\/emporiodoturquinho.com.br\/index.php?rest_route=\/wp\/v2\/product\/410","targetHints":{"allow":["GET"]}}],"collection":[{"href":"https:\/\/emporiodoturquinho.com.br\/index.php?rest_route=\/wp\/v2\/product"}],"about":[{"href":"https:\/\/emporiodoturquinho.com.br\/index.php?rest_route=\/wp\/v2\/types\/product"}],"replies":[{"embeddable":true,"href":"https:\/\/emporiodoturquinho.com.br\/index.php?rest_route=%2Fwp%2Fv2%2Fcomments&post=410"}],"wp:featuredmedia":[{"embeddable":true,"href":"https:\/\/emporiodoturquinho.com.br\/index.php?rest_route=\/wp\/v2\/media\/411"}],"wp:attachment":[{"href":"https:\/\/emporiodoturquinho.com.br\/index.php?rest_route=%2Fwp%2Fv2%2Fmedia&parent=410"}],"wp:term":[{"taxonomy":"product_cat","embeddable":true,"href":"https:\/\/emporiodoturquinho.com.br\/index.php?rest_route=%2Fwp%2Fv2%2Fproduct_cat&post=410"},{"taxonomy":"product_tag","embeddable":true,"href":"https:\/\/emporiodoturquinho.com.br\/index.php?rest_route=%2Fwp%2Fv2%2Fproduct_tag&post=410"}],"curies":[{"name":"wp","href":"https:\/\/api.w.org\/{rel}","templated":true}]}}