{"id":408,"date":"2024-01-25T13:24:14","date_gmt":"2024-01-25T16:24:14","guid":{"rendered":"http:\/\/emporiodoturquinho.com.br\/?post_type=product&#038;p=408"},"modified":"2024-01-25T13:24:14","modified_gmt":"2024-01-25T16:24:14","slug":"cravo-da-india","status":"publish","type":"product","link":"https:\/\/emporiodoturquinho.com.br\/?product=cravo-da-india","title":{"rendered":"CRAVO DA \u00cdNDIA"},"content":{"rendered":"<p>VALORES NUTRICIONAIS Conhe\u00e7a os valores nutricionais deste produto<br \/>\nQuantidade por por\u00e7\u00e3o de 0g (0 Colher de Sopa) %VD(*)<br \/>\nValor Energ\u00e9tico 0Kcal=0KJ 0<br \/>\nCarboidratos 0g 0<br \/>\nProte\u00ednas 0g 0<br \/>\nGorduras Totais 0g 0<br \/>\nGorduras Saturadas 0g 0<br \/>\nGorduras Trans 0g **<br \/>\nFibra Alimentar 0g 0<br \/>\nS\u00f3dio 0mg 0<br \/>\n(*)% Valores Di\u00e1rios de refer\u00eancia com base em uma dieta de 2.000 kcal ou 8.400 kJ. Seus valores di\u00e1rios podem ser maiores ou menores dependendo de suas necessidades energ\u00e9ticas.<\/p>\n<p>Ingrediente(s): Cravo da \u00cdndia em flor.<\/p>\n<p>Ap\u00f3s a abertura, mantenha a embalagem bem fechada. Armazene em local fresco e seco.<\/p>\n<p>AL\u00c9RGICOS: PODE CONTER TRA\u00c7OS DE SOJA, NOZES, CASTANHAS E AMENDOINS.<\/p>\n<p>N\u00c3O CONT\u00c9M GL\u00daTEN.<\/p>\n<p>CARACTER\u00cdSTICAS<br \/>\nSem Gl\u00faten: Sim<br \/>\nVegano: Sim<br \/>\nLow Carb: Sim<br \/>\nOrg\u00e2nico: N\u00e3o<br \/>\nLivre Transg\u00eanicos: Sim<br \/>\nSem Lactose: Sim<br \/>\nOrigem: Importado<br \/>\nGranel: Sim<\/p>\n","protected":false},"excerpt":{"rendered":"<p>O Cravo da \u00cdndia \u00e9 o bot\u00e3o da flor de cravo seco, \u00e9 utilizado como especiaria desde a antiguidade, empregado na culin\u00e1ria e na fabrica\u00e7\u00e3o de medicamentos.<\/p>\n<p>Era uma das mercadorias, entre as especiarias da China, que motivaram in\u00fameras viagens de navegadores europeus para o continente asi\u00e1tico!<\/p>\n<p>Que vitaminas tem o Cravo da \u00cdndia?<br \/>\nO Cravo da \u00cdndia possui uma boa fonte de nutrientes, como vitamina A, vitamina E e beta-caroteno. Possui interessante concentra\u00e7\u00e3o de compostos fen\u00f3licos, o que confere uma potente a\u00e7\u00e3o antioxidante, protegendo o organismo de alguns tipos de doen\u00e7as.<\/p>\n<p>Quais s\u00e3o as subst\u00e2ncias do Cravo da \u00cdndia?<br \/>\nO componente respons\u00e1vel pelo aroma do cravo-da-\u00cdndia \u00e9 o eugenol, pode ser utilizado em forma de ch\u00e1, \u00f3leos e infus\u00e3o.<\/p>\n<p>O Cravo da \u00cdndia al\u00e9m de ser um condimento altamente arom\u00e1tico, tamb\u00e9m \u00e9 bastante utilizado para fins est\u00e9ticos, como no preparo de \u00f3leos, na mastiga\u00e7\u00e3o do cravo que pode melhorar o mau h\u00e1lito, al\u00e9m de servir de um bom repelente para insetos!<\/p>\n<p>Gostou? Fa\u00e7a sua compra agora e receba com todo conforto na sua casa ou trabalho.<\/p>\n","protected":false},"featured_media":409,"comment_status":"open","ping_status":"closed","template":"","meta":[],"product_cat":[63,71],"product_tag":[],"class_list":{"0":"post-408","1":"product","2":"type-product","3":"status-publish","4":"has-post-thumbnail","6":"product_cat-cozinhar-e-temperar","7":"product_cat-temperos-e-especiarias","9":"first","10":"instock","11":"shipping-taxable","12":"product-type-simple"},"supplier_id":null,"supplier_sku":"","barcode":null,"atum_controlled":true,"out_stock_date":null,"out_stock_threshold":null,"inheritable":false,"inbound_stock":null,"stock_on_hold":0,"sold_today":0,"sales_last_days":0,"reserved_stock":null,"customer_returns":null,"warehouse_damage":null,"lost_in_post":null,"other_logs":null,"out_stock_days":0,"lost_sales":0,"has_location":null,"update_date":"2026-04-22T12:24:23","atum_locations":[],"atum_stock_status":"instock","restock_status":false,"low_stock_amount":"","sales_update_date":"2026-04-22T12:24:23","calc_backorders":null,"_links":{"self":[{"href":"https:\/\/emporiodoturquinho.com.br\/index.php?rest_route=\/wp\/v2\/product\/408","targetHints":{"allow":["GET"]}}],"collection":[{"href":"https:\/\/emporiodoturquinho.com.br\/index.php?rest_route=\/wp\/v2\/product"}],"about":[{"href":"https:\/\/emporiodoturquinho.com.br\/index.php?rest_route=\/wp\/v2\/types\/product"}],"replies":[{"embeddable":true,"href":"https:\/\/emporiodoturquinho.com.br\/index.php?rest_route=%2Fwp%2Fv2%2Fcomments&post=408"}],"wp:featuredmedia":[{"embeddable":true,"href":"https:\/\/emporiodoturquinho.com.br\/index.php?rest_route=\/wp\/v2\/media\/409"}],"wp:attachment":[{"href":"https:\/\/emporiodoturquinho.com.br\/index.php?rest_route=%2Fwp%2Fv2%2Fmedia&parent=408"}],"wp:term":[{"taxonomy":"product_cat","embeddable":true,"href":"https:\/\/emporiodoturquinho.com.br\/index.php?rest_route=%2Fwp%2Fv2%2Fproduct_cat&post=408"},{"taxonomy":"product_tag","embeddable":true,"href":"https:\/\/emporiodoturquinho.com.br\/index.php?rest_route=%2Fwp%2Fv2%2Fproduct_tag&post=408"}],"curies":[{"name":"wp","href":"https:\/\/api.w.org\/{rel}","templated":true}]}}