{"id":395,"date":"2024-01-25T13:19:21","date_gmt":"2024-01-25T16:19:21","guid":{"rendered":"http:\/\/emporiodoturquinho.com.br\/?post_type=product&#038;p=395"},"modified":"2024-01-25T13:19:21","modified_gmt":"2024-01-25T16:19:21","slug":"catuaba-em-po","status":"publish","type":"product","link":"https:\/\/emporiodoturquinho.com.br\/?product=catuaba-em-po","title":{"rendered":"CATUABA EM P\u00d3"},"content":{"rendered":"<p>VALORES NUTRICIONAIS Conhe\u00e7a os valores nutricionais deste produto<br \/>\nQuantidade por por\u00e7\u00e3o de 0g (0 Colheres de Sopa) %VD(*)<br \/>\nValor Energ\u00e9tico 0Kcal=0KJ 0<br \/>\nCarboidratos 0g 0<br \/>\nProte\u00ednas 0g 0<br \/>\nGorduras Totais 0g 0<br \/>\nGorduras Saturadas 0g 0<br \/>\nGorduras Trans 0g **<br \/>\nFibra Alimentar 0g 0<br \/>\nS\u00f3dio 0mg 0<br \/>\n(*)% Valores Di\u00e1rios de refer\u00eancia com base em uma dieta de 2.000 kcal ou 8.400 kJ. Seus valores di\u00e1rios podem ser maiores ou menores dependendo de suas necessidades energ\u00e9ticas.<\/p>\n<p>Ingrediente(s): Casca de catuaba em p\u00f3 (Trichilia catigua Juss).<\/p>\n<p>AL\u00c9RGICOS: PODE CONTER TRA\u00c7OS DE SOJA, NOZES, CASTANHAS E AMENDOINS.<\/p>\n<p>N\u00c3O CONT\u00c9M GL\u00daTEN.<\/p>\n<p>CARACTER\u00cdSTICAS<br \/>\nSem Gl\u00faten: Sim<br \/>\nVegano: Sim<br \/>\nLow Carb: Sim<br \/>\nOrg\u00e2nico: N\u00e3o<br \/>\nLivre Transg\u00eanicos: Sim<br \/>\nSem Lactose: Sim<br \/>\nOrigem: Nacional<br \/>\nGranel: Sim<\/p>\n","protected":false},"excerpt":{"rendered":"<p>Origin\u00e1ria do Brasil, a Catuaba possui o nome cient\u00edfico Anemopaegma mirandum. \u00c9 encontrada em diversas regi\u00f5es do pa\u00eds como uma \u00e1rvore de porte pequeno \u2013 atinge no m\u00e1ximo 03 metros \u2013 podendo haver varia\u00e7\u00f5es. A catuaba em p\u00f3 \u00e9 constitu\u00edda de catuabina, fitoester\u00f3is, antioxidantes, flavon\u00f3ides, taninos, resinas e lip\u00eddeos.<\/p>\n<p>Como preparar o ch\u00e1 de Catuaba em P\u00f3?<br \/>\nA Catuaba em P\u00f3 pode ser consumida atrav\u00e9s de decoc\u00e7\u00e3o, ou seja, fervendo o p\u00f3 junto com \u00e1gua durante alguns minutos. Recomenda-se acrescentar uma pequena colher de ch\u00e1 de suco de lim\u00e3o. A decoc\u00e7\u00e3o da catuaba libera alcaloides e taninos.<\/p>\n<p>Quais as propriedades e benef\u00edcios da Catuaba em P\u00f3?<br \/>\nA Catuaba possui capacidade de aumentar o \u00f3xido n\u00edtrico (NO), ou seja, possui efeitos vasorelaxantes. \u00c9 popularmente consumida para ajudar no combate ao cansa\u00e7o, falta de mem\u00f3ria, entre outros usos.<\/p>\n<p>Gostou? Fa\u00e7a sua compra agora e receba com todo conforto na sua casa ou trabalho.<\/p>\n","protected":false},"featured_media":396,"comment_status":"open","ping_status":"closed","template":"","meta":[],"product_cat":[63,71],"product_tag":[],"class_list":{"0":"post-395","1":"product","2":"type-product","3":"status-publish","4":"has-post-thumbnail","6":"product_cat-cozinhar-e-temperar","7":"product_cat-temperos-e-especiarias","9":"first","10":"instock","11":"shipping-taxable","12":"product-type-simple"},"supplier_id":null,"supplier_sku":"","barcode":null,"atum_controlled":true,"out_stock_date":null,"out_stock_threshold":null,"inheritable":false,"inbound_stock":null,"stock_on_hold":0,"sold_today":0,"sales_last_days":0,"reserved_stock":null,"customer_returns":null,"warehouse_damage":null,"lost_in_post":null,"other_logs":null,"out_stock_days":0,"lost_sales":0,"has_location":null,"update_date":"2026-04-22T12:24:23","atum_locations":[],"atum_stock_status":"instock","restock_status":false,"low_stock_amount":"","sales_update_date":"2026-04-22T12:24:23","calc_backorders":null,"_links":{"self":[{"href":"https:\/\/emporiodoturquinho.com.br\/index.php?rest_route=\/wp\/v2\/product\/395","targetHints":{"allow":["GET"]}}],"collection":[{"href":"https:\/\/emporiodoturquinho.com.br\/index.php?rest_route=\/wp\/v2\/product"}],"about":[{"href":"https:\/\/emporiodoturquinho.com.br\/index.php?rest_route=\/wp\/v2\/types\/product"}],"replies":[{"embeddable":true,"href":"https:\/\/emporiodoturquinho.com.br\/index.php?rest_route=%2Fwp%2Fv2%2Fcomments&post=395"}],"wp:featuredmedia":[{"embeddable":true,"href":"https:\/\/emporiodoturquinho.com.br\/index.php?rest_route=\/wp\/v2\/media\/396"}],"wp:attachment":[{"href":"https:\/\/emporiodoturquinho.com.br\/index.php?rest_route=%2Fwp%2Fv2%2Fmedia&parent=395"}],"wp:term":[{"taxonomy":"product_cat","embeddable":true,"href":"https:\/\/emporiodoturquinho.com.br\/index.php?rest_route=%2Fwp%2Fv2%2Fproduct_cat&post=395"},{"taxonomy":"product_tag","embeddable":true,"href":"https:\/\/emporiodoturquinho.com.br\/index.php?rest_route=%2Fwp%2Fv2%2Fproduct_tag&post=395"}],"curies":[{"name":"wp","href":"https:\/\/api.w.org\/{rel}","templated":true}]}}