{"id":393,"date":"2024-01-25T13:18:44","date_gmt":"2024-01-25T16:18:44","guid":{"rendered":"http:\/\/emporiodoturquinho.com.br\/?post_type=product&#038;p=393"},"modified":"2024-01-25T13:18:44","modified_gmt":"2024-01-25T16:18:44","slug":"cardamomo-em-po","status":"publish","type":"product","link":"https:\/\/emporiodoturquinho.com.br\/?product=cardamomo-em-po","title":{"rendered":"CARDAMOMO EM P\u00d3"},"content":{"rendered":"<p>VALORES NUTRICIONAIS Conhe\u00e7a os valores nutricionais deste produto<br \/>\nQuantidade por por\u00e7\u00e3o de 6g (1 Colher de Sopa) %VD(*)<br \/>\nValor Energ\u00e9tico 17Kcal=71.1KJ 1<br \/>\nCarboidratos 2.2g 1<br \/>\nProte\u00ednas 0.4g 1<br \/>\nGorduras Totais 0.8g 1<br \/>\nGorduras Saturadas 0.1g 0<br \/>\nGorduras Trans 0g **<br \/>\nFibra Alimentar 0.2g 1<br \/>\nS\u00f3dio 17mg 1<br \/>\n(*)% Valores Di\u00e1rios de refer\u00eancia com base em uma dieta de 2.000 kcal ou 8.400 kJ. Seus valores di\u00e1rios podem ser maiores ou menores dependendo de suas necessidades energ\u00e9ticas.<\/p>\n<p>Ingrediente(s): Semente de cardamomo mo\u00edda.<\/p>\n<p>AL\u00c9RGICOS: PODE CONTER TRA\u00c7OS DE SOJA, NOZES, CASTANHAS E AMENDOINS.<\/p>\n<p>N\u00c3O CONT\u00c9M GL\u00daTEN.<\/p>\n<p>CARACTER\u00cdSTICAS<br \/>\nSem Gl\u00faten: Sim<br \/>\nVegano: Sim<br \/>\nLow Carb: Sim<br \/>\nOrg\u00e2nico: N\u00e3o<br \/>\nLivre Transg\u00eanicos: Sim<br \/>\nSem Lactose: Sim<br \/>\nOrigem: Importado<br \/>\nGranel: Sim<\/p>\n","protected":false},"excerpt":{"rendered":"<p>Muito popular na culin\u00e1ria indiana e do Oriente m\u00e9dio, o cardamomo tem um sabor muito complexo, apresenta um leve frescor de menta, sendo picante e c\u00edtrico, com notas de terra, muito comumente associado as ervas. Tamb\u00e9m se mostra um ingrediente muito arom\u00e1tico.<\/p>\n<p>Formas de utiliza\u00e7\u00e3o do Cardamomo Mo\u00eddo:<br \/>\nPor conta dessas suas caracter\u00edsticas o cardamomo \u00e9 frequentemente utilizado em pratos doces e salgados. Pode ser encontrado em receitas de bolos, biscoitos, p\u00e3es. Tamb\u00e9m pode ser combinado a frutas legumes e carnes, chegando at\u00e9 a ser adicionado a algumas bebidas, como caf\u00e9s e ch\u00e1s.<\/p>\n<p>\u00c9 importante lembrar que seu sabor \u00e9 intenso, ent\u00e3o devemos tomar cuidado para que ele n\u00e3o se sobressaia aos demais ingredientes.<\/p>\n<p>Benef\u00edcios do Cardamomo Mo\u00eddo:<br \/>\nO cardamomo est\u00e1 muito ligado ao gengibre e pode ser utilizado da mesma maneira no aux\u00edlio de problemas relacionados a digest\u00e3o.<\/p>\n<p>Gostou? Fa\u00e7a sua compra agora e receba com todo conforto na sua casa ou trabalho.<\/p>\n","protected":false},"featured_media":394,"comment_status":"open","ping_status":"closed","template":"","meta":[],"product_cat":[63,71],"product_tag":[],"class_list":{"0":"post-393","1":"product","2":"type-product","3":"status-publish","4":"has-post-thumbnail","6":"product_cat-cozinhar-e-temperar","7":"product_cat-temperos-e-especiarias","9":"first","10":"instock","11":"shipping-taxable","12":"product-type-simple"},"supplier_id":null,"supplier_sku":"","barcode":null,"atum_controlled":true,"out_stock_date":null,"out_stock_threshold":null,"inheritable":false,"inbound_stock":null,"stock_on_hold":0,"sold_today":0,"sales_last_days":0,"reserved_stock":null,"customer_returns":null,"warehouse_damage":null,"lost_in_post":null,"other_logs":null,"out_stock_days":0,"lost_sales":0,"has_location":null,"update_date":"2026-04-22T12:24:23","atum_locations":[],"atum_stock_status":"instock","restock_status":false,"low_stock_amount":"","sales_update_date":"2026-04-22T12:24:23","calc_backorders":null,"_links":{"self":[{"href":"https:\/\/emporiodoturquinho.com.br\/index.php?rest_route=\/wp\/v2\/product\/393","targetHints":{"allow":["GET"]}}],"collection":[{"href":"https:\/\/emporiodoturquinho.com.br\/index.php?rest_route=\/wp\/v2\/product"}],"about":[{"href":"https:\/\/emporiodoturquinho.com.br\/index.php?rest_route=\/wp\/v2\/types\/product"}],"replies":[{"embeddable":true,"href":"https:\/\/emporiodoturquinho.com.br\/index.php?rest_route=%2Fwp%2Fv2%2Fcomments&post=393"}],"wp:featuredmedia":[{"embeddable":true,"href":"https:\/\/emporiodoturquinho.com.br\/index.php?rest_route=\/wp\/v2\/media\/394"}],"wp:attachment":[{"href":"https:\/\/emporiodoturquinho.com.br\/index.php?rest_route=%2Fwp%2Fv2%2Fmedia&parent=393"}],"wp:term":[{"taxonomy":"product_cat","embeddable":true,"href":"https:\/\/emporiodoturquinho.com.br\/index.php?rest_route=%2Fwp%2Fv2%2Fproduct_cat&post=393"},{"taxonomy":"product_tag","embeddable":true,"href":"https:\/\/emporiodoturquinho.com.br\/index.php?rest_route=%2Fwp%2Fv2%2Fproduct_tag&post=393"}],"curies":[{"name":"wp","href":"https:\/\/api.w.org\/{rel}","templated":true}]}}