{"id":389,"date":"2024-01-25T13:17:14","date_gmt":"2024-01-25T16:17:14","guid":{"rendered":"http:\/\/emporiodoturquinho.com.br\/?post_type=product&#038;p=389"},"modified":"2024-01-25T13:17:14","modified_gmt":"2024-01-25T16:17:14","slug":"canela-em-pau","status":"publish","type":"product","link":"https:\/\/emporiodoturquinho.com.br\/?product=canela-em-pau","title":{"rendered":"CANELA EM PAU"},"content":{"rendered":"<p>VALORES NUTRICIONAIS Conhe\u00e7a os valores nutricionais deste produto<br \/>\nQuantidade por por\u00e7\u00e3o de 0g (0 Colher de Sopa) %VD(*)<br \/>\nValor Energ\u00e9tico 167Kcal=698KJ 0<br \/>\nCarboidratos 0g 0<br \/>\nProte\u00ednas 0g 0<br \/>\nGorduras Totais 0g 0<br \/>\nGorduras Saturadas 0g 0<br \/>\nGorduras Trans 0g **<br \/>\nFibra Alimentar 0g 0<br \/>\nS\u00f3dio 0mg 0<br \/>\n(*)% Valores Di\u00e1rios de refer\u00eancia com base em uma dieta de 2.000 kcal ou 8.400 kJ. Seus valores di\u00e1rios podem ser maiores ou menores dependendo de suas necessidades energ\u00e9ticas.<\/p>\n<p>Ingrediente(s): Canela em pau.<\/p>\n<p>AL\u00c9RGICOS: PODE CONTER TRA\u00c7OS DE SOJA, NOZES, CASTANHAS E AMENDOINS.<\/p>\n<p>N\u00c3O CONT\u00c9M GL\u00daTEN.<\/p>\n<p>CARACTER\u00cdSTICAS<br \/>\nSem Gl\u00faten: Sim<br \/>\nVegano: Sim<br \/>\nLow Carb: Sim<br \/>\nOrg\u00e2nico: N\u00e3o<br \/>\nLivre Transg\u00eanicos: Sim<br \/>\nSem Lactose: Sim<br \/>\nOrigem: Importado<br \/>\nGranel: Sim<\/p>\n","protected":false},"excerpt":{"rendered":"<p>A Canela em Pau Cinnamomum Burmanni \u00e9 obtida por meio do tronco da caneleira, uma \u00e1rvore que tem seus galhos secos separados de suas \u201ccascas\u201d de cor marrom-avermelhadas, muito perfumadas.<\/p>\n<p>Quais s\u00e3o os benef\u00edcios da Canela em Pau?<br \/>\nA Canela em Pau \u00e9 rica em compostos fen\u00f3licos que possuem a\u00e7\u00e3o antioxidante e minerais como o cromo, que auxilia no controle da glicemia.<\/p>\n<p>Usos da Canela em Pau<br \/>\nA principal aplica\u00e7\u00e3o da Canela em Pau \u00e9 como condimento e aromatizante na culin\u00e1ria popular. O seu componente ativo \u00e9 o alde\u00eddo cin\u00e2mico ou cinamalde\u00eddo. Essa \u00e9 a subst\u00e2ncia respons\u00e1vel pelo odor caracter\u00edstico da canela.<\/p>\n<p>Como fazer o ch\u00e1 de Canela em Pau?<br \/>\nVoc\u00ea precisar\u00e1 de 2 paus de canela ou 2 colheres de ch\u00e1 de canela em p\u00f3 e 2 x\u00edcaras de \u00e1gua. Deixe a mistura fever por cinco minutos. Retire a canela em pau ou coe a canela em p\u00f3 e beba.<\/p>\n<p>Gostou? Fa\u00e7a sua compra agora e receba com todo conforto na sua casa ou trabalho.<\/p>\n","protected":false},"featured_media":390,"comment_status":"open","ping_status":"closed","template":"","meta":[],"product_cat":[63,71],"product_tag":[],"class_list":{"0":"post-389","1":"product","2":"type-product","3":"status-publish","4":"has-post-thumbnail","6":"product_cat-cozinhar-e-temperar","7":"product_cat-temperos-e-especiarias","9":"first","10":"instock","11":"shipping-taxable","12":"product-type-simple"},"supplier_id":null,"supplier_sku":"","barcode":null,"atum_controlled":true,"out_stock_date":null,"out_stock_threshold":null,"inheritable":false,"inbound_stock":null,"stock_on_hold":0,"sold_today":0,"sales_last_days":0,"reserved_stock":null,"customer_returns":null,"warehouse_damage":null,"lost_in_post":null,"other_logs":null,"out_stock_days":0,"lost_sales":0,"has_location":null,"update_date":"2026-04-22T12:24:23","atum_locations":[],"atum_stock_status":"instock","restock_status":false,"low_stock_amount":"","sales_update_date":"2026-04-22T12:24:23","calc_backorders":null,"_links":{"self":[{"href":"https:\/\/emporiodoturquinho.com.br\/index.php?rest_route=\/wp\/v2\/product\/389","targetHints":{"allow":["GET"]}}],"collection":[{"href":"https:\/\/emporiodoturquinho.com.br\/index.php?rest_route=\/wp\/v2\/product"}],"about":[{"href":"https:\/\/emporiodoturquinho.com.br\/index.php?rest_route=\/wp\/v2\/types\/product"}],"replies":[{"embeddable":true,"href":"https:\/\/emporiodoturquinho.com.br\/index.php?rest_route=%2Fwp%2Fv2%2Fcomments&post=389"}],"wp:featuredmedia":[{"embeddable":true,"href":"https:\/\/emporiodoturquinho.com.br\/index.php?rest_route=\/wp\/v2\/media\/390"}],"wp:attachment":[{"href":"https:\/\/emporiodoturquinho.com.br\/index.php?rest_route=%2Fwp%2Fv2%2Fmedia&parent=389"}],"wp:term":[{"taxonomy":"product_cat","embeddable":true,"href":"https:\/\/emporiodoturquinho.com.br\/index.php?rest_route=%2Fwp%2Fv2%2Fproduct_cat&post=389"},{"taxonomy":"product_tag","embeddable":true,"href":"https:\/\/emporiodoturquinho.com.br\/index.php?rest_route=%2Fwp%2Fv2%2Fproduct_tag&post=389"}],"curies":[{"name":"wp","href":"https:\/\/api.w.org\/{rel}","templated":true}]}}