{"id":387,"date":"2024-01-25T13:16:36","date_gmt":"2024-01-25T16:16:36","guid":{"rendered":"http:\/\/emporiodoturquinho.com.br\/?post_type=product&#038;p=387"},"modified":"2024-01-25T13:16:36","modified_gmt":"2024-01-25T16:16:36","slug":"caldo-de-bacon-em-po","status":"publish","type":"product","link":"https:\/\/emporiodoturquinho.com.br\/?product=caldo-de-bacon-em-po","title":{"rendered":"CALDO DE BACON EM P\u00d3"},"content":{"rendered":"<p>VALORES NUTRICIONAIS Conhe\u00e7a os valores nutricionais deste produto<br \/>\nQuantidade por por\u00e7\u00e3o de 4,75g (1 e 1\/2 Colher de Sopa) %VD(*)<br \/>\nValor Energ\u00e9tico 15Kcal=63KJ 1<br \/>\nCarboidratos 1.3g 0<br \/>\nProte\u00ednas 0g 0<br \/>\nGorduras Totais 1g 2<br \/>\nGorduras Saturadas 0.7g 3<br \/>\nGorduras Trans 0g **<br \/>\nFibra Alimentar 0g 0<br \/>\nS\u00f3dio 865mg 36<br \/>\n(*)% Valores Di\u00e1rios de refer\u00eancia com base em uma dieta de 2.000 kcal ou 8.400 kJ. Seus valores di\u00e1rios podem ser maiores ou menores dependendo de suas necessidades energ\u00e9ticas.<\/p>\n<p>Ingrediente(s): Sal, gordura vegetal e de bacon, amido de milho, cebola em p\u00f3, louro em p\u00f3, alho em p\u00f3, salsa moida, real\u00e7ador de sabor glutamato monoss\u00f3dico, urucum e corante caramelo.<\/p>\n<p>AL\u00c9RGICOS: PODE CONTER TRA\u00c7OS DE SOJA, NOZES, CASTANHAS E AMENDOINS.<\/p>\n<p>N\u00c3O CONT\u00c9M GL\u00daTEN.<\/p>\n<p>CARACTER\u00cdSTICAS<br \/>\nSem Gl\u00faten: Sim<br \/>\nVegano: N\u00e3o<br \/>\nLow Carb: N\u00e3o<br \/>\nOrg\u00e2nico: N\u00e3o<br \/>\nLivre Transg\u00eanicos: N\u00e3o<br \/>\nSem Lactose: Sim<br \/>\nOrigem: Nacional<br \/>\nGranel: Sim<\/p>\n","protected":false},"excerpt":{"rendered":"<p>O caldo de bacon em p\u00f3 \u00e9 um ingrediente que dar\u00e1 um gostinho especial em suas refei\u00e7\u00f5es e todos ir\u00e3o adorar! Deixa suas receitas ainda mais gostosas e proporcione muita praticidade para o seu dia a dia.<\/p>\n<p>Utilize nas prepara\u00e7\u00f5es de caldos, sopas, feijoada, feij\u00e3o, molhos, carnes cozidas, massas de salgadinhos, recheios de tortas e muitas outras receitas.<\/p>\n<p>Gostou? Fa\u00e7a sua compra agora e receba com todo conforto na sua casa ou trabalho.<\/p>\n","protected":false},"featured_media":388,"comment_status":"open","ping_status":"closed","template":"","meta":[],"product_cat":[63,71],"product_tag":[],"class_list":{"0":"post-387","1":"product","2":"type-product","3":"status-publish","4":"has-post-thumbnail","6":"product_cat-cozinhar-e-temperar","7":"product_cat-temperos-e-especiarias","9":"first","10":"instock","11":"shipping-taxable","12":"product-type-simple"},"supplier_id":null,"supplier_sku":"","barcode":null,"atum_controlled":true,"out_stock_date":null,"out_stock_threshold":null,"inheritable":false,"inbound_stock":null,"stock_on_hold":0,"sold_today":0,"sales_last_days":0,"reserved_stock":null,"customer_returns":null,"warehouse_damage":null,"lost_in_post":null,"other_logs":null,"out_stock_days":0,"lost_sales":0,"has_location":null,"update_date":"2026-04-22T12:24:23","atum_locations":[],"atum_stock_status":"instock","restock_status":false,"low_stock_amount":"","sales_update_date":"2026-04-22T12:24:23","calc_backorders":null,"_links":{"self":[{"href":"https:\/\/emporiodoturquinho.com.br\/index.php?rest_route=\/wp\/v2\/product\/387","targetHints":{"allow":["GET"]}}],"collection":[{"href":"https:\/\/emporiodoturquinho.com.br\/index.php?rest_route=\/wp\/v2\/product"}],"about":[{"href":"https:\/\/emporiodoturquinho.com.br\/index.php?rest_route=\/wp\/v2\/types\/product"}],"replies":[{"embeddable":true,"href":"https:\/\/emporiodoturquinho.com.br\/index.php?rest_route=%2Fwp%2Fv2%2Fcomments&post=387"}],"wp:featuredmedia":[{"embeddable":true,"href":"https:\/\/emporiodoturquinho.com.br\/index.php?rest_route=\/wp\/v2\/media\/388"}],"wp:attachment":[{"href":"https:\/\/emporiodoturquinho.com.br\/index.php?rest_route=%2Fwp%2Fv2%2Fmedia&parent=387"}],"wp:term":[{"taxonomy":"product_cat","embeddable":true,"href":"https:\/\/emporiodoturquinho.com.br\/index.php?rest_route=%2Fwp%2Fv2%2Fproduct_cat&post=387"},{"taxonomy":"product_tag","embeddable":true,"href":"https:\/\/emporiodoturquinho.com.br\/index.php?rest_route=%2Fwp%2Fv2%2Fproduct_tag&post=387"}],"curies":[{"name":"wp","href":"https:\/\/api.w.org\/{rel}","templated":true}]}}