{"id":385,"date":"2024-01-25T13:15:50","date_gmt":"2024-01-25T16:15:50","guid":{"rendered":"http:\/\/emporiodoturquinho.com.br\/?post_type=product&#038;p=385"},"modified":"2024-01-25T13:15:50","modified_gmt":"2024-01-25T16:15:50","slug":"alho-em-po","status":"publish","type":"product","link":"https:\/\/emporiodoturquinho.com.br\/?product=alho-em-po","title":{"rendered":"ALHO EM P\u00d3"},"content":{"rendered":"<p>VALORES NUTRICIONAIS Conhe\u00e7a os valores nutricionais deste produto<br \/>\nQuantidade por por\u00e7\u00e3o de 50g (1\/2 X\u00edcara) %VD(*)<br \/>\nValor Energ\u00e9tico 144Kcal=600KJ 7<br \/>\nCarboidratos 6.5g 2<br \/>\nProte\u00ednas 1.3g 2<br \/>\nGorduras Totais 13g 23<br \/>\nGorduras Saturadas 0g 0<br \/>\nGorduras Trans 0g **<br \/>\nFibra Alimentar 0g 0<br \/>\nS\u00f3dio 80mg 3<br \/>\n(*)% Valores Di\u00e1rios de refer\u00eancia com base em uma dieta de 2.000 kcal ou 8.400 kJ. Seus valores di\u00e1rios podem ser maiores ou menores dependendo de suas necessidades energ\u00e9ticas.<\/p>\n<p>Ingrediente(s): Alho em p\u00f3.<\/p>\n<p>Ap\u00f3s abertura da embalagem, mantenha bem fechada, armazenando-a em local fresco e seco.<\/p>\n<p>AL\u00c9RGICOS: PODE CONTER TRA\u00c7OS DE SOJA, NOZES, CASTANHAS E AMENDOINS.<\/p>\n<p>N\u00c3O CONT\u00c9M GL\u00daTEN.<\/p>\n<p>CARACTER\u00cdSTICAS<br \/>\nSem Gl\u00faten: Sim<br \/>\nVegano: Sim<br \/>\nLow Carb: Sim<br \/>\nOrg\u00e2nico: N\u00e3o<br \/>\nLivre Transg\u00eanicos: Sim<br \/>\nSem Lactose: Sim<br \/>\nOrigem: Importado<br \/>\nGranel: Sim<\/p>\n","protected":false},"excerpt":{"rendered":"<p>O alho \u00e9 um tempero muito utilizado e essencial na culin\u00e1ria. Al\u00e9m do sabor t\u00e3o caracter\u00edstico, a vers\u00e3o em p\u00f3 \u00e9 pr\u00e1tica, saud\u00e1vel e muito vers\u00e1til.<\/p>\n<p>O alho em p\u00f3 trata-se da vers\u00e3o mo\u00edda e desidratada do alho natural e inteiro, aquele que acostumamos a ver entre os temperos da cozinha, fatiado e descascado.<\/p>\n<p>O que o alho tem de bom em termos nutricionais?<br \/>\nEle \u00e9 composto por vitaminas A, C, E e do complexo B. Tamb\u00e9m \u00e9 rico em minerais como enxofre, sil\u00edcio, ferro, sel\u00eanio, c\u00e1lcio, cromo e, para completar a fam\u00edlia, ainda tem os amino\u00e1cidos como adenosina e enzimas.<\/p>\n<p>Benef\u00edcios<br \/>\n. Tem a\u00e7\u00e3o antioxidante;<br \/>\n. Ajuda a fortalecer o sistema imune.<\/p>\n<p>Como consumir o Alho em p\u00f3?<br \/>\nO alho em p\u00f3 pode ser um excelente substituto para o alho fresco.<\/p>\n<p>Mais Sabor com o Alho em p\u00f3<br \/>\nVoc\u00ea pode usar o alho em p\u00f3 em sopas, caldos, refogados, cremes, pat\u00eas e molhos, al\u00e9m de outras receitas do dia a dia como as de arroz, feij\u00e3o, panquecas, farofinhas crocantes, entre outras.<\/p>\n<p>Gostou? Fa\u00e7a sua compra agora e receba com todo conforto na sua casa ou trabalho.<\/p>\n","protected":false},"featured_media":386,"comment_status":"open","ping_status":"closed","template":"","meta":[],"product_cat":[63,71],"product_tag":[],"class_list":{"0":"post-385","1":"product","2":"type-product","3":"status-publish","4":"has-post-thumbnail","6":"product_cat-cozinhar-e-temperar","7":"product_cat-temperos-e-especiarias","9":"first","10":"instock","11":"shipping-taxable","12":"product-type-simple"},"supplier_id":null,"supplier_sku":"","barcode":null,"atum_controlled":true,"out_stock_date":null,"out_stock_threshold":null,"inheritable":false,"inbound_stock":0,"stock_on_hold":0,"sold_today":0,"sales_last_days":0,"reserved_stock":0,"customer_returns":0,"warehouse_damage":0,"lost_in_post":0,"other_logs":0,"out_stock_days":0,"lost_sales":0,"has_location":false,"update_date":"2026-04-22T12:24:23","atum_locations":[],"atum_stock_status":"instock","restock_status":false,"low_stock_amount":"","sales_update_date":"2026-04-22T12:24:23","calc_backorders":null,"_links":{"self":[{"href":"https:\/\/emporiodoturquinho.com.br\/index.php?rest_route=\/wp\/v2\/product\/385","targetHints":{"allow":["GET"]}}],"collection":[{"href":"https:\/\/emporiodoturquinho.com.br\/index.php?rest_route=\/wp\/v2\/product"}],"about":[{"href":"https:\/\/emporiodoturquinho.com.br\/index.php?rest_route=\/wp\/v2\/types\/product"}],"replies":[{"embeddable":true,"href":"https:\/\/emporiodoturquinho.com.br\/index.php?rest_route=%2Fwp%2Fv2%2Fcomments&post=385"}],"wp:featuredmedia":[{"embeddable":true,"href":"https:\/\/emporiodoturquinho.com.br\/index.php?rest_route=\/wp\/v2\/media\/386"}],"wp:attachment":[{"href":"https:\/\/emporiodoturquinho.com.br\/index.php?rest_route=%2Fwp%2Fv2%2Fmedia&parent=385"}],"wp:term":[{"taxonomy":"product_cat","embeddable":true,"href":"https:\/\/emporiodoturquinho.com.br\/index.php?rest_route=%2Fwp%2Fv2%2Fproduct_cat&post=385"},{"taxonomy":"product_tag","embeddable":true,"href":"https:\/\/emporiodoturquinho.com.br\/index.php?rest_route=%2Fwp%2Fv2%2Fproduct_tag&post=385"}],"curies":[{"name":"wp","href":"https:\/\/api.w.org\/{rel}","templated":true}]}}