{"id":383,"date":"2024-01-25T13:15:04","date_gmt":"2024-01-25T16:15:04","guid":{"rendered":"http:\/\/emporiodoturquinho.com.br\/?post_type=product&#038;p=383"},"modified":"2024-01-25T13:15:04","modified_gmt":"2024-01-25T16:15:04","slug":"alecrim-desidratado","status":"publish","type":"product","link":"https:\/\/emporiodoturquinho.com.br\/?product=alecrim-desidratado","title":{"rendered":"ALECRIM DESIDRATADO"},"content":{"rendered":"<p>VALORES NUTRICIONAIS Conhe\u00e7a os valores nutricionais deste produto<br \/>\nQuantidade por por\u00e7\u00e3o de 0g (0 Colher de Sopa) %VD(*)<br \/>\nValor Energ\u00e9tico 0Kcal=0KJ 0<br \/>\nCarboidratos 0g 0<br \/>\nProte\u00ednas 0g 0<br \/>\nGorduras Totais 0g 0<br \/>\nGorduras Saturadas 0g 0<br \/>\nGorduras Trans 0g **<br \/>\nFibra Alimentar 0g 0<br \/>\nS\u00f3dio 0mg 0<br \/>\n(*)% Valores Di\u00e1rios de refer\u00eancia com base em uma dieta de 2.000 kcal ou 8.400 kJ. Seus valores di\u00e1rios podem ser maiores ou menores dependendo de suas necessidades energ\u00e9ticas.<\/p>\n<p>Ingrediente(s): Alecrim (Rosmarinus officinalis).<\/p>\n<p>Ap\u00f3s abertura da embalagem, mantenha bem fechada, armazenando-a em local fresco e seco.<\/p>\n<p>AL\u00c9RGICOS: PODE CONTER TRA\u00c7OS DE SOJA, NOZES, CASTANHAS E AMENDOINS.<\/p>\n<p>N\u00c3O CONT\u00c9M GL\u00daTEN.<\/p>\n<p>CARACTER\u00cdSTICAS<br \/>\nSem Gl\u00faten: Sim<br \/>\nVegano: Sim<br \/>\nLow Carb: Sim<br \/>\nOrg\u00e2nico: N\u00e3o<br \/>\nLivre Transg\u00eanicos: Sim<br \/>\nSem Lactose: Sim<br \/>\nOrigem: Nacional<br \/>\nGranel: Sim<\/p>\n","protected":false},"excerpt":{"rendered":"<p>O arbusto de Alecrim (Rosmarinus officinalis) \u00e9 nativo da Am\u00e9rica do Sul e da regi\u00e3o do Mediterr\u00e2neo. Faz parte da fam\u00edlia de plantas Lamiaceae, juntamente com hortel\u00e3, or\u00e9gano, erva-cidreira e manjeric\u00e3o. O Alecrim tem uma longa hist\u00f3ria de usos culin\u00e1rios e arom\u00e1ticos, al\u00e9m de aplica\u00e7\u00f5es na medicina ayurv\u00e9dica. Muitas pessoas gostam de ch\u00e1 de alecrim por seu sabor, aroma e benef\u00edcios \u00e0 sa\u00fade.<\/p>\n<p>Quais as propriedades e benef\u00edcios do Alecrim?<br \/>\nSuas folhas e flores s\u00e3o ricas em antioxidantes, os grandes aliados contra o envelhecimento precoce das c\u00e9lulas! A atividade antioxidante do Alecrim \u00e9 amplamente atribu\u00edda a seus compostos polifen\u00f3licos, como o \u00e1cido rosmar\u00ednico e o \u00e1cido carn\u00f3sico.<\/p>\n<p>Como preparar o Ch\u00e1 de Alecrim?<br \/>\nPara preparar um ch\u00e1 de alecrim seco voc\u00ea precisa de 50 gramas de alecrim seco e de 2 litros de \u00e1gua. Adicione o alecrim em uma canela com \u00e1gua fervendo pelo menos 5 minutos. Pode reservar num recipiente e colocar na geladeira para outros dias.<\/p>\n<p>Gostou? Fa\u00e7a sua compra agora e receba com todo conforto na sua casa ou trabalho.<\/p>\n","protected":false},"featured_media":384,"comment_status":"open","ping_status":"closed","template":"","meta":[],"product_cat":[63,71],"product_tag":[],"class_list":{"0":"post-383","1":"product","2":"type-product","3":"status-publish","4":"has-post-thumbnail","6":"product_cat-cozinhar-e-temperar","7":"product_cat-temperos-e-especiarias","9":"first","10":"instock","11":"shipping-taxable","12":"product-type-simple"},"supplier_id":null,"supplier_sku":"","barcode":null,"atum_controlled":true,"out_stock_date":null,"out_stock_threshold":null,"inheritable":false,"inbound_stock":0,"stock_on_hold":0,"sold_today":0,"sales_last_days":0,"reserved_stock":0,"customer_returns":0,"warehouse_damage":0,"lost_in_post":0,"other_logs":0,"out_stock_days":0,"lost_sales":0,"has_location":false,"update_date":"2026-04-22T12:24:23","atum_locations":[],"atum_stock_status":"instock","restock_status":false,"low_stock_amount":"","sales_update_date":"2026-04-22T12:24:23","calc_backorders":null,"_links":{"self":[{"href":"https:\/\/emporiodoturquinho.com.br\/index.php?rest_route=\/wp\/v2\/product\/383","targetHints":{"allow":["GET"]}}],"collection":[{"href":"https:\/\/emporiodoturquinho.com.br\/index.php?rest_route=\/wp\/v2\/product"}],"about":[{"href":"https:\/\/emporiodoturquinho.com.br\/index.php?rest_route=\/wp\/v2\/types\/product"}],"replies":[{"embeddable":true,"href":"https:\/\/emporiodoturquinho.com.br\/index.php?rest_route=%2Fwp%2Fv2%2Fcomments&post=383"}],"wp:featuredmedia":[{"embeddable":true,"href":"https:\/\/emporiodoturquinho.com.br\/index.php?rest_route=\/wp\/v2\/media\/384"}],"wp:attachment":[{"href":"https:\/\/emporiodoturquinho.com.br\/index.php?rest_route=%2Fwp%2Fv2%2Fmedia&parent=383"}],"wp:term":[{"taxonomy":"product_cat","embeddable":true,"href":"https:\/\/emporiodoturquinho.com.br\/index.php?rest_route=%2Fwp%2Fv2%2Fproduct_cat&post=383"},{"taxonomy":"product_tag","embeddable":true,"href":"https:\/\/emporiodoturquinho.com.br\/index.php?rest_route=%2Fwp%2Fv2%2Fproduct_tag&post=383"}],"curies":[{"name":"wp","href":"https:\/\/api.w.org\/{rel}","templated":true}]}}