{"id":377,"date":"2024-01-25T10:16:45","date_gmt":"2024-01-25T13:16:45","guid":{"rendered":"http:\/\/emporiodoturquinho.com.br\/?post_type=product&#038;p=377"},"modified":"2024-01-25T10:16:45","modified_gmt":"2024-01-25T13:16:45","slug":"zimbro-em-graos","status":"publish","type":"product","link":"https:\/\/emporiodoturquinho.com.br\/?product=zimbro-em-graos","title":{"rendered":"ZIMBRO EM GR\u00c3OS"},"content":{"rendered":"<p>VALORES NUTRICIONAIS Conhe\u00e7a os valores nutricionais deste produto<br \/>\nQuantidade por por\u00e7\u00e3o de 5g (1 Colher de Ch\u00e1) %VD(*)<br \/>\nValor Energ\u00e9tico 18Kcal=75.3KJ 1<br \/>\nCarboidratos 1.9g 1<br \/>\nProte\u00ednas 1g 1<br \/>\nGorduras Totais 0.7g 1<br \/>\nGorduras Saturadas 0g 0<br \/>\nGorduras Trans 0g **<br \/>\nFibra Alimentar 0.7g 3<br \/>\nS\u00f3dio 0mg 0<br \/>\n(*)% Valores Di\u00e1rios de refer\u00eancia com base em uma dieta de 2.000 kcal ou 8.400 kJ. Seus valores di\u00e1rios podem ser maiores ou menores dependendo de suas necessidades energ\u00e9ticas.<\/p>\n<p>Ingrediente(s): Zimbro em gr\u00e3os.<\/p>\n<p>Ap\u00f3s a abertura, mantenha a embalagem bem fechada. Armazene em local fresco e seco.<\/p>\n<p>AL\u00c9RGICOS: PODE CONTER TRA\u00c7OS DE SOJA, NOZES, CASTANHAS E AMENDOINS.<\/p>\n<p>N\u00c3O CONT\u00c9M GL\u00daTEN.<\/p>\n<p>CARACTER\u00cdSTICAS<br \/>\nSem Gl\u00faten: Sim<br \/>\nVegano: Sim<br \/>\nLow Carb: Sim<br \/>\nOrg\u00e2nico: N\u00e3o<br \/>\nLivre Transg\u00eanicos: Sim<br \/>\nSem Lactose: Sim<br \/>\nOrigem: Importado<br \/>\nGranel: Sim<\/p>\n","protected":false},"excerpt":{"rendered":"<p>\u00c9 uma especiarias de sabor marcante entre o adocicado e o amargo, bastante utilizado na culin\u00e1ria, se popularizou no mundo todo pelo seu poder de aromatizar bebidas, potencializando o aroma e o sabor.<\/p>\n<p>Quais as propriedades do Zimbro?<br \/>\nO zimbro \u00e9 rico em \u00f3leos como o mirceno e o cineol, al\u00e9m de flavon\u00f3ides e vitamina C. Al\u00e9m disso, o zimbro possui compostos fen\u00f3licos na sua composi\u00e7\u00e3o como bioflavonoides e terpenos como o sabineno, limoneno, mirceno e pineno que possuem a\u00e7\u00e3o antioxidante.<\/p>\n<p>Como consumir o Zimbro?<br \/>\nAs bagas secas s\u00e3o usadas no preparo de pat\u00eas e de marinados, em conservas e em pratos feitos com batatas. Mas, s\u00e3o as carnes as maiores beneficiadas com a adi\u00e7\u00e3o do zimbro.<\/p>\n<p>Gostou? Fa\u00e7a sua compra agora e receba com todo conforto na sua casa ou trabalho.<\/p>\n","protected":false},"featured_media":378,"comment_status":"open","ping_status":"closed","template":"","meta":[],"product_cat":[63,76],"product_tag":[],"class_list":{"0":"post-377","1":"product","2":"type-product","3":"status-publish","4":"has-post-thumbnail","6":"product_cat-cozinhar-e-temperar","7":"product_cat-graos","9":"first","10":"instock","11":"shipping-taxable","12":"product-type-simple"},"supplier_id":null,"supplier_sku":"","barcode":null,"atum_controlled":true,"out_stock_date":null,"out_stock_threshold":null,"inheritable":false,"inbound_stock":null,"stock_on_hold":0,"sold_today":0,"sales_last_days":0,"reserved_stock":null,"customer_returns":null,"warehouse_damage":null,"lost_in_post":null,"other_logs":null,"out_stock_days":0,"lost_sales":0,"has_location":null,"update_date":"2026-04-22T12:24:23","atum_locations":[],"atum_stock_status":"instock","restock_status":false,"low_stock_amount":"","sales_update_date":"2026-04-22T12:24:23","calc_backorders":null,"_links":{"self":[{"href":"https:\/\/emporiodoturquinho.com.br\/index.php?rest_route=\/wp\/v2\/product\/377","targetHints":{"allow":["GET"]}}],"collection":[{"href":"https:\/\/emporiodoturquinho.com.br\/index.php?rest_route=\/wp\/v2\/product"}],"about":[{"href":"https:\/\/emporiodoturquinho.com.br\/index.php?rest_route=\/wp\/v2\/types\/product"}],"replies":[{"embeddable":true,"href":"https:\/\/emporiodoturquinho.com.br\/index.php?rest_route=%2Fwp%2Fv2%2Fcomments&post=377"}],"wp:featuredmedia":[{"embeddable":true,"href":"https:\/\/emporiodoturquinho.com.br\/index.php?rest_route=\/wp\/v2\/media\/378"}],"wp:attachment":[{"href":"https:\/\/emporiodoturquinho.com.br\/index.php?rest_route=%2Fwp%2Fv2%2Fmedia&parent=377"}],"wp:term":[{"taxonomy":"product_cat","embeddable":true,"href":"https:\/\/emporiodoturquinho.com.br\/index.php?rest_route=%2Fwp%2Fv2%2Fproduct_cat&post=377"},{"taxonomy":"product_tag","embeddable":true,"href":"https:\/\/emporiodoturquinho.com.br\/index.php?rest_route=%2Fwp%2Fv2%2Fproduct_tag&post=377"}],"curies":[{"name":"wp","href":"https:\/\/api.w.org\/{rel}","templated":true}]}}