{"id":375,"date":"2024-01-25T10:16:00","date_gmt":"2024-01-25T13:16:00","guid":{"rendered":"http:\/\/emporiodoturquinho.com.br\/?post_type=product&#038;p=375"},"modified":"2024-01-25T10:16:00","modified_gmt":"2024-01-25T13:16:00","slug":"soja-em-graos","status":"publish","type":"product","link":"https:\/\/emporiodoturquinho.com.br\/?product=soja-em-graos","title":{"rendered":"SOJA EM GR\u00c3OS"},"content":{"rendered":"<p>VALORES NUTRICIONAIS Conhe\u00e7a os valores nutricionais deste produto<br \/>\nQuantidade por por\u00e7\u00e3o de 50g (1\/3 X\u00edcara) %VD(*)<br \/>\nValor Energ\u00e9tico 200Kcal=837KJ 10<br \/>\nCarboidratos 13g 4<br \/>\nProte\u00ednas 18g 23<br \/>\nGorduras Totais 13g 23<br \/>\nGorduras Saturadas 0g 0<br \/>\nGorduras Trans 0g **<br \/>\nFibra Alimentar 7.5g 30<br \/>\nS\u00f3dio 0mg 0<br \/>\n(*)% Valores Di\u00e1rios de refer\u00eancia com base em uma dieta de 2.000 kcal ou 8.400 kJ. Seus valores di\u00e1rios podem ser maiores ou menores dependendo de suas necessidades energ\u00e9ticas.<\/p>\n<p>Ingrediente(s): Soja em Gr\u00e3os.<\/p>\n<p>Ap\u00f3s a abertura, mantenha a embalagem bem fechada. Armazene em local fresco e seco.<\/p>\n<p>AL\u00c9RGICOS: PODE CONTER TRA\u00c7OS DE SOJA, NOZES, CASTANHAS E AMENDOINS.<\/p>\n<p>N\u00c3O CONT\u00c9M GL\u00daTEN.<\/p>\n<p>CARACTER\u00cdSTICAS<br \/>\nSem Gl\u00faten: Sim<br \/>\nVegano: Sim<br \/>\nLow Carb: Sim<br \/>\nOrg\u00e2nico: N\u00e3o<br \/>\nLivre Transg\u00eanicos: N\u00e3o<br \/>\nSem Lactose: Sim<br \/>\nOrigem: Nacional<br \/>\nGranel: Sim<\/p>\n","protected":false},"excerpt":{"rendered":"<p>A Soja em Gr\u00e3os pertence \u00e0 fam\u00edlia das leguminosas, a qual tamb\u00e9m se encontram o feij\u00e3o, a lentilha, o gr\u00e3o de bico, entre outros. \u00c9 um gr\u00e3o origin\u00e1rio da China, composto por in\u00fameros nutrientes e propriedades ben\u00e9ficas \u00e0 sa\u00fade.<\/p>\n<p>Como consumir a Soja em Gr\u00e3os?<br \/>\nSugest\u00f5es de preparo: deixe a Soja em Gr\u00e3os de molho em \u00e1gua quente (a 80\u00baC) e v\u00e1 trocando quando perceber que ela esfria. Depois de aproximadamente seis horas, leve ao fogo uma panela com \u00e1gua, coloque a soja e deixe ferver por 2 minutos. Coe num pano de algod\u00e3o e esfregue os gr\u00e3os. As cascas v\u00e3o se desprender facilmente. Cozinhe em panela de press\u00e3o por no m\u00ednimo de 20 a 40 minutos. Esse per\u00edodo \u00e9 suficiente para que o cozimento acabe com a anti-tripsina. Evite o entupimento da v\u00e1lvula da panela de press\u00e3o pelas eventuais casquinhas que se soltam do gr\u00e3o, colocando uma colher de sopa de \u00f3leo na \u00e1gua.<\/p>\n<p>Quais as propriedades da Soja em Gr\u00e3os?<br \/>\nA Soja em Gr\u00e3os \u00e9 composta por prote\u00ednas, fibras, \u00f3leos, c\u00e1lcio, f\u00f3sforo, ferro, s\u00f3dio, pot\u00e1ssio, magn\u00e9sio, cobre, carboidratos, vitaminas B e E, \u00f4mega 3 e 6. Em gr\u00e3os, pode ser utilizada para o consumo cozida, como o feij\u00e3o, em sopas ou saladas.<\/p>\n<p>Gostou? Fa\u00e7a sua compra agora e receba com todo conforto na sua casa ou trabalho.<\/p>\n","protected":false},"featured_media":376,"comment_status":"open","ping_status":"closed","template":"","meta":[],"product_cat":[63,76],"product_tag":[],"class_list":{"0":"post-375","1":"product","2":"type-product","3":"status-publish","4":"has-post-thumbnail","6":"product_cat-cozinhar-e-temperar","7":"product_cat-graos","9":"first","10":"instock","11":"shipping-taxable","12":"product-type-simple"},"supplier_id":null,"supplier_sku":"","barcode":null,"atum_controlled":true,"out_stock_date":null,"out_stock_threshold":null,"inheritable":false,"inbound_stock":null,"stock_on_hold":0,"sold_today":0,"sales_last_days":0,"reserved_stock":null,"customer_returns":null,"warehouse_damage":null,"lost_in_post":null,"other_logs":null,"out_stock_days":0,"lost_sales":0,"has_location":null,"update_date":"2026-04-22T12:24:23","atum_locations":[],"atum_stock_status":"instock","restock_status":false,"low_stock_amount":"","sales_update_date":"2026-04-22T12:24:23","calc_backorders":null,"_links":{"self":[{"href":"https:\/\/emporiodoturquinho.com.br\/index.php?rest_route=\/wp\/v2\/product\/375","targetHints":{"allow":["GET"]}}],"collection":[{"href":"https:\/\/emporiodoturquinho.com.br\/index.php?rest_route=\/wp\/v2\/product"}],"about":[{"href":"https:\/\/emporiodoturquinho.com.br\/index.php?rest_route=\/wp\/v2\/types\/product"}],"replies":[{"embeddable":true,"href":"https:\/\/emporiodoturquinho.com.br\/index.php?rest_route=%2Fwp%2Fv2%2Fcomments&post=375"}],"wp:featuredmedia":[{"embeddable":true,"href":"https:\/\/emporiodoturquinho.com.br\/index.php?rest_route=\/wp\/v2\/media\/376"}],"wp:attachment":[{"href":"https:\/\/emporiodoturquinho.com.br\/index.php?rest_route=%2Fwp%2Fv2%2Fmedia&parent=375"}],"wp:term":[{"taxonomy":"product_cat","embeddable":true,"href":"https:\/\/emporiodoturquinho.com.br\/index.php?rest_route=%2Fwp%2Fv2%2Fproduct_cat&post=375"},{"taxonomy":"product_tag","embeddable":true,"href":"https:\/\/emporiodoturquinho.com.br\/index.php?rest_route=%2Fwp%2Fv2%2Fproduct_tag&post=375"}],"curies":[{"name":"wp","href":"https:\/\/api.w.org\/{rel}","templated":true}]}}