{"id":371,"date":"2024-01-25T10:11:53","date_gmt":"2024-01-25T13:11:53","guid":{"rendered":"http:\/\/emporiodoturquinho.com.br\/?post_type=product&#038;p=371"},"modified":"2024-01-25T10:12:35","modified_gmt":"2024-01-25T13:12:35","slug":"semente-de-linhaca","status":"publish","type":"product","link":"https:\/\/emporiodoturquinho.com.br\/?product=semente-de-linhaca","title":{"rendered":"SEMENTE DE LINHA\u00c7A MARROM"},"content":{"rendered":"<p>VALORES NUTRICIONAIS Conhe\u00e7a os valores nutricionais deste produto<br \/>\nQuantidade por por\u00e7\u00e3o de 15g (1 Colher de Sopa) %VD(*)<br \/>\nValor Energ\u00e9tico 68Kcal=285KJ 3<br \/>\nCarboidratos 3.6g 1<br \/>\nProte\u00ednas 3g 4<br \/>\nGorduras Totais 6.4g 12<br \/>\nGorduras Saturadas 0.7g 3<br \/>\nGorduras Trans 0g **<br \/>\nFibra Alimentar 3.8g 15<br \/>\nS\u00f3dio 5.5mg 0<br \/>\n(*)% Valores Di\u00e1rios de refer\u00eancia com base em uma dieta de 2.000 kcal ou 8.400 kJ. Seus valores di\u00e1rios podem ser maiores ou menores dependendo de suas necessidades energ\u00e9ticas.<\/p>\n<p>Ingrediente(s): Semente de linha\u00e7a Marrom.<\/p>\n<p>Ap\u00f3s a abertura, mantenha a embalagem bem fechada. Armazene em local fresco e seco.<\/p>\n<p>AL\u00c9RGICOS: PODE CONTER TRA\u00c7OS DE SOJA, NOZES, CASTANHAS E AMENDOINS.<\/p>\n<p>N\u00c3O CONT\u00c9M GL\u00daTEN.<\/p>\n<p>CARACTER\u00cdSTICAS<br \/>\nSem Gl\u00faten: Sim<br \/>\nVegano: Sim<br \/>\nLow Carb: Sim<br \/>\nOrg\u00e2nico: N\u00e3o<br \/>\nLivre Transg\u00eanicos: Sim<br \/>\nSem Lactose: Sim<br \/>\nOrigem: Importado<br \/>\nGranel: Sim<\/p>\n","protected":false},"excerpt":{"rendered":"<p>A Semente de Linha\u00e7a Marrom \u00e9 uma semente origin\u00e1ria do linho, \u00e9 bastante utilizada desde o Egito Antigo na confec\u00e7\u00e3o de tecidos e na fabrica\u00e7\u00e3o de cordas. No entanto, o grande valor deste produto est\u00e1 na sua semente. A Semente de Linha\u00e7a al\u00e9m de saborosa, possui uma gama de nutrientes muito ben\u00e9ficos para todo o organismo.<\/p>\n<p>Como consumir a Semente de Linha\u00e7a Marrom?<br \/>\nA Semente de Linha\u00e7a Marrom, quando mo\u00edda, traz muito mais benef\u00edcios nutricionais que a semente inteira, que possui uma casca dura, dif\u00edcil de digerir. Portanto, uma forma f\u00e1cil quebrar as sementes \u00e9 pass\u00e1-la em um processador ou liquidificador na tecla pulsar, para que n\u00e3o vire p\u00f3. Depois, guarde-a em refrigerador, e deixe fora da luz. Desta forma, a utiliza\u00e7\u00e3o ser\u00e1 ainda melhor.<\/p>\n<p>Quais as propriedades da Semente de Linha\u00e7a Marrom?<br \/>\nNa composi\u00e7\u00e3o da Semente de Linha\u00e7a Marrom est\u00e3o presentes prote\u00ednas, fibras alimentares e \u00e1cidos graxos poli-insaturados (\u00d4mega 3 e \u00d4mega 6), que lhe conferem a propriedade de alimento funcional. A semente de linha\u00e7a \u00e9 a mais rica fonte de \u00d4mega 3 existente na natureza. A semente de linha\u00e7a cont\u00e9m 100 vezes mais Lignina que os melhores gr\u00e3os integrais.<\/p>\n<p>Sugest\u00e3o de uso da Linha\u00e7a Marrom<br \/>\nPode ser Utilizada na prepara\u00e7\u00e3o de p\u00e3es, biscoitos, cookies, tortas e salgados fit, salada de frutas, vitamina, bolos, panquecas e massas.<\/p>\n<p>Gostou? Fa\u00e7a sua compra agora e receba com todo conforto na sua casa ou trabalho.<\/p>\n","protected":false},"featured_media":372,"comment_status":"open","ping_status":"closed","template":"","meta":[],"product_cat":[63,76],"product_tag":[],"class_list":{"0":"post-371","1":"product","2":"type-product","3":"status-publish","4":"has-post-thumbnail","6":"product_cat-cozinhar-e-temperar","7":"product_cat-graos","9":"first","10":"instock","11":"shipping-taxable","12":"product-type-simple"},"supplier_id":null,"supplier_sku":"","barcode":null,"atum_controlled":true,"out_stock_date":null,"out_stock_threshold":null,"inheritable":false,"inbound_stock":null,"stock_on_hold":0,"sold_today":0,"sales_last_days":0,"reserved_stock":null,"customer_returns":null,"warehouse_damage":null,"lost_in_post":null,"other_logs":null,"out_stock_days":0,"lost_sales":0,"has_location":null,"update_date":"2026-04-22T12:24:24","atum_locations":[],"atum_stock_status":"instock","restock_status":false,"low_stock_amount":"","sales_update_date":"2026-04-22T12:24:24","calc_backorders":null,"_links":{"self":[{"href":"https:\/\/emporiodoturquinho.com.br\/index.php?rest_route=\/wp\/v2\/product\/371","targetHints":{"allow":["GET"]}}],"collection":[{"href":"https:\/\/emporiodoturquinho.com.br\/index.php?rest_route=\/wp\/v2\/product"}],"about":[{"href":"https:\/\/emporiodoturquinho.com.br\/index.php?rest_route=\/wp\/v2\/types\/product"}],"replies":[{"embeddable":true,"href":"https:\/\/emporiodoturquinho.com.br\/index.php?rest_route=%2Fwp%2Fv2%2Fcomments&post=371"}],"wp:featuredmedia":[{"embeddable":true,"href":"https:\/\/emporiodoturquinho.com.br\/index.php?rest_route=\/wp\/v2\/media\/372"}],"wp:attachment":[{"href":"https:\/\/emporiodoturquinho.com.br\/index.php?rest_route=%2Fwp%2Fv2%2Fmedia&parent=371"}],"wp:term":[{"taxonomy":"product_cat","embeddable":true,"href":"https:\/\/emporiodoturquinho.com.br\/index.php?rest_route=%2Fwp%2Fv2%2Fproduct_cat&post=371"},{"taxonomy":"product_tag","embeddable":true,"href":"https:\/\/emporiodoturquinho.com.br\/index.php?rest_route=%2Fwp%2Fv2%2Fproduct_tag&post=371"}],"curies":[{"name":"wp","href":"https:\/\/api.w.org\/{rel}","templated":true}]}}