{"id":369,"date":"2024-01-25T10:11:08","date_gmt":"2024-01-25T13:11:08","guid":{"rendered":"http:\/\/emporiodoturquinho.com.br\/?post_type=product&#038;p=369"},"modified":"2024-01-25T10:11:08","modified_gmt":"2024-01-25T13:11:08","slug":"semente-de-girassol","status":"publish","type":"product","link":"https:\/\/emporiodoturquinho.com.br\/?product=semente-de-girassol","title":{"rendered":"SEMENTE DE GIRASSOL"},"content":{"rendered":"<p>VALORES NUTRICIONAIS Conhe\u00e7a os valores nutricionais deste produto<br \/>\nQuantidade por por\u00e7\u00e3o de 15g (1 Colheres de Sopa) %VD(*)<br \/>\nValor Energ\u00e9tico 94Kcal=393KJ 5<br \/>\nCarboidratos 3g 1<br \/>\nProte\u00ednas 3.1g 4<br \/>\nGorduras Totais 7.7g 14<br \/>\nGorduras Saturadas 0.7g 3<br \/>\nGorduras Trans 0g **<br \/>\nFibra Alimentar 1.3g 5<br \/>\nS\u00f3dio 1.4mg 0<br \/>\n(*)% Valores Di\u00e1rios de refer\u00eancia com base em uma dieta de 2.000 kcal ou 8.400 kJ. Seus valores di\u00e1rios podem ser maiores ou menores dependendo de suas necessidades energ\u00e9ticas.<\/p>\n<p>Ingrediente(s): Semente (pepita) de girassol crua sem casca sem sal.<\/p>\n<p>Ap\u00f3s a abertura, mantenha a embalagem bem fechada. Armazene em local fresco e seco.<\/p>\n<p>AL\u00c9RGICOS: PODE CONTER TRA\u00c7OS DE SOJA, NOZES, CASTANHAS E AMENDOINS.<\/p>\n<p>N\u00c3O CONT\u00c9M GL\u00daTEN.<\/p>\n<p>CARACTER\u00cdSTICAS<br \/>\nSem Gl\u00faten: Sim<br \/>\nVegano: Sim<br \/>\nLow Carb: Sim<br \/>\nOrg\u00e2nico: N\u00e3o<br \/>\nLivre Transg\u00eanicos: Sim<br \/>\nSem Lactose: Sim<br \/>\nOrigem: Importado<br \/>\nGranel: Sim<\/p>\n","protected":false},"excerpt":{"rendered":"<p>As sementes de girassol s\u00e3o tecnicamente os frutos da planta do girassol ( Helianthus annuus ).<\/p>\n<p>As sementes s\u00e3o colhidas das grandes flores da planta, que podem medir mais de 30,5 cm de di\u00e2metro. Uma \u00fanica cabe\u00e7a de girassol pode conter at\u00e9 2.000 sementes<\/p>\n<p>Qual o sabor da Semente de Girassol?<br \/>\nAs sementes de girassol t\u00eam um sabor suave a nozes e uma textura firme mas tenra.<\/p>\n<p>Semente de Girassol: benef\u00edcios<br \/>\nAlimento com grande fonte de nutrientes, a semente de girassol possu\u00ed gordura poli-insaturada (gordura de boa qualidade), vitaminas do complexo B, E, e minerais, f\u00f3sforo, pot\u00e1ssio, ferro, zinco e magn\u00e9sio. Em 100 gramas de sementes de girassol s\u00e3o encontrados 30 gramas de fibras, 20 de prote\u00ednas e 120 mg de c\u00e1lcio.<\/p>\n<p>Como usar a Semente de Girassol?<br \/>\nPode ser utilizada como um ingrediente extra nas saladas ou acompanhamento de iogurtes, misturando seu teor de c\u00e1lcio e gorduras ben\u00e9ficas a esse tipo de alimento.<\/p>\n<p>Gostou? Fa\u00e7a sua compra agora e receba com todo conforto na sua casa ou trabalho.<\/p>\n","protected":false},"featured_media":370,"comment_status":"open","ping_status":"closed","template":"","meta":[],"product_cat":[63,76],"product_tag":[],"class_list":{"0":"post-369","1":"product","2":"type-product","3":"status-publish","4":"has-post-thumbnail","6":"product_cat-cozinhar-e-temperar","7":"product_cat-graos","9":"first","10":"instock","11":"shipping-taxable","12":"product-type-simple"},"supplier_id":null,"supplier_sku":"","barcode":null,"atum_controlled":true,"out_stock_date":null,"out_stock_threshold":null,"inheritable":false,"inbound_stock":null,"stock_on_hold":0,"sold_today":0,"sales_last_days":0,"reserved_stock":null,"customer_returns":null,"warehouse_damage":null,"lost_in_post":null,"other_logs":null,"out_stock_days":0,"lost_sales":0,"has_location":null,"update_date":"2026-04-22T12:24:24","atum_locations":[],"atum_stock_status":"instock","restock_status":false,"low_stock_amount":"","sales_update_date":"2026-04-22T12:24:24","calc_backorders":null,"_links":{"self":[{"href":"https:\/\/emporiodoturquinho.com.br\/index.php?rest_route=\/wp\/v2\/product\/369","targetHints":{"allow":["GET"]}}],"collection":[{"href":"https:\/\/emporiodoturquinho.com.br\/index.php?rest_route=\/wp\/v2\/product"}],"about":[{"href":"https:\/\/emporiodoturquinho.com.br\/index.php?rest_route=\/wp\/v2\/types\/product"}],"replies":[{"embeddable":true,"href":"https:\/\/emporiodoturquinho.com.br\/index.php?rest_route=%2Fwp%2Fv2%2Fcomments&post=369"}],"wp:featuredmedia":[{"embeddable":true,"href":"https:\/\/emporiodoturquinho.com.br\/index.php?rest_route=\/wp\/v2\/media\/370"}],"wp:attachment":[{"href":"https:\/\/emporiodoturquinho.com.br\/index.php?rest_route=%2Fwp%2Fv2%2Fmedia&parent=369"}],"wp:term":[{"taxonomy":"product_cat","embeddable":true,"href":"https:\/\/emporiodoturquinho.com.br\/index.php?rest_route=%2Fwp%2Fv2%2Fproduct_cat&post=369"},{"taxonomy":"product_tag","embeddable":true,"href":"https:\/\/emporiodoturquinho.com.br\/index.php?rest_route=%2Fwp%2Fv2%2Fproduct_tag&post=369"}],"curies":[{"name":"wp","href":"https:\/\/api.w.org\/{rel}","templated":true}]}}