{"id":367,"date":"2024-01-25T10:09:59","date_gmt":"2024-01-25T13:09:59","guid":{"rendered":"http:\/\/emporiodoturquinho.com.br\/?post_type=product&#038;p=367"},"modified":"2024-01-25T10:09:59","modified_gmt":"2024-01-25T13:09:59","slug":"semente-de-chia","status":"publish","type":"product","link":"https:\/\/emporiodoturquinho.com.br\/?product=semente-de-chia","title":{"rendered":"SEMENTE DE CHIA"},"content":{"rendered":"<p>VALORES NUTRICIONAIS Conhe\u00e7a os valores nutricionais deste produto<br \/>\nQuantidade por por\u00e7\u00e3o de 15g (1 Colher de Sopa) %VD(*)<br \/>\nValor Energ\u00e9tico 80Kcal=334KJ 4<br \/>\nCarboidratos 6.6g 2<br \/>\nProte\u00ednas 3g 4<br \/>\nGorduras Totais 4.8g 9<br \/>\nGorduras Saturadas 0g 0<br \/>\nGorduras Trans 0g **<br \/>\nFibra Alimentar 2.4g 10<br \/>\nS\u00f3dio 0mg 0<br \/>\n(*)% Valores Di\u00e1rios de refer\u00eancia com base em uma dieta de 2.000 kcal ou 8.400 kJ. Seus valores di\u00e1rios podem ser maiores ou menores dependendo de suas necessidades energ\u00e9ticas.<\/p>\n<p>Ingrediente(s): Semente de chia.<\/p>\n<p>Ap\u00f3s a abertura, mantenha a embalagem bem fechada. Armazene em local fresco e seco.<\/p>\n<p>AL\u00c9RGICOS: PODE CONTER TRA\u00c7OS DE SOJA, NOZES, CASTANHAS E AMENDOINS.<\/p>\n<p>N\u00c3O CONT\u00c9M GL\u00daTEN.<\/p>\n<p>CARACTER\u00cdSTICAS<br \/>\nSem Gl\u00faten: Sim<br \/>\nVegano: Sim<br \/>\nLow Carb: Sim<br \/>\nOrg\u00e2nico: N\u00e3o<br \/>\nLivre Transg\u00eanicos: Sim<br \/>\nSem Lactose: Sim<br \/>\nOrigem: Importado<br \/>\nGranel: Sim<\/p>\n","protected":false},"excerpt":{"rendered":"<p>Sementes de Chia, quando em contato com l\u00edquidos, expandem e formam um gel espesso. Esse gel \u00e9 carregado de fibras e \u00e9 respons\u00e1vel por causar sensa\u00e7\u00e3o de saciedade quando consumido. Tamb\u00e9m s\u00e3o muito ben\u00e9ficas para esportistas pois, por absorverem at\u00e9 12 vezes o seu peso em \u00e1gua, ajudam a manter o corpo hidratado por mais tempo.<\/p>\n<p>Como consumir o Semente de chia?<br \/>\nA chia \u00e9 um alimento bastante vers\u00e1til que pode ser utilizado em saladas, misturado \u00e0 cereais, utilizada para enriquecer receitas como massas por exemplo, para engrossar molhos e caldos e tamb\u00e9m para produ\u00e7\u00e3o de pudins, conferindo textura<\/p>\n<p>Quais as propriedades do Semente de chia?<br \/>\nA Semente de Chia \u00e9 utilizada h\u00e1 muitos anos como um alimento para aumentar a resist\u00eancia f\u00edsica, devido \u00e0 sua alta concentra\u00e7\u00e3o de amino\u00e1cidos, respons\u00e1veis pela forma\u00e7\u00e3o de prote\u00ednas no organismo. De 9 amino\u00e1cidos que o nosso corpo n\u00e3o \u00e9 capaz de produzir sozinho, pode-se encontrar 8 na semente de chia! Al\u00e9m disso, 1 colher de sopa da semente cont\u00e9m 2,5g de prote\u00ednas.<\/p>\n<p>Gostou? Fa\u00e7a sua compra agora e receba com todo conforto na sua casa ou trabalho.<\/p>\n","protected":false},"featured_media":368,"comment_status":"open","ping_status":"closed","template":"","meta":[],"product_cat":[63,76],"product_tag":[],"class_list":{"0":"post-367","1":"product","2":"type-product","3":"status-publish","4":"has-post-thumbnail","6":"product_cat-cozinhar-e-temperar","7":"product_cat-graos","9":"first","10":"instock","11":"shipping-taxable","12":"product-type-simple"},"supplier_id":null,"supplier_sku":"","barcode":null,"atum_controlled":true,"out_stock_date":null,"out_stock_threshold":null,"inheritable":false,"inbound_stock":null,"stock_on_hold":0,"sold_today":0,"sales_last_days":0,"reserved_stock":null,"customer_returns":null,"warehouse_damage":null,"lost_in_post":null,"other_logs":null,"out_stock_days":0,"lost_sales":0,"has_location":null,"update_date":"2026-04-22T12:24:24","atum_locations":[],"atum_stock_status":"instock","restock_status":false,"low_stock_amount":"","sales_update_date":"2026-04-22T12:24:24","calc_backorders":null,"_links":{"self":[{"href":"https:\/\/emporiodoturquinho.com.br\/index.php?rest_route=\/wp\/v2\/product\/367","targetHints":{"allow":["GET"]}}],"collection":[{"href":"https:\/\/emporiodoturquinho.com.br\/index.php?rest_route=\/wp\/v2\/product"}],"about":[{"href":"https:\/\/emporiodoturquinho.com.br\/index.php?rest_route=\/wp\/v2\/types\/product"}],"replies":[{"embeddable":true,"href":"https:\/\/emporiodoturquinho.com.br\/index.php?rest_route=%2Fwp%2Fv2%2Fcomments&post=367"}],"wp:featuredmedia":[{"embeddable":true,"href":"https:\/\/emporiodoturquinho.com.br\/index.php?rest_route=\/wp\/v2\/media\/368"}],"wp:attachment":[{"href":"https:\/\/emporiodoturquinho.com.br\/index.php?rest_route=%2Fwp%2Fv2%2Fmedia&parent=367"}],"wp:term":[{"taxonomy":"product_cat","embeddable":true,"href":"https:\/\/emporiodoturquinho.com.br\/index.php?rest_route=%2Fwp%2Fv2%2Fproduct_cat&post=367"},{"taxonomy":"product_tag","embeddable":true,"href":"https:\/\/emporiodoturquinho.com.br\/index.php?rest_route=%2Fwp%2Fv2%2Fproduct_tag&post=367"}],"curies":[{"name":"wp","href":"https:\/\/api.w.org\/{rel}","templated":true}]}}