{"id":363,"date":"2024-01-25T10:08:35","date_gmt":"2024-01-25T13:08:35","guid":{"rendered":"http:\/\/emporiodoturquinho.com.br\/?post_type=product&#038;p=363"},"modified":"2024-01-25T10:08:35","modified_gmt":"2024-01-25T13:08:35","slug":"quinua-em-graos-vermelha","status":"publish","type":"product","link":"https:\/\/emporiodoturquinho.com.br\/?product=quinua-em-graos-vermelha","title":{"rendered":"QUINUA EM GR\u00c3OS VERMELHA"},"content":{"rendered":"<p>VALORES NUTRICIONAIS Conhe\u00e7a os valores nutricionais deste produto<br \/>\nQuantidade por por\u00e7\u00e3o de 50g (1\/2 X\u00edcara) %VD(*)<br \/>\nValor Energ\u00e9tico 184Kcal=772KJ 9<br \/>\nCarboidratos 37g 12<br \/>\nProte\u00ednas 6.7g 9<br \/>\nGorduras Totais 2.7g 5<br \/>\nGorduras Saturadas 0g 0<br \/>\nGorduras Trans 0g **<br \/>\nFibra Alimentar 3g 12<br \/>\nS\u00f3dio 11mg 0<br \/>\n(*)% Valores Di\u00e1rios de refer\u00eancia com base em uma dieta de 2.000 kcal ou 8.400 kJ. Seus valores di\u00e1rios podem ser maiores ou menores dependendo de suas necessidades energ\u00e9ticas.<\/p>\n<p>Ingrediente(s): Quinua Vermelha em Gr\u00e3os.<\/p>\n<p>Ap\u00f3s a abertura, mantenha a embalagem bem fechada. Armazene em local fresco e seco.<\/p>\n<p>AL\u00c9RGICOS: PODE CONTER TRA\u00c7OS DE SOJA, NOZES, CASTANHAS E AMENDOINS.<\/p>\n<p>N\u00c3O CONT\u00c9M GL\u00daTEN.<\/p>\n<p>CARACTER\u00cdSTICAS<br \/>\nSem Gl\u00faten: Sim<br \/>\nVegano: Sim<br \/>\nLow Carb: N\u00e3o<br \/>\nOrg\u00e2nico: N\u00e3o<br \/>\nLivre Transg\u00eanicos: Sim<br \/>\nSem Lactose: Sim<br \/>\nOrigem: Importado<br \/>\nGranel: Sim<\/p>\n","protected":false},"excerpt":{"rendered":"<p>A Quinua Vermelha (ou quinoa) \u00e9 uma varia\u00e7\u00e3o do famoso cereal andino cuja pel\u00edcula possui colocara\u00e7\u00e3o avermelhada. Trata-se de um cereal t\u00e3o nutritivo que foi qualificado pela Academia de Ci\u00eancias dos Estados Unidos como o melhor alimento de origem vegetal para consumo humano!<\/p>\n<p>Como consumir a Quinua Vermelha?<br \/>\nPode ser consumida de v\u00e1rias maneiras: cozida e temperada como salada, preparada como arroz, ou ser utilizada no preparo de sopas, pode ser utilizada tamb\u00e9m como farinha para o preparo de mingau, p\u00e3es, pudins, massa de panqueca, bolos, biscoitos, entre outros.<\/p>\n<p>Quais as propriedades da Quinua Vermelha?<br \/>\nSe n\u00e3o bastassem os altos valores de prote\u00ednas, a quinua tamb\u00e9m \u00e9 rica em vitamina A (sa\u00fade dos olhos), B1, B2 e B3, B6,C e E e minerais como magn\u00e9sio, zinco, ferro, f\u00f3sforo e pot\u00e1ssio e o c\u00e1lcio.<br \/>\nA quinua \u00e9 uma boa fonte de fibras, que contribuem para o bom funcionamento do intestino. \u00c9 rica em \u00f4mega 3 e 6 e em fitoestr\u00f3genos, subst\u00e2ncias naturais que se assemelham a a\u00e7\u00e3o de determinados horm\u00f4nios.<\/p>\n<p>Gostou? Fa\u00e7a sua compra agora e receba com todo conforto na sua casa ou trabalho.<\/p>\n","protected":false},"featured_media":364,"comment_status":"open","ping_status":"closed","template":"","meta":[],"product_cat":[63,76],"product_tag":[],"class_list":{"0":"post-363","1":"product","2":"type-product","3":"status-publish","4":"has-post-thumbnail","6":"product_cat-cozinhar-e-temperar","7":"product_cat-graos","9":"first","10":"instock","11":"shipping-taxable","12":"product-type-simple"},"supplier_id":null,"supplier_sku":"","barcode":null,"atum_controlled":true,"out_stock_date":null,"out_stock_threshold":null,"inheritable":false,"inbound_stock":null,"stock_on_hold":0,"sold_today":0,"sales_last_days":0,"reserved_stock":null,"customer_returns":null,"warehouse_damage":null,"lost_in_post":null,"other_logs":null,"out_stock_days":0,"lost_sales":0,"has_location":null,"update_date":"2026-04-22T12:24:24","atum_locations":[],"atum_stock_status":"instock","restock_status":false,"low_stock_amount":"","sales_update_date":"2026-04-22T12:24:24","calc_backorders":null,"_links":{"self":[{"href":"https:\/\/emporiodoturquinho.com.br\/index.php?rest_route=\/wp\/v2\/product\/363","targetHints":{"allow":["GET"]}}],"collection":[{"href":"https:\/\/emporiodoturquinho.com.br\/index.php?rest_route=\/wp\/v2\/product"}],"about":[{"href":"https:\/\/emporiodoturquinho.com.br\/index.php?rest_route=\/wp\/v2\/types\/product"}],"replies":[{"embeddable":true,"href":"https:\/\/emporiodoturquinho.com.br\/index.php?rest_route=%2Fwp%2Fv2%2Fcomments&post=363"}],"wp:featuredmedia":[{"embeddable":true,"href":"https:\/\/emporiodoturquinho.com.br\/index.php?rest_route=\/wp\/v2\/media\/364"}],"wp:attachment":[{"href":"https:\/\/emporiodoturquinho.com.br\/index.php?rest_route=%2Fwp%2Fv2%2Fmedia&parent=363"}],"wp:term":[{"taxonomy":"product_cat","embeddable":true,"href":"https:\/\/emporiodoturquinho.com.br\/index.php?rest_route=%2Fwp%2Fv2%2Fproduct_cat&post=363"},{"taxonomy":"product_tag","embeddable":true,"href":"https:\/\/emporiodoturquinho.com.br\/index.php?rest_route=%2Fwp%2Fv2%2Fproduct_tag&post=363"}],"curies":[{"name":"wp","href":"https:\/\/api.w.org\/{rel}","templated":true}]}}