{"id":361,"date":"2024-01-25T10:07:46","date_gmt":"2024-01-25T13:07:46","guid":{"rendered":"http:\/\/emporiodoturquinho.com.br\/?post_type=product&#038;p=361"},"modified":"2024-01-25T10:07:46","modified_gmt":"2024-01-25T13:07:46","slug":"quinua-em-graos-mista","status":"publish","type":"product","link":"https:\/\/emporiodoturquinho.com.br\/?product=quinua-em-graos-mista","title":{"rendered":"QUINUA EM GR\u00c3OS MISTA"},"content":{"rendered":"<p>VALORES NUTRICIONAIS Conhe\u00e7a os valores nutricionais deste produto<br \/>\nQuantidade por por\u00e7\u00e3o de 50g (1\/2 X\u00edcara) %VD(*)<br \/>\nValor Energ\u00e9tico 193Kcal=808KJ 10<br \/>\nCarboidratos 37g 12<br \/>\nProte\u00ednas 6.3g 8<br \/>\nGorduras Totais 2.9g 5<br \/>\nGorduras Saturadas 0g 0<br \/>\nGorduras Trans 0g **<br \/>\nFibra Alimentar 2.1g 9<br \/>\nS\u00f3dio 22mg 1<\/p>\n<p>(*)% Valores Di\u00e1rios de refer\u00eancia com base em uma dieta de 2.000 kcal ou 8.400 kJ. Seus valores di\u00e1rios podem ser maiores ou menores dependendo de suas necessidades energ\u00e9ticas.<\/p>\n<p>Ingrediente(s): Quinua em Gr\u00e3os Branca, Quinua em Gr\u00e3os Vermelha e Quinua em Gr\u00e3os Preta.<\/p>\n<p>Ap\u00f3s a abertura, mantenha a embalagem bem fechada. Armazene em local fresco e seco.<\/p>\n<p>AL\u00c9RGICOS: PODE CONTER TRA\u00c7OS DE SOJA, NOZES, CASTANHAS E AMENDOINS.<\/p>\n<p>N\u00c3O CONT\u00c9M GL\u00daTEN.<\/p>\n<p>CARACTER\u00cdSTICAS<br \/>\nSem Gl\u00faten: Sim<br \/>\nVegano: Sim<br \/>\nLow Carb: N\u00e3o<br \/>\nOrg\u00e2nico: N\u00e3o<br \/>\nLivre Transg\u00eanicos: Sim<br \/>\nSem Lactose: Sim<br \/>\nOrigem: Importado<br \/>\nGranel: Sim<\/p>\n","protected":false},"excerpt":{"rendered":"<p>A quinua (ou quinoa) \u00e9 um cereal que cont\u00e9m v\u00e1rias propriedades ben\u00e9ficas \u00e0 sa\u00fade. Trata-se de um cereal t\u00e3o nutritivo que foi qualificado pela Academia de Ci\u00eancias dos Estados Unidos como o melhor alimento de origem vegetal para consumo humano. Sendo comparado apenas ao leite materno e tem valores de amino\u00e1cidos superiores ao de todos os demais cereais. Proveniente da regi\u00e3o andina, a quinua \u00e9 considerada um cereal sagrado pelos Incas.<br \/>\nAs variedades preta, branca e vermelha se devem \u00e0s varia\u00e7\u00f5es naturais na colora\u00e7\u00e3o da pel\u00edcula externa dos gr\u00e3os, n\u00e3o tendo diferen\u00e7as no modo de preparo.<\/p>\n<p>Como consumir a Quinua Mista?<br \/>\nA Quinua (ou Quinoa) pode ser consumida de v\u00e1rias maneiras: cozida e temperada como salada, preparada como arroz, ou ser utilizada no preparo de sopas, pode ser utilizada tamb\u00e9m como farinha para o preparo de mingau, p\u00e3es, pudins, massa de panqueca, bolos, biscoitos, entre outros.<\/p>\n<p>Quais as propriedades da Quinua Mista?<br \/>\nSe n\u00e3o bastassem os altos valores de prote\u00ednas, a Quinua (ou Quinoa) tamb\u00e9m \u00e9 rica em vitamina A (sa\u00fade dos olhos), B1, B2 e B3 , B6, C e E (antioxidantes) e minerais como magn\u00e9sio, zinco (sistema imunol\u00f3gico), ferro, f\u00f3sforo e pot\u00e1ssio (funcionamento dos m\u00fasculos) e o c\u00e1lcio (forma\u00e7\u00e3o dos ossos e dentes).<\/p>\n<p>Gostou? Fa\u00e7a sua compra agora e receba com todo conforto na sua casa ou trabalho.<\/p>\n","protected":false},"featured_media":362,"comment_status":"open","ping_status":"closed","template":"","meta":[],"product_cat":[63,76],"product_tag":[],"class_list":{"0":"post-361","1":"product","2":"type-product","3":"status-publish","4":"has-post-thumbnail","6":"product_cat-cozinhar-e-temperar","7":"product_cat-graos","9":"first","10":"instock","11":"shipping-taxable","12":"product-type-simple"},"supplier_id":null,"supplier_sku":"","barcode":null,"atum_controlled":true,"out_stock_date":null,"out_stock_threshold":null,"inheritable":false,"inbound_stock":null,"stock_on_hold":0,"sold_today":0,"sales_last_days":0,"reserved_stock":null,"customer_returns":null,"warehouse_damage":null,"lost_in_post":null,"other_logs":null,"out_stock_days":0,"lost_sales":0,"has_location":null,"update_date":"2026-04-22T12:24:24","atum_locations":[],"atum_stock_status":"instock","restock_status":false,"low_stock_amount":"","sales_update_date":"2026-04-22T12:24:24","calc_backorders":null,"_links":{"self":[{"href":"https:\/\/emporiodoturquinho.com.br\/index.php?rest_route=\/wp\/v2\/product\/361","targetHints":{"allow":["GET"]}}],"collection":[{"href":"https:\/\/emporiodoturquinho.com.br\/index.php?rest_route=\/wp\/v2\/product"}],"about":[{"href":"https:\/\/emporiodoturquinho.com.br\/index.php?rest_route=\/wp\/v2\/types\/product"}],"replies":[{"embeddable":true,"href":"https:\/\/emporiodoturquinho.com.br\/index.php?rest_route=%2Fwp%2Fv2%2Fcomments&post=361"}],"wp:featuredmedia":[{"embeddable":true,"href":"https:\/\/emporiodoturquinho.com.br\/index.php?rest_route=\/wp\/v2\/media\/362"}],"wp:attachment":[{"href":"https:\/\/emporiodoturquinho.com.br\/index.php?rest_route=%2Fwp%2Fv2%2Fmedia&parent=361"}],"wp:term":[{"taxonomy":"product_cat","embeddable":true,"href":"https:\/\/emporiodoturquinho.com.br\/index.php?rest_route=%2Fwp%2Fv2%2Fproduct_cat&post=361"},{"taxonomy":"product_tag","embeddable":true,"href":"https:\/\/emporiodoturquinho.com.br\/index.php?rest_route=%2Fwp%2Fv2%2Fproduct_tag&post=361"}],"curies":[{"name":"wp","href":"https:\/\/api.w.org\/{rel}","templated":true}]}}