{"id":359,"date":"2024-01-25T10:06:49","date_gmt":"2024-01-25T13:06:49","guid":{"rendered":"http:\/\/emporiodoturquinho.com.br\/?post_type=product&#038;p=359"},"modified":"2024-01-25T10:06:50","modified_gmt":"2024-01-25T13:06:50","slug":"pimentao-vermelho-em-flocos","status":"publish","type":"product","link":"https:\/\/emporiodoturquinho.com.br\/?product=pimentao-vermelho-em-flocos","title":{"rendered":"PIMENT\u00c3O VERMELHO EM FLOCOS"},"content":{"rendered":"<p>VALORES NUTRICIONAIS Conhe\u00e7a os valores nutricionais deste produto<br \/>\nQuantidade por por\u00e7\u00e3o de 100g (4 Colher de Sopa) %VD(*)<br \/>\nValor Energ\u00e9tico 345Kcal 0<br \/>\nCarboidratos 61,6g 0<br \/>\nProte\u00ednas 13,2g 0<br \/>\nGorduras Totais 5.1g 0<br \/>\nGorduras Saturadas 0.6g 0<br \/>\nGorduras Trans 0g **<br \/>\nFibra Alimentar 21.3g 0<br \/>\nS\u00f3dio 193mg 0<br \/>\n(*)% Valores Di\u00e1rios de refer\u00eancia com base em uma dieta de 2.000 kcal ou 8.400 kJ. Seus valores di\u00e1rios podem ser maiores ou menores dependendo de suas necessidades energ\u00e9ticas.<\/p>\n<p>Ingrediente(s): Piment\u00e3o vermelho em flocos.<\/p>\n<p>Ap\u00f3s a abertura, mantenha a embalagem bem fechada. Armazene em local fresco e seco.<\/p>\n<p>AL\u00c9RGICOS: PODE CONTER TRA\u00c7OS DE SOJA, NOZES, CASTANHAS E AMENDOINS.<\/p>\n<p>N\u00c3O CONT\u00c9M GL\u00daTEN.<\/p>\n<p>CARACTER\u00cdSTICAS<br \/>\nSem Gl\u00faten: Sim<br \/>\nVegano: Sim<br \/>\nLow Carb: Sim<br \/>\nOrg\u00e2nico: N\u00e3o<br \/>\nLivre Transg\u00eanicos: Sim<\/p>\n","protected":false},"excerpt":{"rendered":"<p>O piment\u00e3o pertence a fam\u00edlia do jil\u00f3, berinjela, batata. Algumas pessoas optam por comer o piment\u00e3o cru, e outras gostam bastante de consumir o piment\u00e3o junto com outra alimenta\u00e7\u00e3o. O piment\u00e3o verde n\u00e3o serve apenas pra dar tonalidade aos pratos, o piment\u00e3o \u00e9 rico em nutrientes, fibras e antioxidantes.<\/p>\n<p>Como consumir a Piment\u00e3o Vermelho em Flocos?<br \/>\n\u00c9 indicado para o preparo de Pratos salgados.<\/p>\n<p>Quais as propriedades da Piment\u00e3o Vermelho em Flocos?<br \/>\nO piment\u00e3o \u00e9 um vegetal bastante conhecido por suas variadas cores. Muito presente na culin\u00e1ria, o piment\u00e3o verde \u00e9 muitas vezes o ingrediente respons\u00e1vel por dar todo o sabor e o colorido nas saladas e pratos principais. O piment\u00e3o tamb\u00e9m \u00e9 uma excelente fonte de vitamina C. Essa vitamina ajuda a dar pot\u00eancia ao sistema imunol\u00f3gico e a manter a pele mais jovem. A quantidade de enxofre presente no piment\u00e3o adquire uma fun\u00e7\u00e3o protetora e age em combate a v\u00e1rios tipos de c\u00e2nceres.<\/p>\n<p>Gostou? Fa\u00e7a sua compra agora e receba com todo conforto na sua casa ou trabalho.<\/p>\n","protected":false},"featured_media":360,"comment_status":"open","ping_status":"closed","template":"","meta":[],"product_cat":[63,76],"product_tag":[],"class_list":{"0":"post-359","1":"product","2":"type-product","3":"status-publish","4":"has-post-thumbnail","6":"product_cat-cozinhar-e-temperar","7":"product_cat-graos","9":"first","10":"instock","11":"shipping-taxable","12":"product-type-simple"},"supplier_id":null,"supplier_sku":"","barcode":null,"atum_controlled":true,"out_stock_date":null,"out_stock_threshold":null,"inheritable":false,"inbound_stock":null,"stock_on_hold":0,"sold_today":0,"sales_last_days":0,"reserved_stock":null,"customer_returns":null,"warehouse_damage":null,"lost_in_post":null,"other_logs":null,"out_stock_days":0,"lost_sales":0,"has_location":null,"update_date":"2026-04-22T12:24:24","atum_locations":[],"atum_stock_status":"instock","restock_status":false,"low_stock_amount":"","sales_update_date":"2026-04-22T12:24:24","calc_backorders":null,"_links":{"self":[{"href":"https:\/\/emporiodoturquinho.com.br\/index.php?rest_route=\/wp\/v2\/product\/359","targetHints":{"allow":["GET"]}}],"collection":[{"href":"https:\/\/emporiodoturquinho.com.br\/index.php?rest_route=\/wp\/v2\/product"}],"about":[{"href":"https:\/\/emporiodoturquinho.com.br\/index.php?rest_route=\/wp\/v2\/types\/product"}],"replies":[{"embeddable":true,"href":"https:\/\/emporiodoturquinho.com.br\/index.php?rest_route=%2Fwp%2Fv2%2Fcomments&post=359"}],"wp:featuredmedia":[{"embeddable":true,"href":"https:\/\/emporiodoturquinho.com.br\/index.php?rest_route=\/wp\/v2\/media\/360"}],"wp:attachment":[{"href":"https:\/\/emporiodoturquinho.com.br\/index.php?rest_route=%2Fwp%2Fv2%2Fmedia&parent=359"}],"wp:term":[{"taxonomy":"product_cat","embeddable":true,"href":"https:\/\/emporiodoturquinho.com.br\/index.php?rest_route=%2Fwp%2Fv2%2Fproduct_cat&post=359"},{"taxonomy":"product_tag","embeddable":true,"href":"https:\/\/emporiodoturquinho.com.br\/index.php?rest_route=%2Fwp%2Fv2%2Fproduct_tag&post=359"}],"curies":[{"name":"wp","href":"https:\/\/api.w.org\/{rel}","templated":true}]}}