{"id":355,"date":"2024-01-25T10:05:22","date_gmt":"2024-01-25T13:05:22","guid":{"rendered":"http:\/\/emporiodoturquinho.com.br\/?post_type=product&#038;p=355"},"modified":"2024-01-25T10:05:22","modified_gmt":"2024-01-25T13:05:22","slug":"pimenta-preta-em-graos","status":"publish","type":"product","link":"https:\/\/emporiodoturquinho.com.br\/?product=pimenta-preta-em-graos","title":{"rendered":"PIMENTA PRETA EM GR\u00c3OS"},"content":{"rendered":"<p>VALORES NUTRICIONAIS Conhe\u00e7a os valores nutricionais deste produto<br \/>\nQuantidade por por\u00e7\u00e3o de 0g (0 Colher de Sopa) %VD(*)<br \/>\nValor Energ\u00e9tico 0Kcal=0KJ 0<br \/>\nCarboidratos 0g 0<br \/>\nProte\u00ednas 0g 0<br \/>\nGorduras Totais 0g 0<br \/>\nGorduras Saturadas 0g 0<br \/>\nGorduras Trans 0g **<br \/>\nFibra Alimentar 0g 0<br \/>\nS\u00f3dio 0mg 0<br \/>\n(*)% Valores Di\u00e1rios de refer\u00eancia com base em uma dieta de 2.000 kcal ou 8.400 kJ. Seus valores di\u00e1rios podem ser maiores ou menores dependendo de suas necessidades energ\u00e9ticas.<\/p>\n<p>Ingrediente(s): Pimenta preta em gr\u00e3os.<\/p>\n<p>Ap\u00f3s a abertura, mantenha a embalagem bem fechada. Armazene em local fresco e seco.<\/p>\n<p>AL\u00c9RGICOS: PODE CONTER TRA\u00c7OS DE SOJA, NOZES, CASTANHAS E AMENDOINS.<\/p>\n<p>N\u00c3O CONT\u00c9M GL\u00daTEN.<\/p>\n<p>CARACTER\u00cdSTICAS<br \/>\nSem Gl\u00faten: Sim<br \/>\nVegano: Sim<br \/>\nLow Carb: Sim<br \/>\nOrg\u00e2nico: N\u00e3o<br \/>\nLivre Transg\u00eanicos: Sim<br \/>\nSem Lactose: Sim<br \/>\nOrigem: Importado<br \/>\nGranel: Sim<\/p>\n","protected":false},"excerpt":{"rendered":"<p>A Pimenta preta, pimenta verde e pimenta branca s\u00e3o na verdade o mesmo fruto (Piper nigrum); a diferen\u00e7a de cor \u00e9 um reflexo dos v\u00e1rios est\u00e1gios de desenvolvimento e m\u00e9todos de processamento.<\/p>\n<p>Os gr\u00e3os s\u00e3o obtidos dos bagos da pimenta quando est\u00e3o meio maduros, quase vermelhos. S\u00e3o ent\u00e3o deixados secando, o que faz com que encolham e fiquem de cor escura. A principal subst\u00e2ncia envolvida na ard\u00eancia das pimentas s\u00e3o a piperina.<\/p>\n<p>Alternativamente, os gr\u00e3os de pimenta verde s\u00e3o apanhados enquanto ainda est\u00e3o verdes, enquanto os gr\u00e3os de pimenta branca s\u00e3o apanhados quando j\u00e1 est\u00e3o muito maduros e em seguida embebidos em salmoura para remover a casca escura, deixando apenas a semente branca da pimenta.<\/p>\n<p>Qual a diferen\u00e7a entre pimenta preta e pimenta-do-reino?<br \/>\nA \u00fanica e pequena diferen\u00e7a entre a Pimenta preta e a Pimenta do reino \u00e9 a pic\u00e2ncia: enquanto a pimenta preta \u00e9 envolvida por uma pequena pel\u00edcula que confere mais ard\u00eancia no sabor, a pimenta do reino (ou pimenta branca) \u00e9 sem esta pel\u00edcula.<\/p>\n<p>Quais benef\u00edcios da Pimenta Preta?<br \/>\nPor conter alcal\u00f3ide piperina, aumenta a produ\u00e7\u00e3o de \u00e1cido clor\u00eddrico no est\u00f4mago. O \u00e1cido clor\u00eddrico \u00e9 necess\u00e1rio para digerir alimentos e absor\u00e7\u00e3o de nutrientes.<\/p>\n<p>A Pimenta preta tamb\u00e9m \u00e9 uma boa fonte de ferro.<\/p>\n<p>Gostou? Fa\u00e7a sua compra agora e receba com todo conforto na sua casa ou trabalho.<\/p>\n","protected":false},"featured_media":356,"comment_status":"open","ping_status":"closed","template":"","meta":[],"product_cat":[63,76],"product_tag":[],"class_list":{"0":"post-355","1":"product","2":"type-product","3":"status-publish","4":"has-post-thumbnail","6":"product_cat-cozinhar-e-temperar","7":"product_cat-graos","9":"first","10":"instock","11":"shipping-taxable","12":"product-type-simple"},"supplier_id":null,"supplier_sku":"","barcode":null,"atum_controlled":true,"out_stock_date":null,"out_stock_threshold":null,"inheritable":false,"inbound_stock":null,"stock_on_hold":0,"sold_today":0,"sales_last_days":0,"reserved_stock":null,"customer_returns":null,"warehouse_damage":null,"lost_in_post":null,"other_logs":null,"out_stock_days":0,"lost_sales":0,"has_location":null,"update_date":"2026-04-22T12:24:24","atum_locations":[],"atum_stock_status":"instock","restock_status":false,"low_stock_amount":"","sales_update_date":"2026-04-22T12:24:24","calc_backorders":null,"_links":{"self":[{"href":"https:\/\/emporiodoturquinho.com.br\/index.php?rest_route=\/wp\/v2\/product\/355","targetHints":{"allow":["GET"]}}],"collection":[{"href":"https:\/\/emporiodoturquinho.com.br\/index.php?rest_route=\/wp\/v2\/product"}],"about":[{"href":"https:\/\/emporiodoturquinho.com.br\/index.php?rest_route=\/wp\/v2\/types\/product"}],"replies":[{"embeddable":true,"href":"https:\/\/emporiodoturquinho.com.br\/index.php?rest_route=%2Fwp%2Fv2%2Fcomments&post=355"}],"wp:featuredmedia":[{"embeddable":true,"href":"https:\/\/emporiodoturquinho.com.br\/index.php?rest_route=\/wp\/v2\/media\/356"}],"wp:attachment":[{"href":"https:\/\/emporiodoturquinho.com.br\/index.php?rest_route=%2Fwp%2Fv2%2Fmedia&parent=355"}],"wp:term":[{"taxonomy":"product_cat","embeddable":true,"href":"https:\/\/emporiodoturquinho.com.br\/index.php?rest_route=%2Fwp%2Fv2%2Fproduct_cat&post=355"},{"taxonomy":"product_tag","embeddable":true,"href":"https:\/\/emporiodoturquinho.com.br\/index.php?rest_route=%2Fwp%2Fv2%2Fproduct_tag&post=355"}],"curies":[{"name":"wp","href":"https:\/\/api.w.org\/{rel}","templated":true}]}}