{"id":349,"date":"2024-01-25T10:02:55","date_gmt":"2024-01-25T13:02:55","guid":{"rendered":"http:\/\/emporiodoturquinho.com.br\/?post_type=product&#038;p=349"},"modified":"2024-01-25T10:02:55","modified_gmt":"2024-01-25T13:02:55","slug":"pimenta-calabresa-em-flocos","status":"publish","type":"product","link":"https:\/\/emporiodoturquinho.com.br\/?product=pimenta-calabresa-em-flocos","title":{"rendered":"PIMENTA CALABRESA EM FLOCOS"},"content":{"rendered":"<p>VALORES NUTRICIONAIS Conhe\u00e7a os valores nutricionais deste produto<br \/>\nQuantidade por por\u00e7\u00e3o de 5g (1 Colher de Sopa) %VD(*)<br \/>\nValor Energ\u00e9tico 2Kcal=8.4KJ 0<br \/>\nCarboidratos 0g 0<br \/>\nProte\u00ednas 0g 0<br \/>\nGorduras Totais 0g 0<br \/>\nGorduras Saturadas 0g 0<br \/>\nGorduras Trans 0g **<br \/>\nFibra Alimentar 0g 0<br \/>\nS\u00f3dio 0mg 0<br \/>\n(*)% Valores Di\u00e1rios de refer\u00eancia com base em uma dieta de 2.000 kcal ou 8.400 kJ. Seus valores di\u00e1rios podem ser maiores ou menores dependendo de suas necessidades energ\u00e9ticas.<\/p>\n<p>Ingrediente(s): Pimenta calabresa.<\/p>\n<p>Ap\u00f3s a abertura, mantenha a embalagem bem fechada. Armazene em local fresco e seco.<\/p>\n<p>AL\u00c9RGICOS: PODE CONTER TRA\u00c7OS DE SOJA, NOZES, CASTANHAS E AMENDOINS.<\/p>\n<p>N\u00c3O CONT\u00c9M GL\u00daTEN.<\/p>\n<p>CARACTER\u00cdSTICAS<br \/>\nSem Gl\u00faten: Sim<br \/>\nVegano: Sim<br \/>\nLow Carb: Sim<br \/>\nOrg\u00e2nico: N\u00e3o<br \/>\nLivre Transg\u00eanicos: Sim<br \/>\nSem Lactose: Sim<br \/>\nOrigem: Nacional<br \/>\nGranel: Sim<\/p>\n","protected":false},"excerpt":{"rendered":"<p>A Pimenta Vermelha, tamb\u00e9m conhecida como Pimenta Calabresa, \u00e9 feita a partir da vers\u00e3o seca da Pimenta Dedo de Mo\u00e7a. Na vers\u00e3o em p\u00f3 \u00e9 ideal para tornar receitas mais picantes e avermelhadas.<\/p>\n<p>Propriedades da Pimenta Vermelha:<br \/>\nA pimenta vermelha tem alto valor vitam\u00ednico al\u00e9m de ser fonte de antioxidantes naturais como a vitamina C, caroten\u00f3ides, provitamina A, vitamina E, vitaminas do complexo B al\u00e9m de compostos fen\u00f3licos. Entre os principais componentes qu\u00edmicos da pimenta destacam-se os capsaicin\u00f3ides, os careton\u00f3ides, o \u00e1cido asc\u00f3rbico, vitamina A e tocofer\u00f3is, cujas concentra\u00e7\u00f5es podem variar com o gen\u00f3tipo e grau de matura\u00e7\u00e3o. A pung\u00eancia ou ardume \u00e9 o principal atributo das pimentas e \u00e9 diretamente relacionada com a concentra\u00e7\u00e3o dos capsaicin\u00f3ides.<\/p>\n<p>Utiliza\u00e7\u00e3o da Pimenta Vermelha:<br \/>\nA pimenta vermelha adicionada as prepara\u00e7\u00f5es altera cor, aroma e sabor dos pratos. Pode ser utilizada para temperar saladas, caldos e carnes.<\/p>\n<p>Gostou? Fa\u00e7a sua compra agora e receba com todo conforto na sua casa ou trabalho.<\/p>\n","protected":false},"featured_media":350,"comment_status":"open","ping_status":"closed","template":"","meta":[],"product_cat":[63,76],"product_tag":[],"class_list":{"0":"post-349","1":"product","2":"type-product","3":"status-publish","4":"has-post-thumbnail","6":"product_cat-cozinhar-e-temperar","7":"product_cat-graos","9":"first","10":"instock","11":"shipping-taxable","12":"product-type-simple"},"supplier_id":null,"supplier_sku":"","barcode":null,"atum_controlled":true,"out_stock_date":null,"out_stock_threshold":null,"inheritable":false,"inbound_stock":null,"stock_on_hold":0,"sold_today":0,"sales_last_days":0,"reserved_stock":null,"customer_returns":null,"warehouse_damage":null,"lost_in_post":null,"other_logs":null,"out_stock_days":0,"lost_sales":0,"has_location":null,"update_date":"2026-04-22T12:24:24","atum_locations":[],"atum_stock_status":"instock","restock_status":false,"low_stock_amount":"","sales_update_date":"2026-04-22T12:24:24","calc_backorders":null,"_links":{"self":[{"href":"https:\/\/emporiodoturquinho.com.br\/index.php?rest_route=\/wp\/v2\/product\/349","targetHints":{"allow":["GET"]}}],"collection":[{"href":"https:\/\/emporiodoturquinho.com.br\/index.php?rest_route=\/wp\/v2\/product"}],"about":[{"href":"https:\/\/emporiodoturquinho.com.br\/index.php?rest_route=\/wp\/v2\/types\/product"}],"replies":[{"embeddable":true,"href":"https:\/\/emporiodoturquinho.com.br\/index.php?rest_route=%2Fwp%2Fv2%2Fcomments&post=349"}],"wp:featuredmedia":[{"embeddable":true,"href":"https:\/\/emporiodoturquinho.com.br\/index.php?rest_route=\/wp\/v2\/media\/350"}],"wp:attachment":[{"href":"https:\/\/emporiodoturquinho.com.br\/index.php?rest_route=%2Fwp%2Fv2%2Fmedia&parent=349"}],"wp:term":[{"taxonomy":"product_cat","embeddable":true,"href":"https:\/\/emporiodoturquinho.com.br\/index.php?rest_route=%2Fwp%2Fv2%2Fproduct_cat&post=349"},{"taxonomy":"product_tag","embeddable":true,"href":"https:\/\/emporiodoturquinho.com.br\/index.php?rest_route=%2Fwp%2Fv2%2Fproduct_tag&post=349"}],"curies":[{"name":"wp","href":"https:\/\/api.w.org\/{rel}","templated":true}]}}