{"id":345,"date":"2024-01-25T10:01:22","date_gmt":"2024-01-25T13:01:22","guid":{"rendered":"http:\/\/emporiodoturquinho.com.br\/?post_type=product&#038;p=345"},"modified":"2024-01-25T10:01:22","modified_gmt":"2024-01-25T13:01:22","slug":"milho-de-pipoca","status":"publish","type":"product","link":"https:\/\/emporiodoturquinho.com.br\/?product=milho-de-pipoca","title":{"rendered":"MILHO DE PIPOCA"},"content":{"rendered":"<p>VALORES NUTRICIONAIS Conhe\u00e7a os valores nutricionais deste produto<br \/>\nQuantidade por por\u00e7\u00e3o de 0g (0 Colheres de Sopa) %VD(*)<br \/>\nValor Energ\u00e9tico 0Kcal=0KJ 0<br \/>\nCarboidratos 0g 0<br \/>\nProte\u00ednas 0g 0<br \/>\nGorduras Totais 0g 0<br \/>\nGorduras Saturadas 0g 0<br \/>\nGorduras Trans 0g **<br \/>\nFibra Alimentar 0g 0<br \/>\nS\u00f3dio 0mg 0<br \/>\n(*)% Valores Di\u00e1rios de refer\u00eancia com base em uma dieta de 2.000 kcal ou 8.400 kJ. Seus valores di\u00e1rios podem ser maiores ou menores dependendo de suas necessidades energ\u00e9ticas.<\/p>\n<p>Ingrediente(s): Milho de Pipoca.<\/p>\n<p>Ap\u00f3s a abertura, mantenha a embalagem bem fechada. Armazene em local fresco e seco.<\/p>\n<p>AL\u00c9RGICOS: PODE CONTER TRA\u00c7OS DE SOJA, NOZES, CASTANHAS E AMENDOINS.<\/p>\n<p>N\u00c3O CONT\u00c9M GL\u00daTEN.<\/p>\n<p>CARACTER\u00cdSTICAS<br \/>\nSem Gl\u00faten: Sim<br \/>\nVegano: Sim<br \/>\nLow Carb: N\u00e3o<br \/>\nOrg\u00e2nico: N\u00e3o<br \/>\nLivre Transg\u00eanicos: N\u00e3o<br \/>\nSem Lactose: Sim<br \/>\nOrigem: Nacional<br \/>\nGranel: Sim<\/p>\n","protected":false},"excerpt":{"rendered":"<p>O Milho de Pipoca \u00e9 um cereal fonte de carboidrato e alto teor de fibras, quando preparado sem adi\u00e7\u00e3o de \u00f3leo e excesso de sal, pode ser uma \u00f3tima op\u00e7\u00e3o para o lanche ou petisco oferecendo menor teor em calorias.<\/p>\n<p>Para quem busca uma vers\u00e7\u00e3o mais saudavel da pipoca, \u00e9 s\u00f3 colocar o milho e a \u00e1gua em uma panela, e levar ao fogo alto com a panela destampada at\u00e9 secar a \u00e1gua. Diminua o fogo, misture os gr\u00e3os com uma colher at\u00e9 dourar. Tampe, agite e deixe estourar. Tempere com ervas e sirva.<\/p>\n<p>Em compara\u00e7\u00e3o aos petiscos e lanchinhos ultra processados, o Milho de Pipoca \u00e9 uma op\u00e7\u00e3o mais saud\u00e1vel de aperitivo. Quando estourada somente com o calor, uma por\u00e7\u00e3o de uma x\u00edcara de pipoca tem aproximadamente 31 calorias e oferece um teor maior em fibras, vitaminas e antioxidantes que outras op\u00e7\u00f5es de guloseimas. Rico em fibras e algumas vitaminas do complexo B.<\/p>\n<p>Gostou? Fa\u00e7a sua compra agora e receba com todo conforto na sua casa ou trabalho.<\/p>\n","protected":false},"featured_media":346,"comment_status":"open","ping_status":"closed","template":"","meta":[],"product_cat":[63,76],"product_tag":[],"class_list":{"0":"post-345","1":"product","2":"type-product","3":"status-publish","4":"has-post-thumbnail","6":"product_cat-cozinhar-e-temperar","7":"product_cat-graos","9":"first","10":"instock","11":"shipping-taxable","12":"product-type-simple"},"supplier_id":null,"supplier_sku":"","barcode":null,"atum_controlled":true,"out_stock_date":null,"out_stock_threshold":null,"inheritable":false,"inbound_stock":null,"stock_on_hold":0,"sold_today":0,"sales_last_days":0,"reserved_stock":null,"customer_returns":null,"warehouse_damage":null,"lost_in_post":null,"other_logs":null,"out_stock_days":0,"lost_sales":0,"has_location":null,"update_date":"2026-04-22T12:24:24","atum_locations":[],"atum_stock_status":"instock","restock_status":false,"low_stock_amount":"","sales_update_date":"2026-04-22T12:24:24","calc_backorders":null,"_links":{"self":[{"href":"https:\/\/emporiodoturquinho.com.br\/index.php?rest_route=\/wp\/v2\/product\/345","targetHints":{"allow":["GET"]}}],"collection":[{"href":"https:\/\/emporiodoturquinho.com.br\/index.php?rest_route=\/wp\/v2\/product"}],"about":[{"href":"https:\/\/emporiodoturquinho.com.br\/index.php?rest_route=\/wp\/v2\/types\/product"}],"replies":[{"embeddable":true,"href":"https:\/\/emporiodoturquinho.com.br\/index.php?rest_route=%2Fwp%2Fv2%2Fcomments&post=345"}],"wp:featuredmedia":[{"embeddable":true,"href":"https:\/\/emporiodoturquinho.com.br\/index.php?rest_route=\/wp\/v2\/media\/346"}],"wp:attachment":[{"href":"https:\/\/emporiodoturquinho.com.br\/index.php?rest_route=%2Fwp%2Fv2%2Fmedia&parent=345"}],"wp:term":[{"taxonomy":"product_cat","embeddable":true,"href":"https:\/\/emporiodoturquinho.com.br\/index.php?rest_route=%2Fwp%2Fv2%2Fproduct_cat&post=345"},{"taxonomy":"product_tag","embeddable":true,"href":"https:\/\/emporiodoturquinho.com.br\/index.php?rest_route=%2Fwp%2Fv2%2Fproduct_tag&post=345"}],"curies":[{"name":"wp","href":"https:\/\/api.w.org\/{rel}","templated":true}]}}