{"id":343,"date":"2024-01-25T10:00:37","date_gmt":"2024-01-25T13:00:37","guid":{"rendered":"http:\/\/emporiodoturquinho.com.br\/?post_type=product&#038;p=343"},"modified":"2024-01-25T10:00:37","modified_gmt":"2024-01-25T13:00:37","slug":"lentilha-canadense","status":"publish","type":"product","link":"https:\/\/emporiodoturquinho.com.br\/?product=lentilha-canadense","title":{"rendered":"LENTILHA CANADENSE"},"content":{"rendered":"<p>VALORES NUTRICIONAIS Conhe\u00e7a os valores nutricionais deste produto<br \/>\nQuantidade por por\u00e7\u00e3o de 50g (1\/2 X\u00edcara de Ch\u00e1) %VD(*)<br \/>\nValor Energ\u00e9tico 177Kcal=739KJ 9<br \/>\nCarboidratos 30g 10<br \/>\nProte\u00ednas 13g 17<br \/>\nGorduras Totais 0.5g 1<br \/>\nGorduras Saturadas 0g 0<br \/>\nGorduras Trans 0g **<br \/>\nFibra Alimentar 15g 60<br \/>\nS\u00f3dio 3.1mg 0<br \/>\n(*)% Valores Di\u00e1rios de refer\u00eancia com base em uma dieta de 2.000 kcal ou 8.400 kJ. Seus valores di\u00e1rios podem ser maiores ou menores dependendo de suas necessidades energ\u00e9ticas.<\/p>\n<p>Ingrediente(s): Lentilha canadense.<\/p>\n<p>Ap\u00f3s a abertura, mantenha a embalagem bem fechada. Armazene em local fresco e seco.<\/p>\n<p>AL\u00c9RGICOS: PODE CONTER TRA\u00c7OS DE SOJA, NOZES, CASTANHAS E AMENDOINS.<\/p>\n<p>N\u00c3O CONT\u00c9M GL\u00daTEN.<\/p>\n<p>CARACTER\u00cdSTICAS<br \/>\nSem Gl\u00faten: Sim<br \/>\nVegano: Sim<br \/>\nLow Carb: N\u00e3o<br \/>\nOrg\u00e2nico: N\u00e3o<br \/>\nLivre Transg\u00eanicos: Sim<br \/>\nSem Lactose: Sim<br \/>\nOrigem: Importado<br \/>\nGranel: Sim<\/p>\n","protected":false},"excerpt":{"rendered":"<p>A Lentilha cresce em vagens, tornando-a parte da fam\u00edlia das leguminosas, juntamente com feij\u00e3o, amendoim e ervilha. Nos Estados Unidos, eles s\u00e3o frequentemente associados \u00e0 culin\u00e1ria vegetariana como boa fonte de prote\u00edna! Podem ser armazenadas por um longo tempo sem refrigera\u00e7\u00e3o. Esses recursos tornaram as lentilhas um alimento b\u00e1sico em muitas culturas em todo o mundo.<\/p>\n<p>Quais as propriedades e benef\u00edcios da Lentilha?<br \/>\nA Lentilha \u00e9 um alimento de elevado valor nutricional, pois cont\u00e9m quantidades apreci\u00e1veis de prote\u00ednas e fibra alimentar, al\u00e9m de ser praticamente isenta de gordura.<\/p>\n<p>\u00c9 tamb\u00e9m rica em vitaminas, especialmente do complexo B como \u00e1cido f\u00f3lico, minerais como magn\u00e9sio, f\u00f3sforo e pot\u00e1ssio, e oligo elementos como molibd\u00e9nio, mangan\u00e9sio, ferro, cobre.<\/p>\n<p>A ingest\u00e3o regular de alimentos ricos em fibra, como a lentilha, melhora consideravelmente fun\u00e7\u00e3o digestiva e cardiovascular.<\/p>\n<p>Como usar a Lentilha?<br \/>\nA Lentilha pode ser utilizada em sopas e ensopados, saladas e acompanhamentos, e aparecem com destaque na culin\u00e1ria indiana, especialmente como o principal ingrediente de um prato conhecido como dal.<\/p>\n<p>Gostou? Fa\u00e7a sua compra agora e receba com todo conforto na sua casa ou trabalho.<\/p>\n","protected":false},"featured_media":344,"comment_status":"open","ping_status":"closed","template":"","meta":[],"product_cat":[63,76],"product_tag":[],"class_list":{"0":"post-343","1":"product","2":"type-product","3":"status-publish","4":"has-post-thumbnail","6":"product_cat-cozinhar-e-temperar","7":"product_cat-graos","9":"first","10":"instock","11":"shipping-taxable","12":"product-type-simple"},"supplier_id":null,"supplier_sku":"","barcode":null,"atum_controlled":true,"out_stock_date":null,"out_stock_threshold":null,"inheritable":false,"inbound_stock":null,"stock_on_hold":0,"sold_today":0,"sales_last_days":0,"reserved_stock":null,"customer_returns":null,"warehouse_damage":null,"lost_in_post":null,"other_logs":null,"out_stock_days":0,"lost_sales":0,"has_location":null,"update_date":"2026-04-22T12:24:24","atum_locations":[],"atum_stock_status":"instock","restock_status":false,"low_stock_amount":"","sales_update_date":"2026-04-22T12:24:24","calc_backorders":null,"_links":{"self":[{"href":"https:\/\/emporiodoturquinho.com.br\/index.php?rest_route=\/wp\/v2\/product\/343","targetHints":{"allow":["GET"]}}],"collection":[{"href":"https:\/\/emporiodoturquinho.com.br\/index.php?rest_route=\/wp\/v2\/product"}],"about":[{"href":"https:\/\/emporiodoturquinho.com.br\/index.php?rest_route=\/wp\/v2\/types\/product"}],"replies":[{"embeddable":true,"href":"https:\/\/emporiodoturquinho.com.br\/index.php?rest_route=%2Fwp%2Fv2%2Fcomments&post=343"}],"wp:featuredmedia":[{"embeddable":true,"href":"https:\/\/emporiodoturquinho.com.br\/index.php?rest_route=\/wp\/v2\/media\/344"}],"wp:attachment":[{"href":"https:\/\/emporiodoturquinho.com.br\/index.php?rest_route=%2Fwp%2Fv2%2Fmedia&parent=343"}],"wp:term":[{"taxonomy":"product_cat","embeddable":true,"href":"https:\/\/emporiodoturquinho.com.br\/index.php?rest_route=%2Fwp%2Fv2%2Fproduct_cat&post=343"},{"taxonomy":"product_tag","embeddable":true,"href":"https:\/\/emporiodoturquinho.com.br\/index.php?rest_route=%2Fwp%2Fv2%2Fproduct_tag&post=343"}],"curies":[{"name":"wp","href":"https:\/\/api.w.org\/{rel}","templated":true}]}}