{"id":341,"date":"2024-01-25T09:59:50","date_gmt":"2024-01-25T12:59:50","guid":{"rendered":"http:\/\/emporiodoturquinho.com.br\/?post_type=product&#038;p=341"},"modified":"2024-01-25T09:59:50","modified_gmt":"2024-01-25T12:59:50","slug":"grao-de-bico","status":"publish","type":"product","link":"https:\/\/emporiodoturquinho.com.br\/?product=grao-de-bico","title":{"rendered":"GR\u00c3O DE BICO"},"content":{"rendered":"<p>VALORES NUTRICIONAIS Conhe\u00e7a os valores nutricionais deste produto<br \/>\nQuantidade por por\u00e7\u00e3o de 50g (1\/3 X\u00edcara de Ch\u00e1) %VD(*)<br \/>\nValor Energ\u00e9tico 182Kcal=760KJ 9<br \/>\nCarboidratos 30g 10<br \/>\nProte\u00ednas 9.2g 12<br \/>\nGorduras Totais 2.7g 5<br \/>\nGorduras Saturadas 0.6g 3<br \/>\nGorduras Trans 0g **<br \/>\nFibra Alimentar 2g 8<br \/>\nS\u00f3dio 65mg 3<br \/>\n(*)% Valores Di\u00e1rios de refer\u00eancia com base em uma dieta de 2.000 kcal ou 8.400 kJ. Seus valores di\u00e1rios podem ser maiores ou menores dependendo de suas necessidades energ\u00e9ticas.<\/p>\n<p>Ingrediente(s): Gr\u00e3o de bico.<\/p>\n<p>Ap\u00f3s a abertura, mantenha a embalagem bem fechada. Armazene em local fresco e seco.<\/p>\n<p>AL\u00c9RGICOS: PODE CONTER TRA\u00c7OS DE CENTEIO, CEVADA, SOJA, NOZES, CASTANHAS E AMENDOINS.<\/p>\n<p>N\u00c3O CONT\u00c9M GL\u00daTEN.<\/p>\n<p>CARACTER\u00cdSTICAS<br \/>\nSem Gl\u00faten: Sim<br \/>\nVegano: Sim<br \/>\nLow Carb: N\u00e3o<br \/>\nOrg\u00e2nico: N\u00e3o<br \/>\nLivre Transg\u00eanicos: Sim<br \/>\nSem Lactose: Sim<br \/>\nOrigem: Importado<br \/>\nGranel: Sim<\/p>\n","protected":false},"excerpt":{"rendered":"<p>O Gr\u00e3o-de-Bico pertence a fam\u00edlia das leguminosas, assim como o feij\u00e3o, ervilha e lentilha. Origin\u00e1ria do Oriente M\u00e9dio, o Gr\u00e3o de Bico \u00e9 uma das leguminosas mais cultivadas nos \u00faltimos 7500 anos.<\/p>\n<p>Como preparar o Gr\u00e3o de Bico?<br \/>\nO Gr\u00e3o de bico precisa de um longo tempo de cozimento se n\u00e3o for deixado de remolho previamente, mas se desfaz facilmente quando cozido por mais tempo.<\/p>\n<p>Se embebido por 12 a 24 horas antes do uso (remolho), o tempo de cozimento pode ser reduzido em cerca de 30 minutos. O Gr\u00e3o-de-Bico tamb\u00e9m pode ser cozido na panela de press\u00e3o para reduzir o tempo de cozimento.<\/p>\n<p>Como usar o Gr\u00e3o de Bico<br \/>\nO Gr\u00e3o-de-bico cozido pode ser consumido frio em saladas, cozido em ensopados , mo\u00eddo em farinha, mo\u00eddo e modelado em bolinhas e depois sendo frito ou assado, dando origem ao falafel (muito conhecido na culin\u00e1ria vegana\/vegetariana), transformado em massa e assado para fazer farinata ou cecina entre outros mil pratos!<\/p>\n<p>Quais os benef\u00edcios do Gr\u00e3o de Bico?<br \/>\nTrata-se leguminosa rica em triptofano, um amino\u00e1cido essencial para a produ\u00e7\u00e3o da serotonina &#8211; subst\u00e2ncia que traz sensa\u00e7\u00f5es agrad\u00e1veis, como felicidade e bem estar. Em termos nutricionais, \u00e9 um produto \u00fanico, pois o gr\u00e3o-de-bico \u00e9 a fonte alimentar com maior teor de magn\u00e9sio (Mg), mineral imprescind\u00edvel ao metabolismo do c\u00e1lcio (Ca). Somando-se o elevado teor de \u00e1cido f\u00f3lico e prote\u00ednas, e a aus\u00eancia de gl\u00faten, qualifica-se como alimento de primeira ordem para a popula\u00e7\u00e3o em geral.<\/p>\n<p>Sugest\u00e3o de consumo: de 1 \u00bd colher (de sopa) a 3 por dia.<\/p>\n<p>Gostou? Fa\u00e7a sua compra agora e receba com todo conforto na sua casa ou trabalho.<\/p>\n","protected":false},"featured_media":342,"comment_status":"open","ping_status":"closed","template":"","meta":[],"product_cat":[63,76],"product_tag":[],"class_list":{"0":"post-341","1":"product","2":"type-product","3":"status-publish","4":"has-post-thumbnail","6":"product_cat-cozinhar-e-temperar","7":"product_cat-graos","9":"first","10":"instock","11":"shipping-taxable","12":"product-type-simple"},"supplier_id":null,"supplier_sku":"","barcode":null,"atum_controlled":true,"out_stock_date":null,"out_stock_threshold":null,"inheritable":false,"inbound_stock":null,"stock_on_hold":0,"sold_today":0,"sales_last_days":0,"reserved_stock":null,"customer_returns":null,"warehouse_damage":null,"lost_in_post":null,"other_logs":null,"out_stock_days":0,"lost_sales":0,"has_location":null,"update_date":"2026-04-22T12:24:24","atum_locations":[],"atum_stock_status":"instock","restock_status":false,"low_stock_amount":"","sales_update_date":"2026-04-22T12:24:24","calc_backorders":null,"_links":{"self":[{"href":"https:\/\/emporiodoturquinho.com.br\/index.php?rest_route=\/wp\/v2\/product\/341","targetHints":{"allow":["GET"]}}],"collection":[{"href":"https:\/\/emporiodoturquinho.com.br\/index.php?rest_route=\/wp\/v2\/product"}],"about":[{"href":"https:\/\/emporiodoturquinho.com.br\/index.php?rest_route=\/wp\/v2\/types\/product"}],"replies":[{"embeddable":true,"href":"https:\/\/emporiodoturquinho.com.br\/index.php?rest_route=%2Fwp%2Fv2%2Fcomments&post=341"}],"wp:featuredmedia":[{"embeddable":true,"href":"https:\/\/emporiodoturquinho.com.br\/index.php?rest_route=\/wp\/v2\/media\/342"}],"wp:attachment":[{"href":"https:\/\/emporiodoturquinho.com.br\/index.php?rest_route=%2Fwp%2Fv2%2Fmedia&parent=341"}],"wp:term":[{"taxonomy":"product_cat","embeddable":true,"href":"https:\/\/emporiodoturquinho.com.br\/index.php?rest_route=%2Fwp%2Fv2%2Fproduct_cat&post=341"},{"taxonomy":"product_tag","embeddable":true,"href":"https:\/\/emporiodoturquinho.com.br\/index.php?rest_route=%2Fwp%2Fv2%2Fproduct_tag&post=341"}],"curies":[{"name":"wp","href":"https:\/\/api.w.org\/{rel}","templated":true}]}}