{"id":331,"date":"2024-01-25T09:56:06","date_gmt":"2024-01-25T12:56:06","guid":{"rendered":"http:\/\/emporiodoturquinho.com.br\/?post_type=product&#038;p=331"},"modified":"2024-01-25T09:56:06","modified_gmt":"2024-01-25T12:56:06","slug":"canjica-de-milho","status":"publish","type":"product","link":"https:\/\/emporiodoturquinho.com.br\/?product=canjica-de-milho","title":{"rendered":"CANJICA DE MILHO"},"content":{"rendered":"<p>VALORES NUTRICIONAIS Conhe\u00e7a os valores nutricionais deste produto<br \/>\nQuantidade por por\u00e7\u00e3o de 50g (1\/2 X\u00edcara de Ch\u00e1) %VD(*)<br \/>\nValor Energ\u00e9tico 195Kcal=817KJ 10<br \/>\nCarboidratos 40g 13<br \/>\nProte\u00ednas 3.7g 5<br \/>\nGorduras Totais 2.2g 4<br \/>\nGorduras Saturadas 0.1g 0<br \/>\nGorduras Trans 0g **<br \/>\nFibra Alimentar 1.3g 5<br \/>\nS\u00f3dio 0mg 0<br \/>\n(*)% Valores Di\u00e1rios de refer\u00eancia com base em uma dieta de 2.000 kcal ou 8.400 kJ. Seus valores di\u00e1rios podem ser maiores ou menores dependendo de suas necessidades energ\u00e9ticas.<\/p>\n<p>Ingrediente(s): Canjica de milho branco.<\/p>\n<p>AL\u00c9RGICOS: PODE CONTER TRA\u00c7OS DE SOJA, NOZES, CASTANHAS E AMENDOINS.<\/p>\n<p>N\u00c3O CONT\u00c9M GL\u00daTEN.<\/p>\n<p>CARACTER\u00cdSTICAS<br \/>\nSem Gl\u00faten: Sim<br \/>\nVegano: Sim<br \/>\nLow Carb: N\u00e3o<br \/>\nOrg\u00e2nico: N\u00e3o<br \/>\nLivre Transg\u00eanicos: N\u00e3o<br \/>\nSem Lactose: Sim<br \/>\nOrigem: Nacional<br \/>\nGranel: Sim<\/p>\n","protected":false},"excerpt":{"rendered":"<p>A Canjica branca \u00e9 obtida a partir de gr\u00e3os selecionados e de germinados de uma qualidade especial de milho amarelo. No geral, a canjica possui diversos benef\u00edcios: cont\u00e9m muitas fibras, ferro, prote\u00ednas, vitaminas do complexo B, magn\u00e9sio, zinco e \u00e1cido f\u00f3lico. Al\u00e9m de ser extremamente saborosa, a canjica ajuda no melhor funcionamento do intestino, facilitando a digest\u00e3o, possui uma gordura boa para o colesterol e pode diminuir o risco de doen\u00e7as cardiovasculares.<\/p>\n<p>Receita de Canjica branca:<br \/>\n1 kg de milho para canjica branca<br \/>\n1 litro de leite<br \/>\n1 lata de leiter condensado<br \/>\n1 x\u00edcara de ch\u00e1 de a\u00e7\u00facar<br \/>\n1 pacote de 50 g de cravo<\/p>\n<p>Modo de preparo:<br \/>\n&#8211; Coloque a canjica de molho por 2 horas em uma bacia com \u00e1gua.<br \/>\n&#8211; Depois escora e em uma panela de press\u00e3o, coloque para cozinhar por mais 40 minutos.<br \/>\n&#8211; Ap\u00f3s este tempo de cozimento escorra novamente e coloque o litro de leite, o a\u00e7\u00facar, o leite condensado e o cravo.<br \/>\n&#8211; Coloque novamente no fogo e cuide para que o leite n\u00e3o derrame e a canjica fique cremosa.<\/p>\n<p>INFORMA\u00c7\u00d5ES ADICIONAIS<br \/>\n-Para diminuir o tempo de molho pode ser levada ao micro-ondas para amolecer a canjica.<\/p>\n<p>Gostou? Fa\u00e7a sua compra agora e receba com todo conforto na sua casa ou trabalho.<\/p>\n","protected":false},"featured_media":332,"comment_status":"open","ping_status":"closed","template":"","meta":[],"product_cat":[63,76],"product_tag":[],"class_list":{"0":"post-331","1":"product","2":"type-product","3":"status-publish","4":"has-post-thumbnail","6":"product_cat-cozinhar-e-temperar","7":"product_cat-graos","9":"first","10":"instock","11":"shipping-taxable","12":"product-type-simple"},"supplier_id":null,"supplier_sku":"","barcode":null,"atum_controlled":true,"out_stock_date":null,"out_stock_threshold":null,"inheritable":false,"inbound_stock":null,"stock_on_hold":0,"sold_today":0,"sales_last_days":0,"reserved_stock":null,"customer_returns":null,"warehouse_damage":null,"lost_in_post":null,"other_logs":null,"out_stock_days":0,"lost_sales":0,"has_location":null,"update_date":"2026-04-22T12:24:24","atum_locations":[],"atum_stock_status":"instock","restock_status":false,"low_stock_amount":"","sales_update_date":"2026-04-22T12:24:24","calc_backorders":null,"_links":{"self":[{"href":"https:\/\/emporiodoturquinho.com.br\/index.php?rest_route=\/wp\/v2\/product\/331","targetHints":{"allow":["GET"]}}],"collection":[{"href":"https:\/\/emporiodoturquinho.com.br\/index.php?rest_route=\/wp\/v2\/product"}],"about":[{"href":"https:\/\/emporiodoturquinho.com.br\/index.php?rest_route=\/wp\/v2\/types\/product"}],"replies":[{"embeddable":true,"href":"https:\/\/emporiodoturquinho.com.br\/index.php?rest_route=%2Fwp%2Fv2%2Fcomments&post=331"}],"wp:featuredmedia":[{"embeddable":true,"href":"https:\/\/emporiodoturquinho.com.br\/index.php?rest_route=\/wp\/v2\/media\/332"}],"wp:attachment":[{"href":"https:\/\/emporiodoturquinho.com.br\/index.php?rest_route=%2Fwp%2Fv2%2Fmedia&parent=331"}],"wp:term":[{"taxonomy":"product_cat","embeddable":true,"href":"https:\/\/emporiodoturquinho.com.br\/index.php?rest_route=%2Fwp%2Fv2%2Fproduct_cat&post=331"},{"taxonomy":"product_tag","embeddable":true,"href":"https:\/\/emporiodoturquinho.com.br\/index.php?rest_route=%2Fwp%2Fv2%2Fproduct_tag&post=331"}],"curies":[{"name":"wp","href":"https:\/\/api.w.org\/{rel}","templated":true}]}}