{"id":329,"date":"2024-01-25T09:55:25","date_gmt":"2024-01-25T12:55:25","guid":{"rendered":"http:\/\/emporiodoturquinho.com.br\/?post_type=product&#038;p=329"},"modified":"2024-01-25T09:55:25","modified_gmt":"2024-01-25T12:55:25","slug":"alho-granulado","status":"publish","type":"product","link":"https:\/\/emporiodoturquinho.com.br\/?product=alho-granulado","title":{"rendered":"ALHO GRANULADO"},"content":{"rendered":"<p>VALORES NUTRICIONAIS Conhe\u00e7a os valores nutricionais deste produto<br \/>\nQuantidade por por\u00e7\u00e3o de 5g (1 Colher de Ch\u00e1) %VD(*)<br \/>\nValor Energ\u00e9tico 7.5Kcal=31,4KJ 0<br \/>\nCarboidratos 1.7g 1<br \/>\nProte\u00ednas 0g 0<br \/>\nGorduras Totais 0g 0<br \/>\nGorduras Saturadas 0g 0<br \/>\nGorduras Trans 0g **<br \/>\nFibra Alimentar 0g 6<br \/>\nS\u00f3dio 0mg 0<br \/>\n(*)% Valores Di\u00e1rios de refer\u00eancia com base em uma dieta de 2.000 kcal ou 8.400 kJ. Seus valores di\u00e1rios podem ser maiores ou menores dependendo de suas necessidades energ\u00e9ticas.<\/p>\n<p>Ingrediente(s): Alho granulado.<\/p>\n<p>Ap\u00f3s abertura da embalagem, mantenha bem fechada, armazenando-a em local fresco e seco.<\/p>\n<p>AL\u00c9RGICOS: PODE CONTER TRA\u00c7OS DE SOJA, NOZES, CASTANHAS E AMENDOINS.<\/p>\n<p>N\u00c3O CONT\u00c9M GL\u00daTEN.<\/p>\n<p>CARACTER\u00cdSTICAS<br \/>\nSem Gl\u00faten: Sim<br \/>\nVegano: Sim<br \/>\nLow Carb: Sim<br \/>\nOrg\u00e2nico: N\u00e3o<br \/>\nLivre Transg\u00eanicos: Sim<br \/>\nSem Lactose: Sim<br \/>\nOrigem: Importado<br \/>\nGranel: Sim<\/p>\n","protected":false},"excerpt":{"rendered":"<p>O Alho Granulado est\u00e1 sempre pronto para qualquer preparo: refogados em geral, legumes, temperos para caldos, sopas e molhos!<\/p>\n<p>A vers\u00e3o granulada do alho \u00e9 bastante vers\u00e1til, pr\u00e1tica e pode ser utilizada em diversas prepara\u00e7\u00f5es salgadas, dando um toque especial principalmente para aqueles que adoram um sabor mais acentuado.<\/p>\n<p>Quais as Propriedades e Benef\u00edcios do Alho Granulado?<br \/>\nA maioria dos benef\u00edcios do Alho para a sa\u00fade s\u00e3o causados por compostos de enxofre formados quando um dente de alho \u00e9 picado ou triturado. Os compostos de enxofre do Alho Granulado entram no organismo pelo trato digestivo e viajam por todo o corpo, onde exercem seus efeitos biol\u00f3gicos.<\/p>\n<p>Qual a sugest\u00e3o de uso do Alho Granulado?<br \/>\nO Alho Granulado pode ser utilizado para condimentar desde pratos simples, at\u00e9 para incrementar saladas, caldos, pat\u00eas e onde mais sua criatividade permitir! Para os amantes de alho, o Alho Granulado pode ser um excelente aliado na cozinha!<\/p>\n<p>Gostou? Fa\u00e7a sua compra agora e receba com todo conforto na sua casa ou trabalho.<\/p>\n","protected":false},"featured_media":330,"comment_status":"open","ping_status":"closed","template":"","meta":[],"product_cat":[63,76],"product_tag":[],"class_list":{"0":"post-329","1":"product","2":"type-product","3":"status-publish","4":"has-post-thumbnail","6":"product_cat-cozinhar-e-temperar","7":"product_cat-graos","9":"first","10":"instock","11":"shipping-taxable","12":"product-type-simple"},"supplier_id":null,"supplier_sku":"","barcode":null,"atum_controlled":true,"out_stock_date":null,"out_stock_threshold":null,"inheritable":false,"inbound_stock":0,"stock_on_hold":0,"sold_today":0,"sales_last_days":0,"reserved_stock":0,"customer_returns":0,"warehouse_damage":0,"lost_in_post":0,"other_logs":0,"out_stock_days":0,"lost_sales":0,"has_location":false,"update_date":"2026-04-22T12:24:24","atum_locations":[],"atum_stock_status":"instock","restock_status":false,"low_stock_amount":"","sales_update_date":"2026-04-22T12:24:24","calc_backorders":null,"_links":{"self":[{"href":"https:\/\/emporiodoturquinho.com.br\/index.php?rest_route=\/wp\/v2\/product\/329","targetHints":{"allow":["GET"]}}],"collection":[{"href":"https:\/\/emporiodoturquinho.com.br\/index.php?rest_route=\/wp\/v2\/product"}],"about":[{"href":"https:\/\/emporiodoturquinho.com.br\/index.php?rest_route=\/wp\/v2\/types\/product"}],"replies":[{"embeddable":true,"href":"https:\/\/emporiodoturquinho.com.br\/index.php?rest_route=%2Fwp%2Fv2%2Fcomments&post=329"}],"wp:featuredmedia":[{"embeddable":true,"href":"https:\/\/emporiodoturquinho.com.br\/index.php?rest_route=\/wp\/v2\/media\/330"}],"wp:attachment":[{"href":"https:\/\/emporiodoturquinho.com.br\/index.php?rest_route=%2Fwp%2Fv2%2Fmedia&parent=329"}],"wp:term":[{"taxonomy":"product_cat","embeddable":true,"href":"https:\/\/emporiodoturquinho.com.br\/index.php?rest_route=%2Fwp%2Fv2%2Fproduct_cat&post=329"},{"taxonomy":"product_tag","embeddable":true,"href":"https:\/\/emporiodoturquinho.com.br\/index.php?rest_route=%2Fwp%2Fv2%2Fproduct_tag&post=329"}],"curies":[{"name":"wp","href":"https:\/\/api.w.org\/{rel}","templated":true}]}}