{"id":317,"date":"2024-01-24T10:24:34","date_gmt":"2024-01-24T13:24:34","guid":{"rendered":"http:\/\/emporiodoturquinho.com.br\/?post_type=product&#038;p=317"},"modified":"2024-01-24T10:24:34","modified_gmt":"2024-01-24T13:24:34","slug":"farinha-de-maracuja","status":"publish","type":"product","link":"https:\/\/emporiodoturquinho.com.br\/?product=farinha-de-maracuja","title":{"rendered":"FARINHA DE MARACUJA"},"content":{"rendered":"<p>VALORES NUTRICIONAIS Conhe\u00e7a os valores nutricionais deste produto<br \/>\nQuantidade por por\u00e7\u00e3o de 50g (5 Colheres de Sopa) %VD(*)<br \/>\nValor Energ\u00e9tico 50Kcal=209kJ 3<br \/>\nCarboidratos 5g 2<br \/>\nProte\u00ednas 5g 7<br \/>\nGorduras Totais 0g 0<br \/>\nGorduras Saturadas 0g 0<br \/>\nGorduras Trans 0g **<br \/>\nFibra Alimentar 30g 120<br \/>\nS\u00f3dio 50mg 2<br \/>\n(*)% Valores Di\u00e1rios de refer\u00eancia com base em uma dieta de 2.000 kcal ou 8.400 kJ. Seus valores di\u00e1rios podem ser maiores ou menores dependendo de suas necessidades energ\u00e9ticas.<\/p>\n<p>Ingrediente(s): Farinha de Maracuj\u00e1.<\/p>\n<p>Ap\u00f3s a abertura, mantenha a embalagem bem fechada. Armazene em local fresco e seco.<\/p>\n<p>AL\u00c9RGICOS: PODE CONTER TRA\u00c7OS DE SOJA, NOZES, CASTANHAS E AMENDOINS.<\/p>\n<p>N\u00c3O CONT\u00c9M GL\u00daTEN.<\/p>\n<p>CARACTER\u00cdSTICAS<br \/>\nSem Gl\u00faten: Sim<br \/>\nVegano: Sim<br \/>\nLow Carb: Sim<br \/>\nOrg\u00e2nico: N\u00e3o<br \/>\nLivre Transg\u00eanicos: Sim<br \/>\nSem Lactose: Sim<br \/>\nOrigem: Nacional<br \/>\nGranel: Sim<\/p>\n","protected":false},"excerpt":{"rendered":"<p>Feita a partir da casca e sementes secas e mo\u00eddas do fruto, a Farinha de Maracuj\u00e1 tem ganhado grande espa\u00e7o nas dietas de reeduca\u00e7\u00e3o alimentar. Possui in\u00fameras propriedades muito ben\u00e9ficas ao organismo.<\/p>\n<p>Quais as propriedades e benef\u00edcios da Farinha de Maracuj\u00e1?<br \/>\nA Farinha de Maracuj\u00e1 tendo como maior agente a pectina, que ao ser ingerida pelo organismo forma um gel, dificultando a absor\u00e7\u00e3o de carboidratos e da glicose produzida no processo digestivo e tamb\u00e9m nas gorduras.<\/p>\n<p>Tamb\u00e9m cont\u00e9m f\u00f3sforo, que \u00e9 fonte de renova\u00e7\u00e3o celular, c\u00e1lcio que ajuda no desenvolvimento dos ossos e dentes, ferro que d\u00e1 mais energia e disposi\u00e7\u00e3o, vitamina B3 que ajuda a transformar alimentos em energia.<\/p>\n<p>Como usar a Farinha de Maracuj\u00e1?<br \/>\nSugest\u00e3o de consumo: 1 colher de sopa cheia por dia de Farinha de Maracuj\u00e1. Misturar a sucos ou vitaminas.<\/p>\n<p>Gostou? Fa\u00e7a sua compra agora e receba com todo conforto na sua casa ou trabalho.<\/p>\n","protected":false},"featured_media":318,"comment_status":"open","ping_status":"closed","template":"","meta":[],"product_cat":[63,68],"product_tag":[],"class_list":{"0":"post-317","1":"product","2":"type-product","3":"status-publish","4":"has-post-thumbnail","6":"product_cat-cozinhar-e-temperar","7":"product_cat-farinhas","9":"first","10":"instock","11":"shipping-taxable","12":"product-type-simple"},"supplier_id":null,"supplier_sku":"","barcode":null,"atum_controlled":true,"out_stock_date":null,"out_stock_threshold":null,"inheritable":false,"inbound_stock":null,"stock_on_hold":0,"sold_today":0,"sales_last_days":0,"reserved_stock":null,"customer_returns":null,"warehouse_damage":null,"lost_in_post":null,"other_logs":null,"out_stock_days":0,"lost_sales":0,"has_location":null,"update_date":"2026-04-22T12:24:24","atum_locations":[],"atum_stock_status":"instock","restock_status":false,"low_stock_amount":"","sales_update_date":"2026-04-22T12:24:24","calc_backorders":null,"_links":{"self":[{"href":"https:\/\/emporiodoturquinho.com.br\/index.php?rest_route=\/wp\/v2\/product\/317","targetHints":{"allow":["GET"]}}],"collection":[{"href":"https:\/\/emporiodoturquinho.com.br\/index.php?rest_route=\/wp\/v2\/product"}],"about":[{"href":"https:\/\/emporiodoturquinho.com.br\/index.php?rest_route=\/wp\/v2\/types\/product"}],"replies":[{"embeddable":true,"href":"https:\/\/emporiodoturquinho.com.br\/index.php?rest_route=%2Fwp%2Fv2%2Fcomments&post=317"}],"wp:featuredmedia":[{"embeddable":true,"href":"https:\/\/emporiodoturquinho.com.br\/index.php?rest_route=\/wp\/v2\/media\/318"}],"wp:attachment":[{"href":"https:\/\/emporiodoturquinho.com.br\/index.php?rest_route=%2Fwp%2Fv2%2Fmedia&parent=317"}],"wp:term":[{"taxonomy":"product_cat","embeddable":true,"href":"https:\/\/emporiodoturquinho.com.br\/index.php?rest_route=%2Fwp%2Fv2%2Fproduct_cat&post=317"},{"taxonomy":"product_tag","embeddable":true,"href":"https:\/\/emporiodoturquinho.com.br\/index.php?rest_route=%2Fwp%2Fv2%2Fproduct_tag&post=317"}],"curies":[{"name":"wp","href":"https:\/\/api.w.org\/{rel}","templated":true}]}}