{"id":315,"date":"2024-01-24T10:23:48","date_gmt":"2024-01-24T13:23:48","guid":{"rendered":"http:\/\/emporiodoturquinho.com.br\/?post_type=product&#038;p=315"},"modified":"2026-04-14T08:15:46","modified_gmt":"2026-04-14T11:15:46","slug":"farinha-de-maca","status":"publish","type":"product","link":"https:\/\/emporiodoturquinho.com.br\/?product=farinha-de-maca","title":{"rendered":"FARINHA DE MA\u00c7A"},"content":{"rendered":"<p>VALORES NUTRICIONAIS Conhe\u00e7a os valores nutricionais deste produto<br \/>\nQuantidade por por\u00e7\u00e3o de 8g (1 Colher de Sopa) %VD(*)<br \/>\nValor Energ\u00e9tico 26.4Kcal=110.5KJ 1<br \/>\nCarboidratos 0g 0<br \/>\nProte\u00ednas 0g 0<br \/>\nGorduras Totais 0g 0<br \/>\nGorduras Saturadas 0g 0<br \/>\nGorduras Trans 0g **<br \/>\nFibra Alimentar 8g 32<br \/>\nS\u00f3dio 0mg 0<br \/>\n(*)% Valores Di\u00e1rios de refer\u00eancia com base em uma dieta de 2.000 kcal ou 8.400 kJ. Seus valores di\u00e1rios podem ser maiores ou menores dependendo de suas necessidades energ\u00e9ticas.<\/p>\n<p>Ingrediente(s): Ma\u00e7\u00e3 desidratada mo\u00edda.<\/p>\n<p>Ap\u00f3s a abertura, mantenha a embalagem bem fechada. Armazene em local fresco e seco.<\/p>\n<p>AL\u00c9RGICOS: PODE CONTER TRA\u00c7OS DE SOJA, NOZES, CASTANHAS E AMENDOINS.<\/p>\n<p>N\u00c3O CONT\u00c9M GL\u00daTEN.<\/p>\n<p>CARACTER\u00cdSTICAS<br \/>\nSem Gl\u00faten: Sim<br \/>\nVegano: Sim<br \/>\nLow Carb: Sim<br \/>\nOrg\u00e2nico: N\u00e3o<br \/>\nLivre Transg\u00eanicos: Sim<br \/>\nSem Lactose: Sim<br \/>\nOrigem: Nacional<br \/>\nGranel: Sim<\/p>\n","protected":false},"excerpt":{"rendered":"<p>A Fibra de Ma\u00e7\u00e3 ou Farinha de Ma\u00e7\u00e3 \u00e9 extra\u00edda atrav\u00e9s do processo de desidrata\u00e7\u00e3o do fruto maduro, que passa posteriormente por um processo de moagem sem perder seu valor nutricional.<\/p>\n<p>Nossos ancestrais acreditavam que \u2019uma ma\u00e7\u00e3 por dia te mant\u00e9m longe dos m\u00e9dicos\u2019 por causa de seus conhecidos benef\u00edcios \u00e0 sa\u00fade. Aparentemente, um dos principais benef\u00edcios do consumo de fibra de ma\u00e7\u00e3 \u00e9 regular o sistema digestivo.<\/p>\n<p>Quais as propriedades e benef\u00edcios da Fibra de Ma\u00e7\u00e3?<br \/>\nA Fibra de Ma\u00e7\u00e3 possui fibras sol\u00faveis e insol\u00faveis que auxiliam no bom funcionamento do intestino. Essas fibras formam um gel que auxilia na absor\u00e7\u00e3o dos \u00e1cidos biliares no tubo digestivo al\u00e9m de gerar maior sensa\u00e7\u00e3o de saciedade.<\/p>\n<p>Sugest\u00e3o de uso da Fibra de Ma\u00e7\u00e3 na culin\u00e1ria<br \/>\nPode ser utilizada em prepara\u00e7\u00f5es diversas, doces ou salgadas. Mais comumente consumida em shakes, sucos, panquecas e p\u00e3es. Sugest\u00e3o de consumo da farinha: 1-2 colheres de sobremesa ao dia entre as refei\u00e7\u00f5es, podendo ser em sucos, frutas, leite vegetal, e cereais.<\/p>\n<p>Gostou? Fa\u00e7a sua compra agora e receba com todo conforto na sua casa ou trabalho.<\/p>\n","protected":false},"featured_media":316,"comment_status":"open","ping_status":"closed","template":"","meta":[],"product_cat":[63,68],"product_tag":[],"class_list":{"0":"post-315","1":"product","2":"type-product","3":"status-publish","4":"has-post-thumbnail","6":"product_cat-cozinhar-e-temperar","7":"product_cat-farinhas","9":"first","10":"instock","11":"shipping-taxable","12":"product-type-simple"},"supplier_id":null,"supplier_sku":"","barcode":null,"atum_controlled":true,"out_stock_date":null,"out_stock_threshold":null,"inheritable":false,"inbound_stock":null,"stock_on_hold":0,"sold_today":0,"sales_last_days":0,"reserved_stock":null,"customer_returns":null,"warehouse_damage":null,"lost_in_post":null,"other_logs":null,"out_stock_days":0,"lost_sales":0,"has_location":null,"update_date":"2026-05-01T12:55:26","atum_locations":[],"atum_stock_status":"instock","restock_status":false,"low_stock_amount":"","sales_update_date":"2026-05-01T12:55:26","calc_backorders":null,"_links":{"self":[{"href":"https:\/\/emporiodoturquinho.com.br\/index.php?rest_route=\/wp\/v2\/product\/315","targetHints":{"allow":["GET"]}}],"collection":[{"href":"https:\/\/emporiodoturquinho.com.br\/index.php?rest_route=\/wp\/v2\/product"}],"about":[{"href":"https:\/\/emporiodoturquinho.com.br\/index.php?rest_route=\/wp\/v2\/types\/product"}],"replies":[{"embeddable":true,"href":"https:\/\/emporiodoturquinho.com.br\/index.php?rest_route=%2Fwp%2Fv2%2Fcomments&post=315"}],"wp:featuredmedia":[{"embeddable":true,"href":"https:\/\/emporiodoturquinho.com.br\/index.php?rest_route=\/wp\/v2\/media\/316"}],"wp:attachment":[{"href":"https:\/\/emporiodoturquinho.com.br\/index.php?rest_route=%2Fwp%2Fv2%2Fmedia&parent=315"}],"wp:term":[{"taxonomy":"product_cat","embeddable":true,"href":"https:\/\/emporiodoturquinho.com.br\/index.php?rest_route=%2Fwp%2Fv2%2Fproduct_cat&post=315"},{"taxonomy":"product_tag","embeddable":true,"href":"https:\/\/emporiodoturquinho.com.br\/index.php?rest_route=%2Fwp%2Fv2%2Fproduct_tag&post=315"}],"curies":[{"name":"wp","href":"https:\/\/api.w.org\/{rel}","templated":true}]}}