{"id":313,"date":"2024-01-24T10:23:08","date_gmt":"2024-01-24T13:23:08","guid":{"rendered":"http:\/\/emporiodoturquinho.com.br\/?post_type=product&#038;p=313"},"modified":"2024-01-24T10:23:08","modified_gmt":"2024-01-24T13:23:08","slug":"farinha-de-linhaca-dourada","status":"publish","type":"product","link":"https:\/\/emporiodoturquinho.com.br\/?product=farinha-de-linhaca-dourada","title":{"rendered":"FARINHA DE LINHA\u00c7A DOURADA"},"content":{"rendered":"<p>VALORES NUTRICIONAIS Conhe\u00e7a os valores nutricionais deste produto<br \/>\nQuantidade por por\u00e7\u00e3o de 30g (3 Colheres de Sopa) %VD(*)<br \/>\nValor Energ\u00e9tico 148Kcal=619kJ 7<br \/>\nCarboidratos 1.8g 1<br \/>\nProte\u00ednas 5.8g 8<br \/>\nGorduras Totais 10g 19<br \/>\nGorduras Saturadas 1g 5<br \/>\nGorduras Trans 0g **<br \/>\nFibra Alimentar 8.4g 34<br \/>\nS\u00f3dio 11mg 1<br \/>\n(*)% Valores Di\u00e1rios de refer\u00eancia com base em uma dieta de 2.000 kcal ou 8.400 kJ. Seus valores di\u00e1rios podem ser maiores ou menores dependendo de suas necessidades energ\u00e9ticas.<\/p>\n<p>Ingrediente(s): Farinha de linha\u00e7a dourada.<\/p>\n<p>Ap\u00f3s a abertura, mantenha a embalagem bem fechada. Armazene em local fresco e seco.<\/p>\n<p>AL\u00c9RGICOS: PODE CONTER TRA\u00c7OS DE SOJA, NOZES, CASTANHAS E AMENDOINS.<\/p>\n<p>N\u00c3O CONT\u00c9M GL\u00daTEN.<\/p>\n<p>CARACTER\u00cdSTICAS<br \/>\nSem Gl\u00faten: Sim<br \/>\nVegano: Sim<br \/>\nLow Carb: Sim<br \/>\nOrg\u00e2nico: N\u00e3o<br \/>\nLivre Transg\u00eanicos: Sim<br \/>\nSem Lactose: Sim<br \/>\nOrigem: Importado<br \/>\nGranel: Sim<\/p>\n","protected":false},"excerpt":{"rendered":"<p>A Farinha de linha\u00e7a dourada \u00e9 uma vers\u00e3o mo\u00edda da Semente de Linha\u00e7a. Sua apresenta\u00e7\u00e3o em farinha torna mais f\u00e1cil a ingest\u00e3o e inser\u00e7\u00e3o em diversas receitas e preparos culin\u00e1rios. A Farinha de Linha\u00e7a Dourada traz mais benef\u00edcios nutricionais que a semente inteira, que possui uma casca dura, dif\u00edcil de digerir.<\/p>\n<p>Quais as propriedades da Farinha de Linha\u00e7a Dourada?<br \/>\nNa composi\u00e7\u00e3o da Semente de Linha\u00e7a est\u00e3o presentes prote\u00ednas, fibras alimentares e \u00e1cidos graxos poli-insaturados (\u00d4mega 3 e \u00d4mega 6), que lhe conferem a propriedade de alimento funcional. A semente de linha\u00e7a \u00e9 a mais rica fonte de \u00d4mega 3 existente na natureza.<\/p>\n<p>Sugest\u00e3o de Consumo da Farinha de Linha\u00e7a Dourada<br \/>\nPode ser utilizada em iogurtes, saladas, sucos, vitaminas, misturada \u00e0 cereais, massas de p\u00e3es e bolos e em todos os outros alimentos.<\/p>\n<p>Gostou? Fa\u00e7a sua compra agora e receba com todo conforto na sua casa ou trabalho.<\/p>\n","protected":false},"featured_media":314,"comment_status":"open","ping_status":"closed","template":"","meta":[],"product_cat":[63,68],"product_tag":[],"class_list":{"0":"post-313","1":"product","2":"type-product","3":"status-publish","4":"has-post-thumbnail","6":"product_cat-cozinhar-e-temperar","7":"product_cat-farinhas","9":"first","10":"instock","11":"shipping-taxable","12":"product-type-simple"},"supplier_id":null,"supplier_sku":"","barcode":null,"atum_controlled":true,"out_stock_date":null,"out_stock_threshold":null,"inheritable":false,"inbound_stock":null,"stock_on_hold":0,"sold_today":0,"sales_last_days":0,"reserved_stock":null,"customer_returns":null,"warehouse_damage":null,"lost_in_post":null,"other_logs":null,"out_stock_days":0,"lost_sales":0,"has_location":null,"update_date":"2026-04-22T12:24:24","atum_locations":[],"atum_stock_status":"instock","restock_status":false,"low_stock_amount":"","sales_update_date":"2026-04-22T12:24:24","calc_backorders":null,"_links":{"self":[{"href":"https:\/\/emporiodoturquinho.com.br\/index.php?rest_route=\/wp\/v2\/product\/313","targetHints":{"allow":["GET"]}}],"collection":[{"href":"https:\/\/emporiodoturquinho.com.br\/index.php?rest_route=\/wp\/v2\/product"}],"about":[{"href":"https:\/\/emporiodoturquinho.com.br\/index.php?rest_route=\/wp\/v2\/types\/product"}],"replies":[{"embeddable":true,"href":"https:\/\/emporiodoturquinho.com.br\/index.php?rest_route=%2Fwp%2Fv2%2Fcomments&post=313"}],"wp:featuredmedia":[{"embeddable":true,"href":"https:\/\/emporiodoturquinho.com.br\/index.php?rest_route=\/wp\/v2\/media\/314"}],"wp:attachment":[{"href":"https:\/\/emporiodoturquinho.com.br\/index.php?rest_route=%2Fwp%2Fv2%2Fmedia&parent=313"}],"wp:term":[{"taxonomy":"product_cat","embeddable":true,"href":"https:\/\/emporiodoturquinho.com.br\/index.php?rest_route=%2Fwp%2Fv2%2Fproduct_cat&post=313"},{"taxonomy":"product_tag","embeddable":true,"href":"https:\/\/emporiodoturquinho.com.br\/index.php?rest_route=%2Fwp%2Fv2%2Fproduct_tag&post=313"}],"curies":[{"name":"wp","href":"https:\/\/api.w.org\/{rel}","templated":true}]}}