{"id":311,"date":"2024-01-24T10:22:23","date_gmt":"2024-01-24T13:22:23","guid":{"rendered":"http:\/\/emporiodoturquinho.com.br\/?post_type=product&#038;p=311"},"modified":"2024-01-24T10:22:23","modified_gmt":"2024-01-24T13:22:23","slug":"farinha-de-grao-de-bico","status":"publish","type":"product","link":"https:\/\/emporiodoturquinho.com.br\/?product=farinha-de-grao-de-bico","title":{"rendered":"FARINHA DE GR\u00c3O DE BICO"},"content":{"rendered":"<p>VALORES NUTRICIONAIS Conhe\u00e7a os valores nutricionais deste produto<br \/>\nQuantidade por por\u00e7\u00e3o de 50g (1\/2 X\u00edcara de Ch\u00e1) %VD(*)<br \/>\nValor Energ\u00e9tico 121Kcal=507kJ 6<br \/>\nCarboidratos 18g 6<br \/>\nProte\u00ednas 7.4g 10<br \/>\nGorduras Totais 2.1g 4<br \/>\nGorduras Saturadas 0.2g 1<br \/>\nGorduras Trans 0g **<br \/>\nFibra Alimentar 3.4g 14<br \/>\nS\u00f3dio 20mg 1<br \/>\n(*)% Valores Di\u00e1rios de refer\u00eancia com base em uma dieta de 2.000 kcal ou 8.400 kJ. Seus valores di\u00e1rios podem ser maiores ou menores dependendo de suas necessidades energ\u00e9ticas.<\/p>\n<p>Ingrediente(s): Farinha de gr\u00e3o de bico.<\/p>\n<p>Ap\u00f3s a abertura, mantenha a embalagem bem fechada. Armazene em local fresco e seco.<\/p>\n<p>AL\u00c9RGICOS: PODE CONTER TRA\u00c7OS DE CENTEIO, CEVADA, SOJA, NOZES, CASTANHAS E AMENDOINS.<\/p>\n<p>N\u00c3O CONT\u00c9M GL\u00daTEN.<\/p>\n<p>CARACTER\u00cdSTICAS<br \/>\nSem Gl\u00faten: Sim<br \/>\nVegano: Sim<br \/>\nLow Carb: N\u00e3o<br \/>\nOrg\u00e2nico: N\u00e3o<br \/>\nLivre Transg\u00eanicos: Sim<br \/>\nSem Lactose: Sim<br \/>\nOrigem: Importado<br \/>\nGranel: Sim<\/p>\n","protected":false},"excerpt":{"rendered":"<p>A farinha de gr\u00e3o-de-bico \u00e9 produzida a partir da moagem do gr\u00e3o-de-bico seco, leguminosa popular na culin\u00e1ria do Mediterr\u00e2neo, Oriente M\u00e9dio e \u00cdndia.<\/p>\n<p>Aos intolerantes ao gl\u00faten, que n\u00e3o podem consumir farinha de trigo, a farinha de gr\u00e3o-de-bico \u00e9 uma op\u00e7\u00e3o substitutiva, al\u00e9m de mais nutritiva e natural. Seu sabor \u00e9 amendoado.<\/p>\n<p>PROPRIEDADES DA FARINHA DE GR\u00c3O-DE-BICO<br \/>\nA farinha de gr\u00e3o-de-bico \u00e9 rica em vitaminas do complexo B: vitaminas B1 ou tiamina, B2 ou riboflavina, B3 ou niacina, B6 e B9 ou \u00e1cido f\u00f3lico. Tamb\u00e9m se destacam as vitaminas A, C e E.<\/p>\n<p>Cont\u00e9m um alto teor de ferro, mais do que o encontrado na carne, e grande quantidade de fibras, prote\u00ednas e magn\u00e9sio com baixo \u00edndice glic\u00eamico.<\/p>\n<p>Esse produto tem em sua composi\u00e7\u00e3o apenas um ingrediente: gr\u00e3o-de-bico cru.<\/p>\n<p>. N\u00e3o cont\u00e9m gl\u00faten.<\/p>\n<p>. N\u00e3o cont\u00e9m derivados de leite.<\/p>\n<p>BENEF\u00cdCIOS<br \/>\n. D\u00e1 mais saciedade;<\/p>\n<p>. Seus antioxidantes lutam contra mol\u00e9culas inst\u00e1veis ??chamadas radicais livres;<\/p>\n<p>. Ajuda no tr\u00e2nsito intestinal.<\/p>\n<p>MAIS SABORES COM A FARINHA DE GR\u00c3O-DE-BICO<br \/>\nA farinha de gr\u00e3o-de-bico pode ser usada em receitas para bolos, panquecas, crepes, tapiocas, p\u00e3es, tortas, muffins e biscoitos, al\u00e9m de ficar deliciosa em sucos naturais e vitaminas.<\/p>\n<p>Uma outra dica \u00e9 usar a farinha de gr\u00e3o-de-bico na fabrica\u00e7\u00e3o de hamb\u00fargueres veganos artesanais junto a outros ingredientes. Fica show!<\/p>\n<p>Gostou? Fa\u00e7a sua compra agora e receba com todo conforto na sua casa ou trabalho.<\/p>\n<p>&nbsp;<\/p>\n","protected":false},"featured_media":312,"comment_status":"open","ping_status":"closed","template":"","meta":[],"product_cat":[63,68],"product_tag":[],"class_list":{"0":"post-311","1":"product","2":"type-product","3":"status-publish","4":"has-post-thumbnail","6":"product_cat-cozinhar-e-temperar","7":"product_cat-farinhas","9":"first","10":"instock","11":"shipping-taxable","12":"product-type-simple"},"supplier_id":null,"supplier_sku":"","barcode":null,"atum_controlled":true,"out_stock_date":null,"out_stock_threshold":null,"inheritable":false,"inbound_stock":null,"stock_on_hold":0,"sold_today":0,"sales_last_days":0,"reserved_stock":null,"customer_returns":null,"warehouse_damage":null,"lost_in_post":null,"other_logs":null,"out_stock_days":0,"lost_sales":0,"has_location":null,"update_date":"2026-04-22T12:24:24","atum_locations":[],"atum_stock_status":"instock","restock_status":false,"low_stock_amount":"","sales_update_date":"2026-04-22T12:24:24","calc_backorders":null,"_links":{"self":[{"href":"https:\/\/emporiodoturquinho.com.br\/index.php?rest_route=\/wp\/v2\/product\/311","targetHints":{"allow":["GET"]}}],"collection":[{"href":"https:\/\/emporiodoturquinho.com.br\/index.php?rest_route=\/wp\/v2\/product"}],"about":[{"href":"https:\/\/emporiodoturquinho.com.br\/index.php?rest_route=\/wp\/v2\/types\/product"}],"replies":[{"embeddable":true,"href":"https:\/\/emporiodoturquinho.com.br\/index.php?rest_route=%2Fwp%2Fv2%2Fcomments&post=311"}],"wp:featuredmedia":[{"embeddable":true,"href":"https:\/\/emporiodoturquinho.com.br\/index.php?rest_route=\/wp\/v2\/media\/312"}],"wp:attachment":[{"href":"https:\/\/emporiodoturquinho.com.br\/index.php?rest_route=%2Fwp%2Fv2%2Fmedia&parent=311"}],"wp:term":[{"taxonomy":"product_cat","embeddable":true,"href":"https:\/\/emporiodoturquinho.com.br\/index.php?rest_route=%2Fwp%2Fv2%2Fproduct_cat&post=311"},{"taxonomy":"product_tag","embeddable":true,"href":"https:\/\/emporiodoturquinho.com.br\/index.php?rest_route=%2Fwp%2Fv2%2Fproduct_tag&post=311"}],"curies":[{"name":"wp","href":"https:\/\/api.w.org\/{rel}","templated":true}]}}