{"id":309,"date":"2024-01-24T10:21:38","date_gmt":"2024-01-24T13:21:38","guid":{"rendered":"http:\/\/emporiodoturquinho.com.br\/?post_type=product&#038;p=309"},"modified":"2024-04-10T06:07:26","modified_gmt":"2024-04-10T09:07:26","slug":"farinha-de-coco","status":"publish","type":"product","link":"https:\/\/emporiodoturquinho.com.br\/?product=farinha-de-coco","title":{"rendered":"FARINHA DE COCO"},"content":{"rendered":"<p>VALORES NUTRICIONAIS Conhe\u00e7a os valores nutricionais deste produto<br \/>\nQuantidade por por\u00e7\u00e3o de 10g (1 Colher de Sopa) %VD(*)<br \/>\nValor Energ\u00e9tico 54Kcal=226kJ 3<br \/>\nCarboidratos 0.5g 0<br \/>\nProte\u00ednas 1.3g 2<br \/>\nGorduras Totais 5.2g 10<br \/>\nGorduras Saturadas 3.9g 18<br \/>\nGorduras Trans 0g **<br \/>\nFibra Alimentar 2.5g 10<br \/>\nS\u00f3dio 7mg 0<br \/>\n(*)% Valores Di\u00e1rios de refer\u00eancia com base em uma dieta de 2.000 kcal ou 8.400 kJ. Seus valores di\u00e1rios podem ser maiores ou menores dependendo de suas necessidades energ\u00e9ticas.<\/p>\n<p>Ingrediente(s): Farinha de coco.<\/p>\n<p>Ap\u00f3s a abertura, mantenha a embalagem bem fechada. Armazene em local fresco e seco.<\/p>\n<p>AL\u00c9RGICOS: PODE CONTER TRA\u00c7OS DE SOJA, NOZES, CASTANHAS E AMENDOINS.<\/p>\n<p>N\u00c3O CONT\u00c9M GL\u00daTEN.<\/p>\n<p>CARACTER\u00cdSTICAS<br \/>\nSem Gl\u00faten: Sim<br \/>\nVegano: Sim<br \/>\nLow Carb: Sim<br \/>\nOrg\u00e2nico: N\u00e3o<br \/>\nLivre Transg\u00eanicos: Sim<br \/>\nSem Lactose: Sim<br \/>\nOrigem: Importado<br \/>\nGranel: Sim<\/p>\n","protected":false},"excerpt":{"rendered":"<p>O coco \u00e9 um alimento nutritivo, pois \u00e9 rico em fibras, vitaminas, minerais e gorduras saud\u00e1veis. Com baixo teor glic\u00eamico e livre de gl\u00faten, a farinha de coco \u00e9 um uma fonte poderosa de nutrientes essenciais para o nosso organismo.<\/p>\n<p>Estima-se que podemos encontrar 2,5 gramas de fibras a cada colher de sopa da farinha (10 g). Isso equivale a 10% do que precisamos consumir ao dia.<\/p>\n<p>BENEF\u00cdCIOS<br \/>\n. Fornece energia: a farinha de coco \u00e9 um &#8216;boom&#8217; de energia para o nosso organismo porque grande parte da gordura saturada do coco \u00e9 metabolizada pelo f\u00edgado, transformando rapidamente em energia para o corpo.<\/p>\n<p>. Facilita a digest\u00e3o: repleta de fibras sol\u00faveis e de a\u00e7\u00e3o fermentadora, \u00e9 ben\u00e9fica para a sa\u00fade do intestino.<\/p>\n<p>. Aumenta a saciedade.<\/p>\n<p>. Fortalece a imunidade: por conter \u00e1cido l\u00e1urico, ajuda a promover a produ\u00e7\u00e3o de monolaurina, que age basicamente como um exterminador de bact\u00e9rias.<\/p>\n<p>MAIS SABORES COM A FARINHA DE COCO<br \/>\nA farinha de coco pode ser consumida diretamente com shakes, sucos, iogurtes, frutas e, ainda, enriquecer receitas de p\u00e3es, tortas, biscoitos e bolos. Pode funcionar muito bem como espessante para molhos e sopas.<\/p>\n<p>Dica: Ela \u00e9 muito usada pelos cel\u00edacos para substituir a farinha de trigo em algumas prepara\u00e7\u00f5es. Experimente e apure seu paladar.<\/p>\n<p>Gostou? Fa\u00e7a sua compra agora e receba com todo conforto na sua casa ou trabalho.<\/p>\n","protected":false},"featured_media":310,"comment_status":"open","ping_status":"closed","template":"","meta":[],"product_cat":[63,68],"product_tag":[],"class_list":{"0":"post-309","1":"product","2":"type-product","3":"status-publish","4":"has-post-thumbnail","6":"product_cat-cozinhar-e-temperar","7":"product_cat-farinhas","9":"first","10":"instock","11":"shipping-taxable","12":"product-type-simple"},"supplier_id":null,"supplier_sku":"","barcode":null,"atum_controlled":true,"out_stock_date":null,"out_stock_threshold":null,"inheritable":false,"inbound_stock":null,"stock_on_hold":0,"sold_today":0,"sales_last_days":0,"reserved_stock":null,"customer_returns":null,"warehouse_damage":null,"lost_in_post":null,"other_logs":null,"out_stock_days":0,"lost_sales":0,"has_location":null,"update_date":"2026-04-22T12:24:24","atum_locations":[],"atum_stock_status":"instock","restock_status":false,"low_stock_amount":"","sales_update_date":"2026-04-22T12:24:24","calc_backorders":null,"_links":{"self":[{"href":"https:\/\/emporiodoturquinho.com.br\/index.php?rest_route=\/wp\/v2\/product\/309","targetHints":{"allow":["GET"]}}],"collection":[{"href":"https:\/\/emporiodoturquinho.com.br\/index.php?rest_route=\/wp\/v2\/product"}],"about":[{"href":"https:\/\/emporiodoturquinho.com.br\/index.php?rest_route=\/wp\/v2\/types\/product"}],"replies":[{"embeddable":true,"href":"https:\/\/emporiodoturquinho.com.br\/index.php?rest_route=%2Fwp%2Fv2%2Fcomments&post=309"}],"wp:featuredmedia":[{"embeddable":true,"href":"https:\/\/emporiodoturquinho.com.br\/index.php?rest_route=\/wp\/v2\/media\/310"}],"wp:attachment":[{"href":"https:\/\/emporiodoturquinho.com.br\/index.php?rest_route=%2Fwp%2Fv2%2Fmedia&parent=309"}],"wp:term":[{"taxonomy":"product_cat","embeddable":true,"href":"https:\/\/emporiodoturquinho.com.br\/index.php?rest_route=%2Fwp%2Fv2%2Fproduct_cat&post=309"},{"taxonomy":"product_tag","embeddable":true,"href":"https:\/\/emporiodoturquinho.com.br\/index.php?rest_route=%2Fwp%2Fv2%2Fproduct_tag&post=309"}],"curies":[{"name":"wp","href":"https:\/\/api.w.org\/{rel}","templated":true}]}}