{"id":303,"date":"2024-01-24T10:19:17","date_gmt":"2024-01-24T13:19:17","guid":{"rendered":"http:\/\/emporiodoturquinho.com.br\/?post_type=product&#038;p=303"},"modified":"2024-01-24T10:19:17","modified_gmt":"2024-01-24T13:19:17","slug":"farinha-de-berinjela","status":"publish","type":"product","link":"https:\/\/emporiodoturquinho.com.br\/?product=farinha-de-berinjela","title":{"rendered":"FARINHA DE BERINJELA"},"content":{"rendered":"<p>VALORES NUTRICIONAIS Conhe\u00e7a os valores nutricionais deste produto<br \/>\nQuantidade por por\u00e7\u00e3o de 30g (3 Colheres de Sopa) %VD(*)<br \/>\nValor Energ\u00e9tico 30Kcal=126kJ 2<br \/>\nCarboidratos 9g 3<br \/>\nProte\u00ednas 0g 0<br \/>\nGorduras Totais 0g 0<br \/>\nGorduras Saturadas 0g 0<br \/>\nGorduras Trans 0g **<br \/>\nFibra Alimentar 0g 0<br \/>\nS\u00f3dio 0mg 0<br \/>\n(*)% Valores Di\u00e1rios de refer\u00eancia com base em uma dieta de 2.000 kcal ou 8.400 kJ. Seus valores di\u00e1rios podem ser maiores ou menores dependendo de suas necessidades energ\u00e9ticas.<\/p>\n<p>Ingrediente(s): Farinha de berinjela.<\/p>\n<p>Ap\u00f3s a abertura, mantenha a embalagem bem fechada. Armazene em local fresco e seco.<\/p>\n<p>AL\u00c9RGICOS: PODE CONTER TRA\u00c7OS DE CENTEIO, CEVADA, SOJA, NOZES, CASTANHAS E AMENDOINS.<\/p>\n<p>N\u00c3O CONT\u00c9M GL\u00daTEN.<\/p>\n<p>CARACTER\u00cdSTICAS<br \/>\nSem Gl\u00faten: Sim<br \/>\nVegano: Sim<br \/>\nLow Carb: Sim<br \/>\nOrg\u00e2nico: N\u00e3o<br \/>\nLivre Transg\u00eanicos: Sim<br \/>\nSem Lactose: Sim<br \/>\nOrigem: Nacional<br \/>\nGranel: Sim<\/p>\n","protected":false},"excerpt":{"rendered":"<p>Tem gente que n\u00e3o gosta de berinjela e uma forma de introduzir suas riquezas nutricionais no card\u00e1pio \u00e9 atrav\u00e9s do uso da farinha de berinjela que se destaca por ser altamente vers\u00e1til e por possuir um sabor neutro que n\u00e3o afeta o sabor das prepara\u00e7\u00f5es feitas com ela.<\/p>\n<p>PROPRIEDADES DA FARINHA DE BERINJELA<br \/>\nDe forma geral ela cont\u00e9m poucos carboidratos e \u00e9 rica em fibras alimentares, vitaminas e em magn\u00e9sio, que \u00e9 um mineral importante para a produ\u00e7\u00e3o de serotonina.<\/p>\n<p>Tem propriedades hipoglicemiantes, sacietog\u00eanicas e hipolipemiantes, al\u00e9m da presen\u00e7a das vitaminas A, C e do complexo B.<br \/>\nN\u00e3o cont\u00e9m gl\u00faten na sua composi\u00e7\u00e3o.<\/p>\n<p>BENEF\u00cdCIOS<br \/>\n. Prolonga a saciedade;<\/p>\n<p>. Combate o excesso dos radicais livres no organismo;<\/p>\n<p>. Ajuda o sistema imunol\u00f3gico;<\/p>\n<p>. Ajuda a melhorar o humor!<\/p>\n<p>COMO CONSUMIR A FARINHA DE BERINJELA<br \/>\nA recomenda\u00e7\u00e3o \u00e9 consumir aproximadamente 4 colheres de sopa por dia da farinha de berinjela, mas como a quantidade depende muito do hist\u00f3rico de sa\u00fade da pessoa, obtenha uma avalia\u00e7\u00e3o, orienta\u00e7\u00e3o e acompanhamento de um m\u00e9dico ou nutricionista.<\/p>\n<p>MAIS SABORES COM A FARINHA DE BERINJELA<br \/>\nPara quem deseja seguir uma dieta mais low carb, uma \u00f3tima dica \u00e9 usar a farinha de berinjela no preparo de p\u00e3es, panquecas, bolos, tortas, pizzas e at\u00e9 mesmo em cookies ou smoothies mais nutritivos.<\/p>\n<p>Aposte em gostosos sucos, iogurtes e vitaminas feitos com farinha de berinjela.<\/p>\n<p>Gostou? Fa\u00e7a sua compra agora e receba com todo conforto na sua casa ou trabalho.<\/p>\n","protected":false},"featured_media":304,"comment_status":"open","ping_status":"closed","template":"","meta":[],"product_cat":[63,68],"product_tag":[],"class_list":{"0":"post-303","1":"product","2":"type-product","3":"status-publish","4":"has-post-thumbnail","6":"product_cat-cozinhar-e-temperar","7":"product_cat-farinhas","9":"first","10":"instock","11":"shipping-taxable","12":"product-type-simple"},"supplier_id":null,"supplier_sku":"","barcode":null,"atum_controlled":true,"out_stock_date":null,"out_stock_threshold":null,"inheritable":false,"inbound_stock":null,"stock_on_hold":0,"sold_today":0,"sales_last_days":0,"reserved_stock":null,"customer_returns":null,"warehouse_damage":null,"lost_in_post":null,"other_logs":null,"out_stock_days":0,"lost_sales":0,"has_location":null,"update_date":"2026-04-22T12:24:24","atum_locations":[],"atum_stock_status":"instock","restock_status":false,"low_stock_amount":"","sales_update_date":"2026-04-22T12:24:24","calc_backorders":null,"_links":{"self":[{"href":"https:\/\/emporiodoturquinho.com.br\/index.php?rest_route=\/wp\/v2\/product\/303","targetHints":{"allow":["GET"]}}],"collection":[{"href":"https:\/\/emporiodoturquinho.com.br\/index.php?rest_route=\/wp\/v2\/product"}],"about":[{"href":"https:\/\/emporiodoturquinho.com.br\/index.php?rest_route=\/wp\/v2\/types\/product"}],"replies":[{"embeddable":true,"href":"https:\/\/emporiodoturquinho.com.br\/index.php?rest_route=%2Fwp%2Fv2%2Fcomments&post=303"}],"wp:featuredmedia":[{"embeddable":true,"href":"https:\/\/emporiodoturquinho.com.br\/index.php?rest_route=\/wp\/v2\/media\/304"}],"wp:attachment":[{"href":"https:\/\/emporiodoturquinho.com.br\/index.php?rest_route=%2Fwp%2Fv2%2Fmedia&parent=303"}],"wp:term":[{"taxonomy":"product_cat","embeddable":true,"href":"https:\/\/emporiodoturquinho.com.br\/index.php?rest_route=%2Fwp%2Fv2%2Fproduct_cat&post=303"},{"taxonomy":"product_tag","embeddable":true,"href":"https:\/\/emporiodoturquinho.com.br\/index.php?rest_route=%2Fwp%2Fv2%2Fproduct_tag&post=303"}],"curies":[{"name":"wp","href":"https:\/\/api.w.org\/{rel}","templated":true}]}}