{"id":291,"date":"2024-01-24T10:12:07","date_gmt":"2024-01-24T13:12:07","guid":{"rendered":"http:\/\/emporiodoturquinho.com.br\/?post_type=product&#038;p=291"},"modified":"2024-01-25T10:18:57","modified_gmt":"2024-01-25T13:18:57","slug":"291","status":"publish","type":"product","link":"https:\/\/emporiodoturquinho.com.br\/?product=291","title":{"rendered":"NIBS DE CACAU"},"content":{"rendered":"<p>VALORES NUTRICIONAIS Conhe\u00e7a os valores nutricionais deste produto<br \/>\nQuantidade por por\u00e7\u00e3o de 15g (2 Colheres de Sopa) %VD(*)<br \/>\nValor Energ\u00e9tico 92Kcal=385KJ 5<br \/>\nCarboidratos 6.4g 2<br \/>\nProte\u00ednas 1.4g 2<br \/>\nGorduras Totais 6.7g 12<br \/>\nGorduras Saturadas 0g 0<br \/>\nGorduras Trans 0g **<br \/>\nFibra Alimentar 0g 0<br \/>\nS\u00f3dio 13mg 1<br \/>\n(*)% Valores Di\u00e1rios de refer\u00eancia com base em uma dieta de 2.000 kcal ou 8.400 kJ. Seus valores di\u00e1rios podem ser maiores ou menores dependendo de suas necessidades energ\u00e9ticas.<\/p>\n<p>Ingrediente(s): Nibs de cacau.<\/p>\n<p>Ap\u00f3s a abertura, mantenha a embalagem bem fechada. Armazene em local fresco e seco.<\/p>\n<p>AL\u00c9RGICOS: PODE CONTER TRA\u00c7OS DE CENTEIO, CEVADA, SOJA, NOZES, CASTANHAS E AMENDOINS.<\/p>\n<p>N\u00c3O CONT\u00c9M GL\u00daTEN.<\/p>\n<p>CARACTER\u00cdSTICAS<br \/>\nSem Gl\u00faten: Sim<br \/>\nVegano: Sim<br \/>\nLow Carb: Sim<br \/>\nOrg\u00e2nico: N\u00e3o<br \/>\nLivre Transg\u00eanicos: Sim<br \/>\nSem Lactose: Sim<br \/>\nOrigem: Importado<br \/>\nGranel: Sim<\/p>\n","protected":false},"excerpt":{"rendered":"<p>Essa del\u00edcia corresponde ao chocolate em sua forma mais pura, assim como \u00e0s sementes da am\u00eandoa do cacau. Para o preparo s\u00e3o necess\u00e1rias algumas etapas, passando pela fermenta\u00e7\u00e3o natural, secagem no sol e torra em fornos a 160\u00b0C. Ap\u00f3s torr\u00e1-las, s\u00e3o descascadas e trituradas, surgindo as nibs.<\/p>\n<p>As nibs de cacau possuem um sabor amargo, mas s\u00e3o alternativas mais saud\u00e1veis para os amantes de chocolate.<\/p>\n<p>PROPRIEDADES DO NIBS DE CACAU<br \/>\nO cacau nibs \u00e9 rico em muitos minerais, incluindo ferro, magn\u00e9sio, f\u00f3sforo, zinco, mangan\u00eas e cobre. Tem alto teor de fibras em sua composi\u00e7\u00e3o, como tamb\u00e9m de flavonoides e triptofano, amino\u00e1cido precursor da serotonina.<\/p>\n<p>Seu teor de a\u00e7\u00facar \u00e9 menor do que os outros derivados do cacau, apresentando tamb\u00e9m prote\u00ednas e gorduras saud\u00e1veis.<\/p>\n<p>BENEF\u00cdCIOS<br \/>\nO cacau nibs possui nutrientes que promovem a sensa\u00e7\u00e3o de saciedade, neutralizam efeitos dos radicais livres, impedem o ac\u00famulo de gorduras ingeridas na alimenta\u00e7\u00e3o, fortalecem o sistema imune e t\u00eam a\u00e7\u00e3o antioxidante.<\/p>\n<p>MAIS SABORES COM O NIBS DE CACAU<br \/>\nO cacau nibs acompanha bem as frutas, granolas, vitaminas ou at\u00e9 na culin\u00e1ria de bolos, p\u00e3es, smoothies e cookies como substituto do chocolate.<\/p>\n<p>Outra sugest\u00e3o interessante \u00e9 usar as nibs para preparar caldas, brigadeiros e outros docinhos de festa. E no caf\u00e9? J\u00e1 experimentou?<\/p>\n<p>Por ter um sabor marcante e amargo, voc\u00ea pode misturar o cacau nibs com alimentos com sabores mais leves para criar uma harmoniza\u00e7\u00e3o.<\/p>\n<p>E para quem gosta de pudim, segue uma receita de pudim de chia com cacau nibs. Voc\u00ea vai comer e querer fazer de novo!<\/p>\n<p>Gostou? Fa\u00e7a sua compra agora e receba com todo conforto na sua casa ou trabalho.<\/p>\n","protected":false},"featured_media":292,"comment_status":"open","ping_status":"closed","template":"","meta":[],"product_cat":[67,63],"product_tag":[],"class_list":{"0":"post-291","1":"product","2":"type-product","3":"status-publish","4":"has-post-thumbnail","6":"product_cat-cacauederivados","7":"product_cat-cozinhar-e-temperar","9":"first","10":"instock","11":"shipping-taxable","12":"product-type-simple"},"supplier_id":null,"supplier_sku":"","barcode":null,"atum_controlled":true,"out_stock_date":null,"out_stock_threshold":null,"inheritable":false,"inbound_stock":null,"stock_on_hold":0,"sold_today":0,"sales_last_days":0,"reserved_stock":null,"customer_returns":null,"warehouse_damage":null,"lost_in_post":null,"other_logs":null,"out_stock_days":0,"lost_sales":0,"has_location":null,"update_date":"2026-04-22T12:24:24","atum_locations":[],"atum_stock_status":"instock","restock_status":false,"low_stock_amount":"","sales_update_date":"2026-04-22T12:24:24","calc_backorders":null,"_links":{"self":[{"href":"https:\/\/emporiodoturquinho.com.br\/index.php?rest_route=\/wp\/v2\/product\/291","targetHints":{"allow":["GET"]}}],"collection":[{"href":"https:\/\/emporiodoturquinho.com.br\/index.php?rest_route=\/wp\/v2\/product"}],"about":[{"href":"https:\/\/emporiodoturquinho.com.br\/index.php?rest_route=\/wp\/v2\/types\/product"}],"replies":[{"embeddable":true,"href":"https:\/\/emporiodoturquinho.com.br\/index.php?rest_route=%2Fwp%2Fv2%2Fcomments&post=291"}],"wp:featuredmedia":[{"embeddable":true,"href":"https:\/\/emporiodoturquinho.com.br\/index.php?rest_route=\/wp\/v2\/media\/292"}],"wp:attachment":[{"href":"https:\/\/emporiodoturquinho.com.br\/index.php?rest_route=%2Fwp%2Fv2%2Fmedia&parent=291"}],"wp:term":[{"taxonomy":"product_cat","embeddable":true,"href":"https:\/\/emporiodoturquinho.com.br\/index.php?rest_route=%2Fwp%2Fv2%2Fproduct_cat&post=291"},{"taxonomy":"product_tag","embeddable":true,"href":"https:\/\/emporiodoturquinho.com.br\/index.php?rest_route=%2Fwp%2Fv2%2Fproduct_tag&post=291"}],"curies":[{"name":"wp","href":"https:\/\/api.w.org\/{rel}","templated":true}]}}