{"id":289,"date":"2024-01-24T10:11:23","date_gmt":"2024-01-24T13:11:23","guid":{"rendered":"http:\/\/emporiodoturquinho.com.br\/?post_type=product&#038;p=289"},"modified":"2024-01-24T10:11:24","modified_gmt":"2024-01-24T13:11:24","slug":"cacau-em-po","status":"publish","type":"product","link":"https:\/\/emporiodoturquinho.com.br\/?product=cacau-em-po","title":{"rendered":"CACAU EM P\u00d3"},"content":{"rendered":"<p>ALORES NUTRICIONAIS Conhe\u00e7a os valores nutricionais deste produto<br \/>\nQuantidade por por\u00e7\u00e3o de 20g (2 Colheres de Sopa) %VD(*)<br \/>\nValor Energ\u00e9tico 54Kcal=226KJ 3<br \/>\nCarboidratos 6.7g 2<br \/>\nProte\u00ednas 3.3g 4<br \/>\nGorduras Totais 1.5g 3<br \/>\nGorduras Saturadas 0.8g 4<br \/>\nGorduras Trans 0g **<br \/>\nFibra Alimentar 2.9g 12<br \/>\nS\u00f3dio 0mg 0<br \/>\n(*)% Valores Di\u00e1rios de refer\u00eancia com base em uma dieta de 2.000 kcal ou 8.400 kJ. Seus valores di\u00e1rios podem ser maiores ou menores dependendo de suas necessidades energ\u00e9ticas.<\/p>\n<p>Ingrediente(s): Cacau em p\u00f3 alcalino.<\/p>\n<p>AL\u00c9RGICOS: PODE CONTER TRA\u00c7OS DE CENTEIO, CEVADA, SOJA, NOZES, CASTANHAS E AMENDOINS.<\/p>\n<p>N\u00c3O CONT\u00c9M GL\u00daTEN.<\/p>\n<p>CARACTER\u00cdSTICAS<br \/>\nSem Gl\u00faten: Sim<br \/>\nVegano: Sim<br \/>\nLow Carb: Sim<br \/>\nOrg\u00e2nico: N\u00e3o<br \/>\nLivre Transg\u00eanicos: Sim<br \/>\nSem Lactose: Sim<br \/>\nOrigem: Nacional<br \/>\nGranel: Sim<\/p>\n","protected":false},"excerpt":{"rendered":"<p>O Cacau em P\u00f3 Alcalino passa por um processo de alcaliniza\u00e7\u00e3o buscando uma melhora em seu sabor e solubilidade em \u00e1gua. Al\u00e9m disso, \u00e9 feito com am\u00eandoas de cacau com 10% a 12% de teor de gordura, sendo um cacau muito mais saboroso e arom\u00e1tico.<\/p>\n<p>O Cacau em P\u00f3 Alcalino tem um tom escuro avermelhado, apresenta sabor mais suave comparado com o cacau natural e, se mistura com facilidade \u00e0 outros l\u00edquidos, isso faz com que ele seja o preferido dos confeiteiros, para fabrica\u00e7\u00e3o de biscoitos, bolos, tortas, entre outros. Saud\u00e1vel, menos cal\u00f3rico, rico em vitaminas e estimulante do bem-estar.<\/p>\n<p>O Cacau Alcalino sofre um processo de alcaliniza\u00e7\u00e3o, atingindo pHs superiores a 6,0. J\u00e1 possui \u2019base\u2019 alcalinas, como carbonato de s\u00f3dio, bicarbonato de s\u00f3dio, que neutralizam a acidez do cacau.<\/p>\n<p>Possui colora\u00e7\u00e3o mais escura quando comparada ao cacau natural, sabor mais suave, e melhora a dispersibilidade em subst\u00e2ncias l\u00edquidas.<\/p>\n<p>Como o cacau n\u00e3o \u00e9 \u00e1cido n\u00e3o vai reagir com o bicarbonato de s\u00f3dio, ou qualquer outro produto alcalino, e por isso normalmente se utiliza de fermentos qu\u00edmicos em p\u00f3.<\/p>\n<p>Propriedades do Cacau em P\u00f3 Alcalino<br \/>\nO Cacau em P\u00f3 Alcalino cont\u00e9m o amino\u00e1cido triptofano, que aumenta a produ\u00e7\u00e3o de serotonina, um dos neurotransmissores respons\u00e1veis pela sensa\u00e7\u00e3o de bem-estar. Al\u00e9m disso, ajuda na fabrica\u00e7\u00e3o de endorfina, outro neurotransmissor respons\u00e1vel pelo nosso bem-estar. Tamb\u00e9m possui, em sua composi\u00e7\u00e3o, ferro, pot\u00e1ssio, f\u00f3sforo, s\u00f3dio e c\u00e1lcio. E mais, seu consumo ainda proporciona Vitamina C e Vitamina E.<\/p>\n<p>Benef\u00edcios do Cacau em P\u00f3 Alcalino<br \/>\nO valor cal\u00f3rico do cacau em p\u00f3 \u00e9 bem menor que o dos chocolates. O Cacau em P\u00f3 Alcalino \u00e9 antioxidante &#8211; Quando um alimento \u00e9 antioxidante, significa que ele \u00e9 capaz de combater radicais livres, um processo que retarda o envelhecimento, entre outros benef\u00edcios. O cacau em p\u00f3 possui essas caracter\u00edsticas. Al\u00e9m disso, seu consumo \u00e9 ben\u00e9fico para as fun\u00e7\u00f5es intestinais.<\/p>\n<p>Gostou? Fa\u00e7a sua compra agora e receba com todo conforto na sua casa ou trabalho.<\/p>\n","protected":false},"featured_media":290,"comment_status":"open","ping_status":"closed","template":"","meta":[],"product_cat":[67,63],"product_tag":[],"class_list":{"0":"post-289","1":"product","2":"type-product","3":"status-publish","4":"has-post-thumbnail","6":"product_cat-cacauederivados","7":"product_cat-cozinhar-e-temperar","9":"first","10":"instock","11":"shipping-taxable","12":"product-type-simple"},"supplier_id":null,"supplier_sku":"","barcode":null,"atum_controlled":true,"out_stock_date":null,"out_stock_threshold":null,"inheritable":false,"inbound_stock":null,"stock_on_hold":0,"sold_today":0,"sales_last_days":0,"reserved_stock":null,"customer_returns":null,"warehouse_damage":null,"lost_in_post":null,"other_logs":null,"out_stock_days":0,"lost_sales":0,"has_location":null,"update_date":"2026-04-22T12:24:24","atum_locations":[],"atum_stock_status":"instock","restock_status":false,"low_stock_amount":"","sales_update_date":"2026-04-22T12:24:24","calc_backorders":null,"_links":{"self":[{"href":"https:\/\/emporiodoturquinho.com.br\/index.php?rest_route=\/wp\/v2\/product\/289","targetHints":{"allow":["GET"]}}],"collection":[{"href":"https:\/\/emporiodoturquinho.com.br\/index.php?rest_route=\/wp\/v2\/product"}],"about":[{"href":"https:\/\/emporiodoturquinho.com.br\/index.php?rest_route=\/wp\/v2\/types\/product"}],"replies":[{"embeddable":true,"href":"https:\/\/emporiodoturquinho.com.br\/index.php?rest_route=%2Fwp%2Fv2%2Fcomments&post=289"}],"wp:featuredmedia":[{"embeddable":true,"href":"https:\/\/emporiodoturquinho.com.br\/index.php?rest_route=\/wp\/v2\/media\/290"}],"wp:attachment":[{"href":"https:\/\/emporiodoturquinho.com.br\/index.php?rest_route=%2Fwp%2Fv2%2Fmedia&parent=289"}],"wp:term":[{"taxonomy":"product_cat","embeddable":true,"href":"https:\/\/emporiodoturquinho.com.br\/index.php?rest_route=%2Fwp%2Fv2%2Fproduct_cat&post=289"},{"taxonomy":"product_tag","embeddable":true,"href":"https:\/\/emporiodoturquinho.com.br\/index.php?rest_route=%2Fwp%2Fv2%2Fproduct_tag&post=289"}],"curies":[{"name":"wp","href":"https:\/\/api.w.org\/{rel}","templated":true}]}}