{"id":287,"date":"2024-01-24T10:10:40","date_gmt":"2024-01-24T13:10:40","guid":{"rendered":"http:\/\/emporiodoturquinho.com.br\/?post_type=product&#038;p=287"},"modified":"2024-01-24T10:10:40","modified_gmt":"2024-01-24T13:10:40","slug":"cacau-em-po-black","status":"publish","type":"product","link":"https:\/\/emporiodoturquinho.com.br\/?product=cacau-em-po-black","title":{"rendered":"CACAU EM P\u00d3 BLACK"},"content":{"rendered":"<p>VALORES NUTRICIONAIS Conhe\u00e7a os valores nutricionais deste produto<br \/>\nQuantidade por por\u00e7\u00e3o de 20g (2 Colheres de Sopa) %VD(*)<br \/>\nValor Energ\u00e9tico 54Kcal=226KJ 3<br \/>\nCarboidratos 6.7g 2<br \/>\nProte\u00ednas 3.3g 4<br \/>\nGorduras Totais 1.5g 3<br \/>\nGorduras Saturadas 0.8g 4<br \/>\nGorduras Trans 0g **<br \/>\nFibra Alimentar 2.9g 12<br \/>\nS\u00f3dio 0mg 0<br \/>\n(*)% Valores Di\u00e1rios de refer\u00eancia com base em uma dieta de 2.000 kcal ou 8.400 kJ. Seus valores di\u00e1rios podem ser maiores ou menores dependendo de suas necessidades energ\u00e9ticas.<\/p>\n<p>Ingrediente(s): Cacau em p\u00f3 black.<\/p>\n<p>AL\u00c9RGICOS: PODE CONTER TRA\u00c7OS DE CENTEIO, CEVADA, SOJA, NOZES, CASTANHAS E AMENDOINS.<\/p>\n<p>N\u00c3O CONT\u00c9M GL\u00daTEN.<\/p>\n<p>CARACTER\u00cdSTICAS<br \/>\nSem Gl\u00faten: Sim<br \/>\nVegano: Sim<br \/>\nLow Carb: Sim<br \/>\nOrg\u00e2nico: N\u00e3o<br \/>\nLivre Transg\u00eanicos: Sim<br \/>\nSem Lactose: Sim<br \/>\nOrigem: Nacional<br \/>\nGranel: Sim<\/p>\n","protected":false},"excerpt":{"rendered":"<p>O Cacau em P\u00f3 Black, possui uma diferen\u00e7a que come\u00e7a na aquisi\u00e7\u00e3o de am\u00eandoas de cacau selecionadas. Elas passam por um criterioso processo de torrefa\u00e7\u00e3o, moagem, prensagem e microniza\u00e7\u00e3o. Isto garante as melhores caracter\u00edsticas de aroma e sabor. O Cacau em P\u00f3 Black \u00e9 o produto resultante do processo de separa\u00e7\u00e3o dos s\u00f3lidos das gorduras da am\u00eandoa de cacau.<\/p>\n<p>A qualidade do Cacau em p\u00f3 black permite as melhores produ\u00e7\u00f5es de chocolates e derivados, achocolatados, coberturas, misturas secas, confeitos e sobremesas.<\/p>\n<p>A grande diferen\u00e7a entre o Cacau convencional para o Cacau Black est\u00e1 no maior tempo de torra. O Cacau Black passa por um processo de 6 a 8 horas no reator. Com isso o Cacau Black tem um pH mais elevado, com cerca de 0,5% mais alcalino!<\/p>\n<p>Quais benef\u00edcios do Cacau em p\u00f3 black?<br \/>\nO Cacau em p\u00f3 black cont\u00e9m o amino\u00e1cido triptofano, que aumenta a produ\u00e7\u00e3o de serotonina, um dos neurotransmissores respons\u00e1veis pela sensa\u00e7\u00e3o de bem-estar. Al\u00e9m disso, auxilia na fabrica\u00e7\u00e3o de endorfina, outro neurotransmissor respons\u00e1vel pelo nosso bem-estar. Tamb\u00e9m possui, em sua composi\u00e7\u00e3o, ferro, pot\u00e1ssio, f\u00f3sforo, s\u00f3dio e c\u00e1lcio. E mais, seu consumo ainda proporciona Vitamina C e Vitamina E.<\/p>\n<p>O Cacau em p\u00f3 black \u00e9 antioxidante, quando um alimento \u00e9 antioxidante, significa que ele \u00e9 capaz de se livrar dos radicais livres. O cacau em p\u00f3 possui essas caracter\u00edsticas. Al\u00e9m disso, seu consumo \u00e9 ben\u00e9fico para as fun\u00e7\u00f5es intestinais.<\/p>\n<p>Qual a diferen\u00e7a entre o Chocolate e Cacau em p\u00f3 black?<br \/>\nO Cacau em p\u00f3 black \u00e9 mais fino e n\u00e3o leva a\u00e7\u00facar em sua composi\u00e7\u00e3o. O Chocolate possui cacau em sua composi\u00e7\u00e3o, com grande adi\u00e7\u00e3o de a\u00e7\u00facar (algumas marcas chegam a levar 50% de a\u00e7\u00facar em sua composi\u00e7\u00e3o). Ou seja, o valor cal\u00f3rico do cacau em p\u00f3 \u00e9 bem menor que o dos chocolates!<\/p>\n<p>Gostou? Fa\u00e7a sua compra agora e receba com todo conforto na sua casa ou trabalho.<\/p>\n","protected":false},"featured_media":288,"comment_status":"open","ping_status":"closed","template":"","meta":[],"product_cat":[67,63],"product_tag":[],"class_list":{"0":"post-287","1":"product","2":"type-product","3":"status-publish","4":"has-post-thumbnail","6":"product_cat-cacauederivados","7":"product_cat-cozinhar-e-temperar","9":"first","10":"instock","11":"shipping-taxable","12":"product-type-simple"},"supplier_id":null,"supplier_sku":"","barcode":null,"atum_controlled":true,"out_stock_date":null,"out_stock_threshold":null,"inheritable":false,"inbound_stock":null,"stock_on_hold":0,"sold_today":0,"sales_last_days":0,"reserved_stock":null,"customer_returns":null,"warehouse_damage":null,"lost_in_post":null,"other_logs":null,"out_stock_days":0,"lost_sales":0,"has_location":null,"update_date":"2026-04-22T12:24:24","atum_locations":[],"atum_stock_status":"instock","restock_status":false,"low_stock_amount":"","sales_update_date":"2026-04-22T12:24:24","calc_backorders":null,"_links":{"self":[{"href":"https:\/\/emporiodoturquinho.com.br\/index.php?rest_route=\/wp\/v2\/product\/287","targetHints":{"allow":["GET"]}}],"collection":[{"href":"https:\/\/emporiodoturquinho.com.br\/index.php?rest_route=\/wp\/v2\/product"}],"about":[{"href":"https:\/\/emporiodoturquinho.com.br\/index.php?rest_route=\/wp\/v2\/types\/product"}],"replies":[{"embeddable":true,"href":"https:\/\/emporiodoturquinho.com.br\/index.php?rest_route=%2Fwp%2Fv2%2Fcomments&post=287"}],"wp:featuredmedia":[{"embeddable":true,"href":"https:\/\/emporiodoturquinho.com.br\/index.php?rest_route=\/wp\/v2\/media\/288"}],"wp:attachment":[{"href":"https:\/\/emporiodoturquinho.com.br\/index.php?rest_route=%2Fwp%2Fv2%2Fmedia&parent=287"}],"wp:term":[{"taxonomy":"product_cat","embeddable":true,"href":"https:\/\/emporiodoturquinho.com.br\/index.php?rest_route=%2Fwp%2Fv2%2Fproduct_cat&post=287"},{"taxonomy":"product_tag","embeddable":true,"href":"https:\/\/emporiodoturquinho.com.br\/index.php?rest_route=%2Fwp%2Fv2%2Fproduct_tag&post=287"}],"curies":[{"name":"wp","href":"https:\/\/api.w.org\/{rel}","templated":true}]}}