{"id":281,"date":"2024-01-24T10:05:30","date_gmt":"2024-01-24T13:05:30","guid":{"rendered":"http:\/\/emporiodoturquinho.com.br\/?post_type=product&#038;p=281"},"modified":"2024-01-24T10:05:30","modified_gmt":"2024-01-24T13:05:30","slug":"farinha-de-aveia","status":"publish","type":"product","link":"https:\/\/emporiodoturquinho.com.br\/?product=farinha-de-aveia","title":{"rendered":"FARINHA DE AVEIA"},"content":{"rendered":"<p>VALORES NUTRICIONAIS Conhe\u00e7a os valores nutricionais deste produto<br \/>\nQuantidade por por\u00e7\u00e3o de 50g (1\/2 X\u00edcara) %VD(*)<br \/>\nValor Energ\u00e9tico 181Kcal=757kJ 9<br \/>\nCarboidratos 38g 13<br \/>\nProte\u00ednas 3.6g 5<br \/>\nGorduras Totais 1.4g 3<br \/>\nGorduras Saturadas 0.3g 1<br \/>\nGorduras Trans 0g **<br \/>\nFibra Alimentar 2.3g 9<br \/>\nS\u00f3dio 0mg 0<br \/>\n(*)% Valores Di\u00e1rios de refer\u00eancia com base em uma dieta de 2.000 kcal ou 8.400 kJ. Seus valores di\u00e1rios podem ser maiores ou menores dependendo de suas necessidades energ\u00e9ticas.<\/p>\n<p>Ingrediente(s): Farinha de aveia.<\/p>\n<p>Ap\u00f3s a abertura, mantenha a embalagem bem fechada. Armazene em local fresco e seco.<\/p>\n<p>AL\u00c9RGICOS: PODE CONTER TRA\u00c7OS DE CENTEIO, CEVADA, SOJA, NOZES, CASTANHAS E AMENDOINS.<\/p>\n<p>N\u00c3O CONT\u00c9M GL\u00daTEN.<\/p>\n<p>CARACTER\u00cdSTICAS<br \/>\nSem Gl\u00faten: Sim<br \/>\nVegano: Sim<br \/>\nLow Carb: Sim<br \/>\nOrg\u00e2nico: N\u00e3o<br \/>\nLivre Transg\u00eanicos: Sim<br \/>\nSem Lactose: Sim<br \/>\nOrigem: Nacional<br \/>\nGranel: Sim<\/p>\n","protected":false},"excerpt":{"rendered":"<p>A farinha de aveia \u00e9 extra\u00edda a partir da moagem interna dos gr\u00e3os, descartando as fibras e mantendo os minerais, prote\u00ednas e carboidratos.<\/p>\n<p>Sua colora\u00e7\u00e3o esbranqui\u00e7ada \u00e9 proveniente do carboidrato (amido) que se localiza na parte interna do gr\u00e3o e apresenta um aspecto refinado.<\/p>\n<p>PROPRIEDADES DA FARINHA DE AVEIA<br \/>\nA farinha de aveia \u00e9 fonte de ferro, c\u00e1lcio, magn\u00e9sio, pot\u00e1ssio, cobre, molibd\u00eanio, cromo, zinco e vitaminas do complexo B. Al\u00e9m desses, cont\u00e9m lignanas e avenantramidas, antioxidantes de origem vegetal que impedem a oxida\u00e7\u00e3o do LDL.<\/p>\n<p>Duas colheres de farinha de aveia (20 g) fornecem 2 g de fibras, al\u00e9m de 3,5 g de prote\u00ednas e 11 g de carboidratos.<\/p>\n<p>BENEF\u00cdCIOS<br \/>\nA farinha de aveia cont\u00e9m cromo, um mineral que auxilia na redu\u00e7\u00e3o da vontade de comer doces. O efeito ocorre devido a sua atua\u00e7\u00e3o no metabolismo de glicose nas c\u00e9lulas, evitando picos de insulina e ajudando a manter a saciedade por mais tempo.<\/p>\n<p>Na farinha de aveia tamb\u00e9m encontramos uma boa concentra\u00e7\u00e3o de betaglucana, uma fibra sol\u00favel que ajuda a reduzir a absor\u00e7\u00e3o de gordura, regulando a glicemia no sangue, al\u00e9m de fortalecer o sistema imunol\u00f3gico.<\/p>\n<p>MAIS SABORES COM A FARINHA DE AVEIA<br \/>\nPr\u00e1tica, a farinha de aveia pode ser utilizada no preparo de diversos pratos doces ou salgados, inclusive \u00e9 poss\u00edvel substituir total ou parcialmente a farinha de trigo pela farinha de aveia sem prejudicar o sabor de diversas receitas e, ainda, acrescentar\u00e1 uma s\u00e9rie de nutrientes \u00e0 sua refei\u00e7\u00e3o.<\/p>\n<p>Sobre frutas picadas, vitaminas, sucos, iogurtes e at\u00e9 mesmo em saladas, basta adicionar apenas uma colher da farinha de aveia.<\/p>\n<p>No caso de bolos, p\u00e3es, tortas e biscoitos, a farinha de aveia tamb\u00e9m \u00e9 bem-vinda.<\/p>\n<p>Dica: A farinha de aveia \u00e9 ideal para dar liga em receitas veganas como hamb\u00fargueres, nuggets, omeletes, bolinhos, entre outras.<\/p>\n<p>Gostou? Fa\u00e7a sua compra agora e receba com todo conforto na sua casa ou trabalho.<\/p>\n","protected":false},"featured_media":282,"comment_status":"open","ping_status":"closed","template":"","meta":[],"product_cat":[75,63,68],"product_tag":[],"class_list":{"0":"post-281","1":"product","2":"type-product","3":"status-publish","4":"has-post-thumbnail","6":"product_cat-aveias-e-derivados","7":"product_cat-cozinhar-e-temperar","8":"product_cat-farinhas","10":"first","11":"instock","12":"shipping-taxable","13":"product-type-simple"},"supplier_id":null,"supplier_sku":"","barcode":null,"atum_controlled":true,"out_stock_date":null,"out_stock_threshold":null,"inheritable":false,"inbound_stock":null,"stock_on_hold":0,"sold_today":0,"sales_last_days":0,"reserved_stock":null,"customer_returns":null,"warehouse_damage":null,"lost_in_post":null,"other_logs":null,"out_stock_days":0,"lost_sales":0,"has_location":null,"update_date":"2026-04-22T12:24:24","atum_locations":[],"atum_stock_status":"instock","restock_status":false,"low_stock_amount":"","sales_update_date":"2026-04-22T12:24:24","calc_backorders":null,"_links":{"self":[{"href":"https:\/\/emporiodoturquinho.com.br\/index.php?rest_route=\/wp\/v2\/product\/281","targetHints":{"allow":["GET"]}}],"collection":[{"href":"https:\/\/emporiodoturquinho.com.br\/index.php?rest_route=\/wp\/v2\/product"}],"about":[{"href":"https:\/\/emporiodoturquinho.com.br\/index.php?rest_route=\/wp\/v2\/types\/product"}],"replies":[{"embeddable":true,"href":"https:\/\/emporiodoturquinho.com.br\/index.php?rest_route=%2Fwp%2Fv2%2Fcomments&post=281"}],"wp:featuredmedia":[{"embeddable":true,"href":"https:\/\/emporiodoturquinho.com.br\/index.php?rest_route=\/wp\/v2\/media\/282"}],"wp:attachment":[{"href":"https:\/\/emporiodoturquinho.com.br\/index.php?rest_route=%2Fwp%2Fv2%2Fmedia&parent=281"}],"wp:term":[{"taxonomy":"product_cat","embeddable":true,"href":"https:\/\/emporiodoturquinho.com.br\/index.php?rest_route=%2Fwp%2Fv2%2Fproduct_cat&post=281"},{"taxonomy":"product_tag","embeddable":true,"href":"https:\/\/emporiodoturquinho.com.br\/index.php?rest_route=%2Fwp%2Fv2%2Fproduct_tag&post=281"}],"curies":[{"name":"wp","href":"https:\/\/api.w.org\/{rel}","templated":true}]}}