{"id":275,"date":"2024-01-24T09:57:44","date_gmt":"2024-01-24T12:57:44","guid":{"rendered":"http:\/\/emporiodoturquinho.com.br\/?post_type=product&#038;p=275"},"modified":"2024-01-24T09:57:44","modified_gmt":"2024-01-24T12:57:44","slug":"acucar-xilitol","status":"publish","type":"product","link":"https:\/\/emporiodoturquinho.com.br\/?product=acucar-xilitol","title":{"rendered":"A\u00c7UCAR XILITOL"},"content":{"rendered":"<p>VALORES NUTRICIONAIS Conhe\u00e7a os valores nutricionais deste produto<br \/>\nQuantidade por por\u00e7\u00e3o de 5g (1 Colher de Ch\u00e1) %VD(*)<br \/>\nValor Energ\u00e9tico 12,1Kcal=50.7KJ 1<br \/>\nCarboidratos 5g 2<br \/>\nProte\u00ednas 0g 0<br \/>\nGorduras Totais 0g 0<br \/>\nGorduras Saturadas 0g 0<br \/>\nGorduras Trans 0g **<br \/>\nFibra Alimentar 0g 0<br \/>\nS\u00f3dio 0mg 0<br \/>\n(*)% Valores Di\u00e1rios de refer\u00eancia com base em uma dieta de 2.000 kcal ou 8.400 kJ. Seus valores di\u00e1rios podem ser maiores ou menores dependendo de suas necessidades energ\u00e9ticas.<\/p>\n<p>Ingrediente(s): Xilitol em cristal.<\/p>\n<p>Ap\u00f3s a abertura, mantenha a embalagem bem fechada. Armazene em local fresco e seco.<\/p>\n<p>AL\u00c9RGICOS: PODE CONTER TRA\u00c7OS DE SOJA, NOZES, CASTANHAS E AMENDOINS.<\/p>\n<p>N\u00c3O CONT\u00c9M GL\u00daTEN.<\/p>\n<p>CARACTER\u00cdSTICAS<br \/>\nSem Gl\u00faten: Sim<br \/>\nVegano: Sim<br \/>\nLow Carb: Sim<br \/>\nOrg\u00e2nico: N\u00e3o<br \/>\nLivre Transg\u00eanicos: Sim<br \/>\nSem Lactose: Sim<br \/>\nOrigem: Importado<br \/>\nGranel: Sim<\/p>\n","protected":false},"excerpt":{"rendered":"<p>O xilitol, ou xylitol, conhecido como um ado\u00e7ante natural, \u00e9 um poliol, tamb\u00e9m chamado de poli\u00e1lcool ou \u00e1lcool de a\u00e7\u00facar. Ele \u00e9 encontrado naturalmente nas fibras de algumas frutas e vegetais como ameixa, morango, couve-flor, ab\u00f3bora e milho.<br \/>\n\u00c9 obtido pela hidrogena\u00e7\u00e3o catal\u00edtica da xilose e sua grande vantagem se deve ao seu \u00edndice glic\u00eamico ser bem baixo, ou seja, de apenas 7, enquanto o a\u00e7\u00facar normal varia de 60 a 70<\/p>\n<p>Quais as propriedades do Xilitol?<br \/>\nPor ser um ado\u00e7ante refinado, o xilitol n\u00e3o cont\u00e9m prote\u00ednas, minerais, vitaminas e s\u00f3dio na composi\u00e7\u00e3o.<br \/>\nResiste \u00e0s altas temperaturas quando \u00e9 usado na culin\u00e1ria.<\/p>\n<p>Como consumir o Xilitol?<br \/>\no xilitol \u00e9 permitido na quantidade necess\u00e1ria para atingir o sabor desejado, sendo recomendado, no m\u00e1ximo, 60 gramas ao dia<\/p>\n<p>Gostou? Fa\u00e7a sua compra agora e receba com todo conforto na sua casa ou trabalho.<\/p>\n","protected":false},"featured_media":276,"comment_status":"open","ping_status":"closed","template":"","meta":[],"product_cat":[64,63],"product_tag":[],"class_list":{"0":"post-275","1":"product","2":"type-product","3":"status-publish","4":"has-post-thumbnail","6":"product_cat-adocantes-e-acucares","7":"product_cat-cozinhar-e-temperar","9":"first","10":"instock","11":"shipping-taxable","12":"product-type-simple"},"supplier_id":null,"supplier_sku":"","barcode":null,"atum_controlled":true,"out_stock_date":null,"out_stock_threshold":null,"inheritable":false,"inbound_stock":0,"stock_on_hold":0,"sold_today":0,"sales_last_days":0,"reserved_stock":0,"customer_returns":0,"warehouse_damage":0,"lost_in_post":0,"other_logs":0,"out_stock_days":0,"lost_sales":0,"has_location":false,"update_date":"2026-04-22T12:24:24","atum_locations":[],"atum_stock_status":"instock","restock_status":false,"low_stock_amount":"","sales_update_date":"2026-04-22T12:24:24","calc_backorders":null,"_links":{"self":[{"href":"https:\/\/emporiodoturquinho.com.br\/index.php?rest_route=\/wp\/v2\/product\/275","targetHints":{"allow":["GET"]}}],"collection":[{"href":"https:\/\/emporiodoturquinho.com.br\/index.php?rest_route=\/wp\/v2\/product"}],"about":[{"href":"https:\/\/emporiodoturquinho.com.br\/index.php?rest_route=\/wp\/v2\/types\/product"}],"replies":[{"embeddable":true,"href":"https:\/\/emporiodoturquinho.com.br\/index.php?rest_route=%2Fwp%2Fv2%2Fcomments&post=275"}],"wp:featuredmedia":[{"embeddable":true,"href":"https:\/\/emporiodoturquinho.com.br\/index.php?rest_route=\/wp\/v2\/media\/276"}],"wp:attachment":[{"href":"https:\/\/emporiodoturquinho.com.br\/index.php?rest_route=%2Fwp%2Fv2%2Fmedia&parent=275"}],"wp:term":[{"taxonomy":"product_cat","embeddable":true,"href":"https:\/\/emporiodoturquinho.com.br\/index.php?rest_route=%2Fwp%2Fv2%2Fproduct_cat&post=275"},{"taxonomy":"product_tag","embeddable":true,"href":"https:\/\/emporiodoturquinho.com.br\/index.php?rest_route=%2Fwp%2Fv2%2Fproduct_tag&post=275"}],"curies":[{"name":"wp","href":"https:\/\/api.w.org\/{rel}","templated":true}]}}