{"id":273,"date":"2024-01-24T09:56:49","date_gmt":"2024-01-24T12:56:49","guid":{"rendered":"http:\/\/emporiodoturquinho.com.br\/?post_type=product&#038;p=273"},"modified":"2024-01-24T09:56:58","modified_gmt":"2024-01-24T12:56:58","slug":"acucar-mascavo","status":"publish","type":"product","link":"https:\/\/emporiodoturquinho.com.br\/?product=acucar-mascavo","title":{"rendered":"A\u00c7UCAR MASCAVO"},"content":{"rendered":"<p>VALORES NUTRICIONAIS Conhe\u00e7a os valores nutricionais deste produto<br \/>\nQuantidade por por\u00e7\u00e3o de 15g (1 e 1\/2 Colher de Sopa) %VD(*)<br \/>\nValor Energ\u00e9tico 120Kcal=502KJ 6<br \/>\nCarboidratos 30g 10<br \/>\nProte\u00ednas 0g 0<br \/>\nGorduras Totais 0g 0<br \/>\nGorduras Saturadas 0g 0<br \/>\nGorduras Trans 0g **<br \/>\nFibra Alimentar 0g 0<br \/>\nS\u00f3dio 0mg 0<br \/>\n(*)% Valores Di\u00e1rios de refer\u00eancia com base em uma dieta de 2.000 kcal ou 8.400 kJ. Seus valores di\u00e1rios podem ser maiores ou menores dependendo de suas necessidades energ\u00e9ticas.<\/p>\n<p>Ingrediente(s): a\u00e7\u00facar mascavo.<\/p>\n<p>Ap\u00f3s abertura da embalagem, mantenha bem fechada, armazenando-a em local fresco e seco.<\/p>\n<p>AL\u00c9RGICOS: PODE CONTER TRA\u00c7OS DE SOJA, NOZES, CASTANHAS E AMENDOINS.<\/p>\n<p>N\u00c3O CONT\u00c9M GL\u00daTEN.<\/p>\n<p>CARACTER\u00cdSTICAS<br \/>\nSem Gl\u00faten: Sim<br \/>\nVegano: Sim<br \/>\nLow Carb: N\u00e3o<br \/>\nOrg\u00e2nico: N\u00e3o<br \/>\nLivre Transg\u00eanicos: Sim<br \/>\nSem Lactose: Sim<br \/>\nOrigem: Nacional<br \/>\nGranel: Sim<\/p>\n","protected":false},"excerpt":{"rendered":"<p>O A\u00e7\u00facar Mascavo \u00e9 um alimento obtido diretamente da concentra\u00e7\u00e3o do caldo de cana rec\u00e9m-extra\u00eddo. Este processo elimina o uso de aditivos qu\u00edmicos para o processo de clarifica\u00e7\u00e3o.<\/p>\n<p>Qual a diferen\u00e7a do A\u00e7\u00facar Mascavo para o A\u00e7\u00facar de Mesa?<br \/>\nO a\u00e7\u00facar de mesa passa por um longo processo de refinamento, perdendo in\u00fameras propriedades e \u00e9 tamb\u00e9m carregado de calorias. J\u00e1 o A\u00e7\u00facar mascavo, por n\u00e3o passar pelo mesmo processo, mant\u00e9m as vitaminas e sais minerais da cana-de-a\u00e7\u00facar, al\u00e9m de conter menos calorias que o a\u00e7\u00facar refinado. Al\u00e9m disso, o a\u00e7\u00facar mascavo possui um sabor bastante marcante, dando um gostinho bem especial no seu alimento.<\/p>\n<p>Quais as propriedades do A\u00e7\u00facar Mascavo?<br \/>\nO A\u00e7\u00facar Mascavo \u00e9 rico nos seguintes minerais: Magn\u00e9sio, F\u00f3sforo, Pot\u00e1ssio.<\/p>\n<p>Como consumir o A\u00e7\u00facar Mascavo?<br \/>\nPode ser consumido com o famoso cafezinho, sucos, vitaminas, prepara\u00e7\u00e3o de bolos e tortas.<\/p>\n<p>Gostou? Fa\u00e7a sua compra agora e receba com todo conforto na sua casa ou trabalho.<\/p>\n","protected":false},"featured_media":274,"comment_status":"open","ping_status":"closed","template":"","meta":[],"product_cat":[64,63],"product_tag":[],"class_list":{"0":"post-273","1":"product","2":"type-product","3":"status-publish","4":"has-post-thumbnail","6":"product_cat-adocantes-e-acucares","7":"product_cat-cozinhar-e-temperar","9":"first","10":"instock","11":"shipping-taxable","12":"product-type-simple"},"supplier_id":null,"supplier_sku":"","barcode":null,"atum_controlled":true,"out_stock_date":null,"out_stock_threshold":null,"inheritable":false,"inbound_stock":0,"stock_on_hold":0,"sold_today":0,"sales_last_days":0,"reserved_stock":0,"customer_returns":0,"warehouse_damage":0,"lost_in_post":0,"other_logs":0,"out_stock_days":0,"lost_sales":0,"has_location":false,"update_date":"2026-04-22T12:24:24","atum_locations":[],"atum_stock_status":"instock","restock_status":false,"low_stock_amount":"","sales_update_date":"2026-04-22T12:24:24","calc_backorders":null,"_links":{"self":[{"href":"https:\/\/emporiodoturquinho.com.br\/index.php?rest_route=\/wp\/v2\/product\/273","targetHints":{"allow":["GET"]}}],"collection":[{"href":"https:\/\/emporiodoturquinho.com.br\/index.php?rest_route=\/wp\/v2\/product"}],"about":[{"href":"https:\/\/emporiodoturquinho.com.br\/index.php?rest_route=\/wp\/v2\/types\/product"}],"replies":[{"embeddable":true,"href":"https:\/\/emporiodoturquinho.com.br\/index.php?rest_route=%2Fwp%2Fv2%2Fcomments&post=273"}],"wp:featuredmedia":[{"embeddable":true,"href":"https:\/\/emporiodoturquinho.com.br\/index.php?rest_route=\/wp\/v2\/media\/274"}],"wp:attachment":[{"href":"https:\/\/emporiodoturquinho.com.br\/index.php?rest_route=%2Fwp%2Fv2%2Fmedia&parent=273"}],"wp:term":[{"taxonomy":"product_cat","embeddable":true,"href":"https:\/\/emporiodoturquinho.com.br\/index.php?rest_route=%2Fwp%2Fv2%2Fproduct_cat&post=273"},{"taxonomy":"product_tag","embeddable":true,"href":"https:\/\/emporiodoturquinho.com.br\/index.php?rest_route=%2Fwp%2Fv2%2Fproduct_tag&post=273"}],"curies":[{"name":"wp","href":"https:\/\/api.w.org\/{rel}","templated":true}]}}