{"id":267,"date":"2024-01-24T09:54:35","date_gmt":"2024-01-24T12:54:35","guid":{"rendered":"http:\/\/emporiodoturquinho.com.br\/?post_type=product&#038;p=267"},"modified":"2024-01-24T09:54:35","modified_gmt":"2024-01-24T12:54:35","slug":"acucar-demerara","status":"publish","type":"product","link":"https:\/\/emporiodoturquinho.com.br\/?product=acucar-demerara","title":{"rendered":"A\u00c7UCAR DEMERARA"},"content":{"rendered":"<p>VALORES NUTRICIONAIS Conhe\u00e7a os valores nutricionais deste produto<br \/>\nQuantidade por por\u00e7\u00e3o de 15g (1 e 1\/2 Colher de Sopa) %VD(*)<br \/>\nValor Energ\u00e9tico 120Kcal=502KJ 6<br \/>\nCarboidratos 30g 10<br \/>\nProte\u00ednas 0g 0<br \/>\nGorduras Totais 0g 0<br \/>\nGorduras Saturadas 0g 0<br \/>\nGorduras Trans 0g **<br \/>\nFibra Alimentar 0g 0<br \/>\nS\u00f3dio 0mg 0<br \/>\n(*)% Valores Di\u00e1rios de refer\u00eancia com base em uma dieta de 2.000 kcal ou 8.400 kJ. Seus valores di\u00e1rios podem ser maiores ou menores dependendo de suas necessidades energ\u00e9ticas.<\/p>\n<p>Ingrediente(s): A\u00e7\u00facar demerara.<\/p>\n<p>Ap\u00f3s abertura da embalagem, mantenha bem fechada, armazenando-a em local fresco e seco.<\/p>\n<p>AL\u00c9RGICOS: PODE CONTER TRA\u00c7OS DE SOJA, NOZES, CASTANHAS E AMENDOINS.<\/p>\n<p>N\u00c3O CONT\u00c9M GL\u00daTEN.<\/p>\n<p>CARACTER\u00cdSTICAS<br \/>\nSem Gl\u00faten: Sim<br \/>\nVegano: Sim<br \/>\nLow Carb: N\u00e3o<br \/>\nOrg\u00e2nico: N\u00e3o<br \/>\nLivre Transg\u00eanicos: Sim<br \/>\nSem Lactose: Sim<br \/>\nOrigem: Nacional<br \/>\nGranel: Sim<\/p>\n","protected":false},"excerpt":{"rendered":"<p>O A\u00e7\u00facar Demerara \u00e9 resultado de um processo absolutamente natural, em que a cana \u00e9 colhida verde, ou seja, sem queimada, o que, al\u00e9m de manter intactas suas qualidades, preserva o solo e o meio ambiente. Cada gr\u00e3o de Demerara \u00e9 a mais pura e saud\u00e1vel ess\u00eancia do mel da cana \u2013 de onde vem seu gostinho frutado. Passa por um leve refinamento e n\u00e3o recebe aditivos qu\u00edmicos. Seu valor nutricional \u00e9 semelhante ao mascavo.<\/p>\n<p>Quais os benef\u00edcios do A\u00e7\u00facar Demerara?<br \/>\nQuando o A\u00e7\u00facar Demerara \u00e9 usado em substitui\u00e7\u00e3o ao a\u00e7\u00facar refinado na quantidade dentro do limite di\u00e1rio de ingest\u00e3o recomendada, \u00e9 poss\u00edvel obter in\u00fameros benef\u00edcios.<\/p>\n<p>O A\u00e7\u00facar possui um valor nutricional diferente dos a\u00e7\u00facares refinados, sendo fonte de nutrientes como c\u00e1lcio, ferro, pot\u00e1ssio, vitaminas do complexo B, cobre, magn\u00e9sio e f\u00f3sforo.<\/p>\n<p>O grande destaque do A\u00e7\u00facar Demerara \u00e9 que ele passa por um refinamento leve e deixa n\u00e3o cont\u00e9m aditivos qu\u00edmicos, que s\u00e3o extremamente prejudiciais \u00e0 sa\u00fade.<\/p>\n","protected":false},"featured_media":268,"comment_status":"open","ping_status":"closed","template":"","meta":[],"product_cat":[64,63],"product_tag":[],"class_list":{"0":"post-267","1":"product","2":"type-product","3":"status-publish","4":"has-post-thumbnail","6":"product_cat-adocantes-e-acucares","7":"product_cat-cozinhar-e-temperar","9":"first","10":"instock","11":"shipping-taxable","12":"product-type-simple"},"supplier_id":null,"supplier_sku":"","barcode":null,"atum_controlled":true,"out_stock_date":null,"out_stock_threshold":null,"inheritable":false,"inbound_stock":0,"stock_on_hold":0,"sold_today":0,"sales_last_days":0,"reserved_stock":0,"customer_returns":0,"warehouse_damage":0,"lost_in_post":0,"other_logs":0,"out_stock_days":0,"lost_sales":0,"has_location":false,"update_date":"2026-04-22T12:24:24","atum_locations":[],"atum_stock_status":"instock","restock_status":false,"low_stock_amount":"","sales_update_date":"2026-04-22T12:24:24","calc_backorders":null,"_links":{"self":[{"href":"https:\/\/emporiodoturquinho.com.br\/index.php?rest_route=\/wp\/v2\/product\/267","targetHints":{"allow":["GET"]}}],"collection":[{"href":"https:\/\/emporiodoturquinho.com.br\/index.php?rest_route=\/wp\/v2\/product"}],"about":[{"href":"https:\/\/emporiodoturquinho.com.br\/index.php?rest_route=\/wp\/v2\/types\/product"}],"replies":[{"embeddable":true,"href":"https:\/\/emporiodoturquinho.com.br\/index.php?rest_route=%2Fwp%2Fv2%2Fcomments&post=267"}],"wp:featuredmedia":[{"embeddable":true,"href":"https:\/\/emporiodoturquinho.com.br\/index.php?rest_route=\/wp\/v2\/media\/268"}],"wp:attachment":[{"href":"https:\/\/emporiodoturquinho.com.br\/index.php?rest_route=%2Fwp%2Fv2%2Fmedia&parent=267"}],"wp:term":[{"taxonomy":"product_cat","embeddable":true,"href":"https:\/\/emporiodoturquinho.com.br\/index.php?rest_route=%2Fwp%2Fv2%2Fproduct_cat&post=267"},{"taxonomy":"product_tag","embeddable":true,"href":"https:\/\/emporiodoturquinho.com.br\/index.php?rest_route=%2Fwp%2Fv2%2Fproduct_tag&post=267"}],"curies":[{"name":"wp","href":"https:\/\/api.w.org\/{rel}","templated":true}]}}