{"id":265,"date":"2024-01-24T09:53:45","date_gmt":"2024-01-24T12:53:45","guid":{"rendered":"http:\/\/emporiodoturquinho.com.br\/?post_type=product&#038;p=265"},"modified":"2024-04-10T06:07:39","modified_gmt":"2024-04-10T09:07:39","slug":"acucar-de-coco","status":"publish","type":"product","link":"https:\/\/emporiodoturquinho.com.br\/?product=acucar-de-coco","title":{"rendered":"A\u00c7UCAR DE COCO"},"content":{"rendered":"<p>VALORES NUTRICIONAIS Conhe\u00e7a os valores nutricionais deste produto<br \/>\nQuantidade por por\u00e7\u00e3o de 9g (1 Colher de Sopa) %VD(*)<br \/>\nValor Energ\u00e9tico 30Kcal=125KJ 2<br \/>\nCarboidratos 9g 3<br \/>\nProte\u00ednas 0g 0<br \/>\nGorduras Totais 0g 0<br \/>\nGorduras Saturadas 0g 0<br \/>\nGorduras Trans 0g **<br \/>\nFibra Alimentar 0g 0<br \/>\nS\u00f3dio 12mg 1<br \/>\n(*)% Valores Di\u00e1rios de refer\u00eancia com base em uma dieta de 2.000 kcal ou 8.400 kJ. Seus valores di\u00e1rios podem ser maiores ou menores dependendo de suas necessidades energ\u00e9ticas.<\/p>\n<p>Ingrediente(s): A\u00e7\u00facar de coco.<\/p>\n<p>Ap\u00f3s abertura da embalagem, mantenha bem fechada, armazenando-a em local fresco e seco.<\/p>\n<p>AL\u00c9RGICOS: PODE CONTER TRA\u00c7OS DE SOJA, NOZES, CASTANHAS E AMENDOINS.<\/p>\n<p>N\u00c3O CONT\u00c9M GL\u00daTEN.<\/p>\n<p>CARACTER\u00cdSTICAS<br \/>\nSem Gl\u00faten: Sim<br \/>\nVegano: Sim<br \/>\nLow Carb: N\u00e3o<br \/>\nOrg\u00e2nico: N\u00e3o<br \/>\nLivre Transg\u00eanicos: Sim<br \/>\nSem Lactose: Sim<br \/>\nOrigem: Importado<br \/>\nGranel: Sim<\/p>\n","protected":false},"excerpt":{"rendered":"<p>Produzido de maneira r\u00fastica e sem adi\u00e7\u00e3o de qu\u00edmicos, o A\u00e7\u00facar de Coco \u00e9 uma alternativa muito mais natural e saud\u00e1vel ao a\u00e7\u00facar refinado.<\/p>\n<p>O processo de extra\u00e7\u00e3o \u00e9 feito a partir das flores da palma de coco, cujo n\u00e9ctar \u00e9 retirado e aquecido em uma caldeira, transformando-se em um caramelo espesso.<\/p>\n<p>Ap\u00f3s isso, A\u00e7\u00facar de Coco \u00e9 triturado em pequenos cristais.<\/p>\n<p>Quais os benef\u00edcios do A\u00e7\u00facar de Coco?<br \/>\nPor ter um \u00edndice glic\u00eamico muito mais baixo do que o a\u00e7\u00facar de cana, o A\u00e7\u00facar de Coco pode ser um substituto dos ado\u00e7antes naturais. \u00c9 tamb\u00e9m uma poderosa fonte de vitaminas do complexo B.<\/p>\n<p>Qual gosto tem o a\u00e7\u00facar de coco?<br \/>\nSeu sabor se assemelha ao a\u00e7\u00facar convencional, no entanto, possui leves notas do coco. Pode ser utilizado em qualquer receita, pois seu sabor n\u00e3o altera o paladar.<\/p>\n<p>Gostou? Fa\u00e7a sua compra agora e receba com todo conforto na sua casa ou trabalho.<\/p>\n","protected":false},"featured_media":266,"comment_status":"open","ping_status":"closed","template":"","meta":[],"product_cat":[64,63],"product_tag":[],"class_list":{"0":"post-265","1":"product","2":"type-product","3":"status-publish","4":"has-post-thumbnail","6":"product_cat-adocantes-e-acucares","7":"product_cat-cozinhar-e-temperar","9":"first","10":"instock","11":"shipping-taxable","12":"product-type-simple"},"supplier_id":null,"supplier_sku":"","barcode":null,"atum_controlled":true,"out_stock_date":null,"out_stock_threshold":null,"inheritable":false,"inbound_stock":0,"stock_on_hold":0,"sold_today":0,"sales_last_days":0,"reserved_stock":0,"customer_returns":0,"warehouse_damage":0,"lost_in_post":0,"other_logs":0,"out_stock_days":0,"lost_sales":0,"has_location":false,"update_date":"2026-04-22T12:24:24","atum_locations":[],"atum_stock_status":"instock","restock_status":false,"low_stock_amount":"","sales_update_date":"2026-04-22T12:24:24","calc_backorders":null,"_links":{"self":[{"href":"https:\/\/emporiodoturquinho.com.br\/index.php?rest_route=\/wp\/v2\/product\/265","targetHints":{"allow":["GET"]}}],"collection":[{"href":"https:\/\/emporiodoturquinho.com.br\/index.php?rest_route=\/wp\/v2\/product"}],"about":[{"href":"https:\/\/emporiodoturquinho.com.br\/index.php?rest_route=\/wp\/v2\/types\/product"}],"replies":[{"embeddable":true,"href":"https:\/\/emporiodoturquinho.com.br\/index.php?rest_route=%2Fwp%2Fv2%2Fcomments&post=265"}],"wp:featuredmedia":[{"embeddable":true,"href":"https:\/\/emporiodoturquinho.com.br\/index.php?rest_route=\/wp\/v2\/media\/266"}],"wp:attachment":[{"href":"https:\/\/emporiodoturquinho.com.br\/index.php?rest_route=%2Fwp%2Fv2%2Fmedia&parent=265"}],"wp:term":[{"taxonomy":"product_cat","embeddable":true,"href":"https:\/\/emporiodoturquinho.com.br\/index.php?rest_route=%2Fwp%2Fv2%2Fproduct_cat&post=265"},{"taxonomy":"product_tag","embeddable":true,"href":"https:\/\/emporiodoturquinho.com.br\/index.php?rest_route=%2Fwp%2Fv2%2Fproduct_tag&post=265"}],"curies":[{"name":"wp","href":"https:\/\/api.w.org\/{rel}","templated":true}]}}