{"id":259,"date":"2024-01-24T09:47:38","date_gmt":"2024-01-24T12:47:38","guid":{"rendered":"http:\/\/emporiodoturquinho.com.br\/?post_type=product&#038;p=259"},"modified":"2024-01-24T09:47:38","modified_gmt":"2024-01-24T12:47:38","slug":"levedo-de-cerveja","status":"publish","type":"product","link":"https:\/\/emporiodoturquinho.com.br\/?product=levedo-de-cerveja","title":{"rendered":"LEVEDO DE CERVEJA"},"content":{"rendered":"<p>VALORES NUTRICIONAIS Conhe\u00e7a os valores nutricionais deste produto<br \/>\nQuantidade por por\u00e7\u00e3o de 30g (2 Colheres de Sopa) %VD(*)<br \/>\nValor Energ\u00e9tico 54Kcal=226KJ 3<br \/>\nCarboidratos 5.6g 2<br \/>\nProte\u00ednas 7.4g 10<br \/>\nGorduras Totais 0g 0<br \/>\nGorduras Saturadas 0g 0<br \/>\nGorduras Trans 0g **<br \/>\nFibra Alimentar 0g 0<br \/>\nS\u00f3dio 18mg 0<br \/>\n(*)% Valores Di\u00e1rios de refer\u00eancia com base em uma dieta de 2.000 kcal ou 8.400 kJ. Seus valores di\u00e1rios podem ser maiores ou menores dependendo de suas necessidades energ\u00e9ticas.<\/p>\n<p>Ingredientes: Levedo de cerveja.<\/p>\n<p>Ap\u00f3s a abertura, mantenha a embalagem bem fechada. Armazene em local fresco e seco.<\/p>\n<p>AL\u00c9RGICOS: PODE CONTER TRA\u00c7OS DE SOJA, NOZES, CASTANHAS E AMENDOINS.<\/p>\n<p>CONT\u00c9M GL\u00daTEN.<\/p>\n<p>CARACTER\u00cdSTICAS<br \/>\nSem Gl\u00faten: N\u00e3o<br \/>\nVegano: Sim<br \/>\nLow Carb: Sim<br \/>\nOrg\u00e2nico: N\u00e3o<br \/>\nLivre Transg\u00eanicos: N\u00e3o<br \/>\nSem Lactose: Sim<br \/>\nOrigem: Importado<br \/>\nGranel: Sim<\/p>\n","protected":false},"excerpt":{"rendered":"<p>A Levedura ou Levedo de Cerveja \u00e9 um fermento natural usado na fermenta\u00e7\u00e3o da cerveja. Pode ser usado como aromatizante de sopas e caldos desidratados ou ainda como complemento para alimenta\u00e7\u00e3o humana. Seu sabor levemente amargo se deve a forte presen\u00e7a de cromo, que \u00e9 um mineral muito importante no metabolismo do a\u00e7\u00facar.<\/p>\n<p>Quais os benef\u00edcios do Levedo de Cerveja?<br \/>\nO Levedo de Cerveja \u00e9 um excelente protetor natural do organismo al\u00e9m de ser uma \u00f3tima fonte de vitaminas, principalmente as do complexo B, e sais minerais. Tamb\u00e9m \u00e9 usado em dietas veganas\/vegetarianas como uma fonte de vitaminas B e prote\u00ednas.<\/p>\n<p>O Levedo de Cerveja tamb\u00e9m desenvolve uma a\u00e7\u00e3o desintoxicante. Isto tudo porque este complemento \u00e9 riqu\u00edssimo em fibras, amino\u00e1cidos (formadores das prote\u00ednas) e possui tamb\u00e9m um alto teor de ferro org\u00e2nico.<\/p>\n<p>Nota: para melhores resultados para a sa\u00fade do organismo, o ideal \u00e9 tom\u00e1-la no caf\u00e9 da manh\u00e3 com bastante \u00e1gua.<\/p>\n<p>O Levedo de Cerveja engorda?<br \/>\nIsso \u00e9 um mito. O levedo de cerveja n\u00e3o engorda, pois tem poucas calorias.<\/p>\n<p>Como consumir o Levedo de Cerveja?<br \/>\nO levedo de cerveja pode ser tomado com \u00e1gua, suco de frutas ou acrescentada a comida, mas n\u00e3o se deve cozinh\u00e1-lo para que n\u00e3o perca suas vitaminas.<\/p>\n<p>Gostou? Fa\u00e7a sua compra agora e receba com todo conforto na sua casa ou trabalho.<\/p>\n","protected":false},"featured_media":260,"comment_status":"open","ping_status":"closed","template":"","meta":[],"product_cat":[65,63],"product_tag":[],"class_list":{"0":"post-259","1":"product","2":"type-product","3":"status-publish","4":"has-post-thumbnail","6":"product_cat-aditivos-e-fermentos","7":"product_cat-cozinhar-e-temperar","9":"first","10":"instock","11":"shipping-taxable","12":"product-type-simple"},"supplier_id":null,"supplier_sku":"","barcode":null,"atum_controlled":true,"out_stock_date":null,"out_stock_threshold":null,"inheritable":false,"inbound_stock":null,"stock_on_hold":0,"sold_today":0,"sales_last_days":0,"reserved_stock":null,"customer_returns":null,"warehouse_damage":null,"lost_in_post":null,"other_logs":null,"out_stock_days":0,"lost_sales":0,"has_location":null,"update_date":"2026-04-22T12:24:24","atum_locations":[],"atum_stock_status":"instock","restock_status":false,"low_stock_amount":"","sales_update_date":"2026-04-22T12:24:24","calc_backorders":null,"_links":{"self":[{"href":"https:\/\/emporiodoturquinho.com.br\/index.php?rest_route=\/wp\/v2\/product\/259","targetHints":{"allow":["GET"]}}],"collection":[{"href":"https:\/\/emporiodoturquinho.com.br\/index.php?rest_route=\/wp\/v2\/product"}],"about":[{"href":"https:\/\/emporiodoturquinho.com.br\/index.php?rest_route=\/wp\/v2\/types\/product"}],"replies":[{"embeddable":true,"href":"https:\/\/emporiodoturquinho.com.br\/index.php?rest_route=%2Fwp%2Fv2%2Fcomments&post=259"}],"wp:featuredmedia":[{"embeddable":true,"href":"https:\/\/emporiodoturquinho.com.br\/index.php?rest_route=\/wp\/v2\/media\/260"}],"wp:attachment":[{"href":"https:\/\/emporiodoturquinho.com.br\/index.php?rest_route=%2Fwp%2Fv2%2Fmedia&parent=259"}],"wp:term":[{"taxonomy":"product_cat","embeddable":true,"href":"https:\/\/emporiodoturquinho.com.br\/index.php?rest_route=%2Fwp%2Fv2%2Fproduct_cat&post=259"},{"taxonomy":"product_tag","embeddable":true,"href":"https:\/\/emporiodoturquinho.com.br\/index.php?rest_route=%2Fwp%2Fv2%2Fproduct_tag&post=259"}],"curies":[{"name":"wp","href":"https:\/\/api.w.org\/{rel}","templated":true}]}}