{"id":257,"date":"2024-01-24T09:46:50","date_gmt":"2024-01-24T12:46:50","guid":{"rendered":"http:\/\/emporiodoturquinho.com.br\/?post_type=product&#038;p=257"},"modified":"2024-01-24T09:46:50","modified_gmt":"2024-01-24T12:46:50","slug":"goma-xantana","status":"publish","type":"product","link":"https:\/\/emporiodoturquinho.com.br\/?product=goma-xantana","title":{"rendered":"GOMA XANTANA"},"content":{"rendered":"<p>VALORES NUTRICIONAIS Conhe\u00e7a os valores nutricionais deste produto<br \/>\nQuantidade por por\u00e7\u00e3o de 10g (1 Colheres de Sopa) %VD(*)<br \/>\nValor Energ\u00e9tico 18Kcal=75KJ 1<br \/>\nCarboidratos 0.2g 0<br \/>\nProte\u00ednas 0.3g 0<br \/>\nGorduras Totais 0g 0<br \/>\nGorduras Saturadas 0g 0<br \/>\nGorduras Trans 0g **<br \/>\nFibra Alimentar 8g 32<br \/>\nS\u00f3dio 0mg 0<br \/>\n(*)% Valores Di\u00e1rios de refer\u00eancia com base em uma dieta de 2.000 kcal ou 8.400 kJ. Seus valores di\u00e1rios podem ser maiores ou menores dependendo de suas necessidades energ\u00e9ticas.<\/p>\n<p>Ingrediente(s): Goma xantana INS 415.<\/p>\n<p>Ap\u00f3s a abertura, mantenha a embalagem bem fechada. Armazene em local fresco e seco.<\/p>\n<p>AL\u00c9RGICOS: PODE CONTER TRA\u00c7OS DE CENTEIO, CEVADA, SOJA, NOZES, CASTANHAS E AMENDOINS.<\/p>\n<p>N\u00c3O CONT\u00c9M GL\u00daTEN.<\/p>\n<p>CARACTER\u00cdSTICAS<br \/>\nSem Gl\u00faten: Sim<br \/>\nVegano: Sim<br \/>\nLow Carb: Sim<br \/>\nOrg\u00e2nico: N\u00e3o<br \/>\nLivre Transg\u00eanicos: Sim<br \/>\nSem Lactose: Sim<br \/>\nOrigem: Importado<br \/>\nGranel: Sim<\/p>\n","protected":false},"excerpt":{"rendered":"<p>\u00c9 uma excelente fonte de fibras, gorduras monoinsaturadas, vitaminas B1, B2 e B3, al\u00e9m de apresentar 15% de prote\u00ednas, que s\u00e3o formadas por 19 amino\u00e1cidos, sendo que desses 8 s\u00e3o essenciais e aqueles que o corpo humano n\u00e3o consegue produzir, mas precisa obter por meio de dieta.<\/p>\n<p>GOMA XANTANA: O QUE \u00c9?<br \/>\nA goma xantana \u00e9 um aditivo alimentar natural utilizado na fabrica\u00e7\u00e3o de diversos produtos. \u00c9 um polissacar\u00eddeo obtido pela fermenta\u00e7\u00e3o de cereais e feito quando o a\u00e7\u00facar \u00e9 fermentado por um tipo de bact\u00e9ria n\u00e3o patog\u00eanica chamada Xanthomonas Campestris. Quando o a\u00e7\u00facar \u00e9 fermentado, ele cria um caldo ou subst\u00e2ncia semelhante \u00e0 gosma, que \u00e9 solidificada com a adi\u00e7\u00e3o de um \u00e1lcool. Ent\u00e3o, \u00e9 seco e transformado em p\u00f3.<\/p>\n<p>A goma xantana \u00e9 bastante usada como alternativa ao gl\u00faten, pois desenvolve a liga e textura necess\u00e1rias para prepara\u00e7\u00e3o de p\u00e3es, por exemplo.<\/p>\n<p>PROPRIEDADES DA GOMA XANTANA<br \/>\nIngredientes: goma xantana (um polissacar\u00eddeo, ou seja, uma mol\u00e9cula de carboidrato formada por v\u00e1rios monossacar\u00eddeos).<\/p>\n<p>. Sem gl\u00faten;<br \/>\n. Sem lactose;<br \/>\n. Sem conservantes e aromatizantes;<br \/>\n. 100% vegana.<\/p>\n<p>BENEF\u00cdCIOS<br \/>\n. Promove saciedade;<br \/>\n. Favorece o bom funcionamento do intestino;<br \/>\n. Ajuda no controle do \u00edndice glic\u00eamico;<\/p>\n<p>COMO CONSUMIR A GOMA XANTANA<br \/>\nA quantidade recomendada para ingest\u00e3o de goma xantana \u00e9 de at\u00e9 15 gramas por dia.<\/p>\n<p>MAIS SABORES COM A GOMA XANTANA<br \/>\nA goma xantana \u00e9 muita utilizada pela ind\u00fastria aliment\u00edcia como agente de suspens\u00e3o, encorparte, espessante, estabilizante e emulsificante na fabrica\u00e7\u00e3o de pratos salgados, sobremesas, confeitaria, produtos l\u00e1cteos, sucos de frutas, sopas, bebidas, massas, pastelaria, molhos e produtos instant\u00e2neos ou l\u00e1cteos.<\/p>\n<p>Gostou? Fa\u00e7a sua compra agora e receba com todo conforto na sua casa ou trabalho.<\/p>\n","protected":false},"featured_media":258,"comment_status":"open","ping_status":"closed","template":"","meta":[],"product_cat":[65,63],"product_tag":[],"class_list":{"0":"post-257","1":"product","2":"type-product","3":"status-publish","4":"has-post-thumbnail","6":"product_cat-aditivos-e-fermentos","7":"product_cat-cozinhar-e-temperar","9":"first","10":"instock","11":"shipping-taxable","12":"product-type-simple"},"supplier_id":null,"supplier_sku":"","barcode":null,"atum_controlled":true,"out_stock_date":null,"out_stock_threshold":null,"inheritable":false,"inbound_stock":null,"stock_on_hold":0,"sold_today":0,"sales_last_days":0,"reserved_stock":null,"customer_returns":null,"warehouse_damage":null,"lost_in_post":null,"other_logs":null,"out_stock_days":0,"lost_sales":0,"has_location":null,"update_date":"2026-04-22T12:24:24","atum_locations":[],"atum_stock_status":"instock","restock_status":false,"low_stock_amount":"","sales_update_date":"2026-04-22T12:24:24","calc_backorders":null,"_links":{"self":[{"href":"https:\/\/emporiodoturquinho.com.br\/index.php?rest_route=\/wp\/v2\/product\/257","targetHints":{"allow":["GET"]}}],"collection":[{"href":"https:\/\/emporiodoturquinho.com.br\/index.php?rest_route=\/wp\/v2\/product"}],"about":[{"href":"https:\/\/emporiodoturquinho.com.br\/index.php?rest_route=\/wp\/v2\/types\/product"}],"replies":[{"embeddable":true,"href":"https:\/\/emporiodoturquinho.com.br\/index.php?rest_route=%2Fwp%2Fv2%2Fcomments&post=257"}],"wp:featuredmedia":[{"embeddable":true,"href":"https:\/\/emporiodoturquinho.com.br\/index.php?rest_route=\/wp\/v2\/media\/258"}],"wp:attachment":[{"href":"https:\/\/emporiodoturquinho.com.br\/index.php?rest_route=%2Fwp%2Fv2%2Fmedia&parent=257"}],"wp:term":[{"taxonomy":"product_cat","embeddable":true,"href":"https:\/\/emporiodoturquinho.com.br\/index.php?rest_route=%2Fwp%2Fv2%2Fproduct_cat&post=257"},{"taxonomy":"product_tag","embeddable":true,"href":"https:\/\/emporiodoturquinho.com.br\/index.php?rest_route=%2Fwp%2Fv2%2Fproduct_tag&post=257"}],"curies":[{"name":"wp","href":"https:\/\/api.w.org\/{rel}","templated":true}]}}