{"id":255,"date":"2024-01-24T09:45:55","date_gmt":"2024-01-24T12:45:55","guid":{"rendered":"http:\/\/emporiodoturquinho.com.br\/?post_type=product&#038;p=255"},"modified":"2024-01-24T09:45:55","modified_gmt":"2024-01-24T12:45:55","slug":"gelatina-em-po-sem-sabor","status":"publish","type":"product","link":"https:\/\/emporiodoturquinho.com.br\/?product=gelatina-em-po-sem-sabor","title":{"rendered":"GELATINA EM P\u00d3 SEM SABOR"},"content":{"rendered":"<p>VALORES NUTRICIONAIS Conhe\u00e7a os valores nutricionais deste produto<br \/>\nQuantidade por por\u00e7\u00e3o de 10g (1 Colher de Sopa) %VD(*)<br \/>\nValor Energ\u00e9tico 10Kcal=42KJ 1<br \/>\nCarboidratos 0g 0<br \/>\nProte\u00ednas 2.4g 3<br \/>\nGorduras Totais 0g 0<br \/>\nGorduras Saturadas 0g 0<br \/>\nGorduras Trans 0g **<br \/>\nFibra Alimentar 0g 0<br \/>\nS\u00f3dio 0mg 0<br \/>\n(*)% Valores Di\u00e1rios de refer\u00eancia com base em uma dieta de 2.000 kcal ou 8.400 kJ. Seus valores di\u00e1rios podem ser maiores ou menores dependendo de suas necessidades energ\u00e9ticas.<\/p>\n<p>Ingrediente(s): Gelatina em p\u00f3.<\/p>\n<p>Ap\u00f3s a abertura, mantenha a embalagem bem fechada. Armazene em local fresco e seco.<\/p>\n<p>AL\u00c9RGICOS: PODE CONTER TRA\u00c7OS DE SOJA, NOZES, CASTANHAS E AMENDOINS.<\/p>\n<p>N\u00c3O CONT\u00c9M GL\u00daTEN.<\/p>\n<p>CARACTER\u00cdSTICAS<br \/>\nSem Gl\u00faten: Sim<br \/>\nVegano: N\u00e3o<br \/>\nLow Carb: Sim<br \/>\nOrg\u00e2nico: N\u00e3o<br \/>\nLivre Transg\u00eanicos: Sim<br \/>\nSem Lactose: Sim<br \/>\nOrigem: Nacional<br \/>\nGranel: Sim<\/p>\n","protected":false},"excerpt":{"rendered":"<p>A Gelatina \u00e9 composta praticamente de amino\u00e1cidos (prote\u00ednas), que ajudam na s\u00edntese e na renova\u00e7\u00e3o do col\u00e1geno.<\/p>\n<p>Dos amino\u00e1cidos indispens\u00e1veis para o organismo, dez precisam ser adquiridos atrav\u00e9s da alimenta\u00e7\u00e3o porque o nosso metabolismo n\u00e3o consegue sintetiz\u00e1-los.<\/p>\n<p>Para ter uma ideia da import\u00e2ncia da gelatina, ela possui nove tipos deles, faltando apenas o triptofano (precursor da serotonina), o neurotransmissor que nos traz a sensa\u00e7\u00e3o de felicidade.<\/p>\n<p>E ainda: dificulta a absor\u00e7\u00e3o dos carboidratos e das gorduras pelo est\u00f4mago e pelos intestinos.<\/p>\n<p>Como consumir a Gelatina Pura Sem Sabor?<br \/>\nO ideal \u00e9 ingerir dois potes por dia ou bater no liquidificador uma colher de sopa de gelatina em p\u00f3 com um pote de iogurte.<\/p>\n<p>Gostou? Fa\u00e7a sua compra agora e receba com todo conforto na sua casa ou trabalho.<\/p>\n","protected":false},"featured_media":256,"comment_status":"open","ping_status":"closed","template":"","meta":[],"product_cat":[65,63],"product_tag":[],"class_list":{"0":"post-255","1":"product","2":"type-product","3":"status-publish","4":"has-post-thumbnail","6":"product_cat-aditivos-e-fermentos","7":"product_cat-cozinhar-e-temperar","9":"first","10":"instock","11":"shipping-taxable","12":"product-type-simple"},"supplier_id":null,"supplier_sku":"","barcode":null,"atum_controlled":true,"out_stock_date":null,"out_stock_threshold":null,"inheritable":false,"inbound_stock":null,"stock_on_hold":0,"sold_today":0,"sales_last_days":0,"reserved_stock":null,"customer_returns":null,"warehouse_damage":null,"lost_in_post":null,"other_logs":null,"out_stock_days":0,"lost_sales":0,"has_location":null,"update_date":"2026-04-22T12:24:24","atum_locations":[],"atum_stock_status":"instock","restock_status":false,"low_stock_amount":"","sales_update_date":"2026-04-22T12:24:24","calc_backorders":null,"_links":{"self":[{"href":"https:\/\/emporiodoturquinho.com.br\/index.php?rest_route=\/wp\/v2\/product\/255","targetHints":{"allow":["GET"]}}],"collection":[{"href":"https:\/\/emporiodoturquinho.com.br\/index.php?rest_route=\/wp\/v2\/product"}],"about":[{"href":"https:\/\/emporiodoturquinho.com.br\/index.php?rest_route=\/wp\/v2\/types\/product"}],"replies":[{"embeddable":true,"href":"https:\/\/emporiodoturquinho.com.br\/index.php?rest_route=%2Fwp%2Fv2%2Fcomments&post=255"}],"wp:featuredmedia":[{"embeddable":true,"href":"https:\/\/emporiodoturquinho.com.br\/index.php?rest_route=\/wp\/v2\/media\/256"}],"wp:attachment":[{"href":"https:\/\/emporiodoturquinho.com.br\/index.php?rest_route=%2Fwp%2Fv2%2Fmedia&parent=255"}],"wp:term":[{"taxonomy":"product_cat","embeddable":true,"href":"https:\/\/emporiodoturquinho.com.br\/index.php?rest_route=%2Fwp%2Fv2%2Fproduct_cat&post=255"},{"taxonomy":"product_tag","embeddable":true,"href":"https:\/\/emporiodoturquinho.com.br\/index.php?rest_route=%2Fwp%2Fv2%2Fproduct_tag&post=255"}],"curies":[{"name":"wp","href":"https:\/\/api.w.org\/{rel}","templated":true}]}}