{"id":249,"date":"2024-01-24T09:43:29","date_gmt":"2024-01-24T12:43:29","guid":{"rendered":"http:\/\/emporiodoturquinho.com.br\/?post_type=product&#038;p=249"},"modified":"2024-01-24T09:43:29","modified_gmt":"2024-01-24T12:43:29","slug":"bicarbonato-de-sodio","status":"publish","type":"product","link":"https:\/\/emporiodoturquinho.com.br\/?product=bicarbonato-de-sodio","title":{"rendered":"BICARBONATO DE S\u00d3DIO"},"content":{"rendered":"<p>VALORES NUTRICIONAIS Conhe\u00e7a os valores nutricionais deste produto<br \/>\nQuantidade por por\u00e7\u00e3o de 10g (1 Colher de Ch\u00e1) %VD(*)<br \/>\nValor Energ\u00e9tico 0Kcal=0KJ 0<br \/>\nCarboidratos 0g 0<br \/>\nProte\u00ednas 0g 0<br \/>\nGorduras Totais 0g 0<br \/>\nGorduras Saturadas 0g 0<br \/>\nGorduras Trans 0g **<br \/>\nFibra Alimentar 0g 0<br \/>\nS\u00f3dio 2.7mg 0<br \/>\n(*)% Valores Di\u00e1rios de refer\u00eancia com base em uma dieta de 2.000 kcal ou 8.400 kJ. Seus valores di\u00e1rios podem ser maiores ou menores dependendo de suas necessidades energ\u00e9ticas.<\/p>\n<p>Ingrediente(s): Bicarbonato de s\u00f3dio.<\/p>\n<p>AL\u00c9RGICOS: PODE CONTER TRA\u00c7OS DE SOJA, NOZES, CASTANHAS E AMENDOINS.<\/p>\n<p>N\u00c3O CONT\u00c9M GL\u00daTEN.<\/p>\n<p>CARACTER\u00cdSTICAS<br \/>\nSem Gl\u00faten: Sim<br \/>\nVegano: Sim<br \/>\nLow Carb: Sim<br \/>\nOrg\u00e2nico: N\u00e3o<br \/>\nLivre Transg\u00eanicos: Sim<br \/>\nSem Lactose: Sim<br \/>\nOrigem: Nacional<br \/>\nGranel: Sim<\/p>\n","protected":false},"excerpt":{"rendered":"<p>O bicarbonato de s\u00f3dio se apresenta em forma de p\u00f3 branco e pela libera\u00e7\u00e3o de g\u00e1s carb\u00f4nico quando aquecido \u00e9 bastante utilizado como fermento na culin\u00e1ria, proporcionando o crescimento da massa de p\u00e3es, bolos, pizza entre outros preparos culin\u00e1rios.<\/p>\n<p>Curiosidades do bicarbonato de s\u00f3dio?<br \/>\nAl\u00e9m de sua funcionalidade na culin\u00e1ria, o bicarbonato de s\u00f3dio tamb\u00e9m auxilia na neutraliza\u00e7\u00e3o da acidez de alguns alimentos e, \u00e9 bem conhecido pela sua ajuda na higiene bucal.<\/p>\n<p>Pode ser utilizado para higienizar hortali\u00e7as e legumes, basta fazer uma mistura de bicarbonato de s\u00f3dio com \u00e1gua, deixar de molho por 10 a 15 minutos e exaguar bem.<\/p>\n<p>\u00c9 ainda muito utilizado na limpeza do lar, para eliminar sujeiras de pias, banheiras e at\u00e9 clarear azulejos; \u00e9 excelente para tirar gordura do ch\u00e3o e da lou\u00e7a; Pode ser usado tamb\u00e9m para deixar roupas brancas mais limpas e macias; \u00c9 excelente para limpar o microondas, forno, t\u00e1buas de corte, latas de lixo, carpetes e at\u00e9 a geladeira.<\/p>\n<p>Gostou? Fa\u00e7a sua compra agora e receba com todo conforto na sua casa ou trabalho.<\/p>\n","protected":false},"featured_media":250,"comment_status":"open","ping_status":"closed","template":"","meta":[],"product_cat":[65,63],"product_tag":[],"class_list":{"0":"post-249","1":"product","2":"type-product","3":"status-publish","4":"has-post-thumbnail","6":"product_cat-aditivos-e-fermentos","7":"product_cat-cozinhar-e-temperar","9":"first","10":"instock","11":"shipping-taxable","12":"product-type-simple"},"supplier_id":null,"supplier_sku":"","barcode":null,"atum_controlled":true,"out_stock_date":null,"out_stock_threshold":null,"inheritable":false,"inbound_stock":null,"stock_on_hold":0,"sold_today":0,"sales_last_days":0,"reserved_stock":null,"customer_returns":null,"warehouse_damage":null,"lost_in_post":null,"other_logs":null,"out_stock_days":0,"lost_sales":0,"has_location":null,"update_date":"2026-04-22T12:24:24","atum_locations":[],"atum_stock_status":"instock","restock_status":false,"low_stock_amount":"","sales_update_date":"2026-04-22T12:24:24","calc_backorders":null,"_links":{"self":[{"href":"https:\/\/emporiodoturquinho.com.br\/index.php?rest_route=\/wp\/v2\/product\/249","targetHints":{"allow":["GET"]}}],"collection":[{"href":"https:\/\/emporiodoturquinho.com.br\/index.php?rest_route=\/wp\/v2\/product"}],"about":[{"href":"https:\/\/emporiodoturquinho.com.br\/index.php?rest_route=\/wp\/v2\/types\/product"}],"replies":[{"embeddable":true,"href":"https:\/\/emporiodoturquinho.com.br\/index.php?rest_route=%2Fwp%2Fv2%2Fcomments&post=249"}],"wp:featuredmedia":[{"embeddable":true,"href":"https:\/\/emporiodoturquinho.com.br\/index.php?rest_route=\/wp\/v2\/media\/250"}],"wp:attachment":[{"href":"https:\/\/emporiodoturquinho.com.br\/index.php?rest_route=%2Fwp%2Fv2%2Fmedia&parent=249"}],"wp:term":[{"taxonomy":"product_cat","embeddable":true,"href":"https:\/\/emporiodoturquinho.com.br\/index.php?rest_route=%2Fwp%2Fv2%2Fproduct_cat&post=249"},{"taxonomy":"product_tag","embeddable":true,"href":"https:\/\/emporiodoturquinho.com.br\/index.php?rest_route=%2Fwp%2Fv2%2Fproduct_tag&post=249"}],"curies":[{"name":"wp","href":"https:\/\/api.w.org\/{rel}","templated":true}]}}