{"id":245,"date":"2024-01-24T09:35:14","date_gmt":"2024-01-24T12:35:14","guid":{"rendered":"http:\/\/emporiodoturquinho.com.br\/?post_type=product&#038;p=245"},"modified":"2024-01-24T09:35:14","modified_gmt":"2024-01-24T12:35:14","slug":"sene-em-po","status":"publish","type":"product","link":"https:\/\/emporiodoturquinho.com.br\/?product=sene-em-po","title":{"rendered":"SENE EM PO"},"content":{"rendered":"<p>VALORES NUTRICIONAIS Conhe\u00e7a os valores nutricionais deste produto<br \/>\nQuantidade por por\u00e7\u00e3o de 0g (0 X\u00edcara) %VD(*)<br \/>\nValor Energ\u00e9tico 0Kcal=0KJ 0<br \/>\nCarboidratos 0g 0<br \/>\nProte\u00ednas 0g 0<br \/>\nGorduras Totais 0g 0<br \/>\nGorduras Saturadas 0g 0<br \/>\nGorduras Trans 0g **<br \/>\nFibra Alimentar 0g 0<br \/>\nS\u00f3dio 0mg 0<br \/>\n(*)% Valores Di\u00e1rios de refer\u00eancia com base em uma dieta de 2.000 kcal ou 8.400 kJ. Seus valores di\u00e1rios podem ser maiores ou menores dependendo de suas necessidades energ\u00e9ticas.<\/p>\n<p>Ingrediente(s): Sene em P\u00f3.<\/p>\n<p>Ap\u00f3s a abertura, mantenha a embalagem bem fechada. Armazene em local fresco e seco.<\/p>\n<p>AL\u00c9RGICOS: PODE CONTER TRA\u00c7OS DE SOJA, NOZES, CASTANHAS E AMENDOINS.<\/p>\n<p>N\u00c3O CONT\u00c9M GL\u00daTEN.<\/p>\n<p>CARACTER\u00cdSTICAS<br \/>\nSem Gl\u00faten: Sim<br \/>\nVegano: Sim<br \/>\nLow Carb: Sim<br \/>\nOrg\u00e2nico: N\u00e3o<br \/>\nLivre Transg\u00eanicos: Sim<br \/>\nSem Lactose: Sim<br \/>\nOrigem: Nacional<br \/>\nGranel: Sim<\/p>\n","protected":false},"excerpt":{"rendered":"<p>O que \u00e9 o Sene em P\u00f3?<br \/>\n\u00e9 feito a partir do Sene, planta origin\u00e1ria da \u00c1frica tropical e subtropical, apesar de atualmente ser cultivada em todo o continente. Reproduz-se a partir da semente, na primavera, ou de estaca no in\u00edcio do ver\u00e3o, requerendo muito sol. \u00c9 um pequeno arbusto vivaz que atinge 1 metro de altura, com caule ereto, lenhoso e de flores amarelas.<\/p>\n<p>Como consumir o Sene em P\u00f3?<br \/>\nSugest\u00e3o de Preparo: Coloque 1 colher de sopa de Sene para um litro de \u00e1gua. Deixe cozinhar por 3 ou 4 minutos a partir do momento em que se inicia a ebuli\u00e7\u00e3o, ap\u00f3s esse tempo, retire do fogo e deixe repousando, tampada, por 10 minutos. Coe e est\u00e1 pronto para o uso.<\/p>\n<p>Quais as propriedades do Sene em P\u00f3?<br \/>\nO Sene irrita as paredes do intestino assim que entra em contato com elas, os princ\u00edpios ativos contidos na planta impedem a absor\u00e7\u00e3o de \u00e1gua pelo \u00f3rg\u00e3o, isso faz com que as fezes fiquem cheias de \u00e1gua, e por isso mais moles, por isso o consumo pode ter efeito laxante. Os frutos t\u00eam efeitos mais suaves do que as folhas.<\/p>\n<p>Gostou? Fa\u00e7a sua compra agora e receba com todo conforto na sua casa ou trabalho.<\/p>\n","protected":false},"featured_media":246,"comment_status":"open","ping_status":"closed","template":"","meta":[],"product_cat":[74],"product_tag":[],"class_list":{"0":"post-245","1":"product","2":"type-product","3":"status-publish","4":"has-post-thumbnail","6":"product_cat-chas-e-ervas","8":"first","9":"instock","10":"shipping-taxable","11":"product-type-simple"},"supplier_id":null,"supplier_sku":"","barcode":null,"atum_controlled":true,"out_stock_date":null,"out_stock_threshold":null,"inheritable":false,"inbound_stock":0,"stock_on_hold":0,"sold_today":0,"sales_last_days":0,"reserved_stock":0,"customer_returns":0,"warehouse_damage":0,"lost_in_post":0,"other_logs":0,"out_stock_days":0,"lost_sales":0,"has_location":false,"update_date":"2026-04-22T12:24:24","atum_locations":[],"atum_stock_status":"instock","restock_status":false,"low_stock_amount":"","sales_update_date":"2026-04-22T12:24:24","calc_backorders":null,"_links":{"self":[{"href":"https:\/\/emporiodoturquinho.com.br\/index.php?rest_route=\/wp\/v2\/product\/245","targetHints":{"allow":["GET"]}}],"collection":[{"href":"https:\/\/emporiodoturquinho.com.br\/index.php?rest_route=\/wp\/v2\/product"}],"about":[{"href":"https:\/\/emporiodoturquinho.com.br\/index.php?rest_route=\/wp\/v2\/types\/product"}],"replies":[{"embeddable":true,"href":"https:\/\/emporiodoturquinho.com.br\/index.php?rest_route=%2Fwp%2Fv2%2Fcomments&post=245"}],"wp:featuredmedia":[{"embeddable":true,"href":"https:\/\/emporiodoturquinho.com.br\/index.php?rest_route=\/wp\/v2\/media\/246"}],"wp:attachment":[{"href":"https:\/\/emporiodoturquinho.com.br\/index.php?rest_route=%2Fwp%2Fv2%2Fmedia&parent=245"}],"wp:term":[{"taxonomy":"product_cat","embeddable":true,"href":"https:\/\/emporiodoturquinho.com.br\/index.php?rest_route=%2Fwp%2Fv2%2Fproduct_cat&post=245"},{"taxonomy":"product_tag","embeddable":true,"href":"https:\/\/emporiodoturquinho.com.br\/index.php?rest_route=%2Fwp%2Fv2%2Fproduct_tag&post=245"}],"curies":[{"name":"wp","href":"https:\/\/api.w.org\/{rel}","templated":true}]}}