{"id":243,"date":"2024-01-24T09:34:34","date_gmt":"2024-01-24T12:34:34","guid":{"rendered":"http:\/\/emporiodoturquinho.com.br\/?post_type=product&#038;p=243"},"modified":"2024-01-24T09:34:34","modified_gmt":"2024-01-24T12:34:34","slug":"matcha-soluvel-sabor-gengibre-mel-e-limao","status":"publish","type":"product","link":"https:\/\/emporiodoturquinho.com.br\/?product=matcha-soluvel-sabor-gengibre-mel-e-limao","title":{"rendered":"MATCHA SOL\u00daVEL SABOR GENGIBRE, MEL E LIM\u00c3O"},"content":{"rendered":"<p>VALORES NUTRICIONAIS Conhe\u00e7a os valores nutricionais deste produto<br \/>\nQuantidade por por\u00e7\u00e3o de 5g (1 Colher de Ch\u00e1) %VD(*)<br \/>\nValor Energ\u00e9tico 14Kcal=58.6KJ 1<br \/>\nCarboidratos 3.5g 1<br \/>\nProte\u00ednas 0g 0<br \/>\nGorduras Totais 0g 0<br \/>\nGorduras Saturadas 0g 0<br \/>\nGorduras Trans 0g **<br \/>\nFibra Alimentar 0g 0<br \/>\nS\u00f3dio 15mg 1<br \/>\n(*)% Valores Di\u00e1rios de refer\u00eancia com base em uma dieta de 2.000 kcal ou 8.400 kJ. Seus valores di\u00e1rios podem ser maiores ou menores dependendo de suas necessidades energ\u00e9ticas.<\/p>\n<p>Ingrediente(s): Maltodextrina, Folhas de Ch\u00e1 Verde em p\u00f3 (Match\u00e1 &#8211; Camellia sinensis L.), acidulante \u00e1cido c\u00edtrico, gengibre em p\u00f3, aroma id\u00eantico ao natural de lim\u00e3o, aroma id\u00eantico ao natural de mel, antiumectante di\u00f3xido de sil\u00edcio e edulcorante sucralose.<\/p>\n<p>Ap\u00f3s a abertura, mantenha a embalagem bem fechada. Armazene em local fresco e seco.<\/p>\n<p>AL\u00c9RGICOS: PODE CONTER TRA\u00c7OS DE SOJA, NOZES, CASTANHAS E AMENDOINS.<\/p>\n<p>N\u00c3O CONT\u00c9M GL\u00daTEN.<\/p>\n<p>CARACTER\u00cdSTICAS<br \/>\nSem Gl\u00faten: Sim<br \/>\nVegano: Sim<br \/>\nLow Carb: Sim<br \/>\nOrg\u00e2nico: N\u00e3o<br \/>\nLivre Transg\u00eanicos: Sim<br \/>\nSem Lactose: Sim<br \/>\nOrigem: Nacional<br \/>\nGranel: Sim<\/p>\n","protected":false},"excerpt":{"rendered":"<p>O Matcha Sol\u00favel \u00e9 a Folha de Ch\u00e1 Verde (Camellia sinensis) mo\u00edda e liofilizada, sendo que suas folhas produzem maior quantidade de clorofila, originando forte a cor verde do produto e numa quantidade aumentada de amino\u00e1cidos! O Matcha \u00e9 utilizado h\u00e1 muitos anos por monges budistas para ajudar a manter a concentra\u00e7\u00e3o durante os per\u00edodos de intensa medita\u00e7\u00e3o.<\/p>\n<p>Quais as propriedades e benef\u00edcios do Match\u00e1 Sol\u00favel?<br \/>\n1 copo de Matcha Sol\u00favel equivale a 10 copos do ch\u00e1 verde infus\u00e3o em rela\u00e7\u00e3o a antioxidantes e nutrientes. O Matcha Sol\u00favel possui 137 vezes mais EGCG (poderoso antioxidante da classe das catequinas) do que outros tipos de ch\u00e1 verde. A capacidade antioxidante do Matcha Sol\u00favel \u00e9 superior ao goji berry, chocolate amargo, nozes, rom\u00e3, a\u00e7a\u00ed, br\u00f3colis e espinafre.<\/p>\n<p>Cont\u00e9m L-teanina: um amino\u00e1cido que ajuda a promover o relaxamento e o bem estar!<\/p>\n<p>Gostou? Fa\u00e7a sua compra agora e receba com todo conforto na sua casa ou trabalho.<\/p>\n","protected":false},"featured_media":244,"comment_status":"open","ping_status":"closed","template":"","meta":[],"product_cat":[74],"product_tag":[],"class_list":{"0":"post-243","1":"product","2":"type-product","3":"status-publish","4":"has-post-thumbnail","6":"product_cat-chas-e-ervas","8":"first","9":"instock","10":"shipping-taxable","11":"product-type-simple"},"supplier_id":null,"supplier_sku":"","barcode":null,"atum_controlled":true,"out_stock_date":null,"out_stock_threshold":null,"inheritable":false,"inbound_stock":0,"stock_on_hold":0,"sold_today":0,"sales_last_days":0,"reserved_stock":0,"customer_returns":0,"warehouse_damage":0,"lost_in_post":0,"other_logs":0,"out_stock_days":0,"lost_sales":0,"has_location":false,"update_date":"2026-04-22T12:24:24","atum_locations":[],"atum_stock_status":"instock","restock_status":false,"low_stock_amount":"","sales_update_date":"2026-04-22T12:24:24","calc_backorders":null,"_links":{"self":[{"href":"https:\/\/emporiodoturquinho.com.br\/index.php?rest_route=\/wp\/v2\/product\/243","targetHints":{"allow":["GET"]}}],"collection":[{"href":"https:\/\/emporiodoturquinho.com.br\/index.php?rest_route=\/wp\/v2\/product"}],"about":[{"href":"https:\/\/emporiodoturquinho.com.br\/index.php?rest_route=\/wp\/v2\/types\/product"}],"replies":[{"embeddable":true,"href":"https:\/\/emporiodoturquinho.com.br\/index.php?rest_route=%2Fwp%2Fv2%2Fcomments&post=243"}],"wp:featuredmedia":[{"embeddable":true,"href":"https:\/\/emporiodoturquinho.com.br\/index.php?rest_route=\/wp\/v2\/media\/244"}],"wp:attachment":[{"href":"https:\/\/emporiodoturquinho.com.br\/index.php?rest_route=%2Fwp%2Fv2%2Fmedia&parent=243"}],"wp:term":[{"taxonomy":"product_cat","embeddable":true,"href":"https:\/\/emporiodoturquinho.com.br\/index.php?rest_route=%2Fwp%2Fv2%2Fproduct_cat&post=243"},{"taxonomy":"product_tag","embeddable":true,"href":"https:\/\/emporiodoturquinho.com.br\/index.php?rest_route=%2Fwp%2Fv2%2Fproduct_tag&post=243"}],"curies":[{"name":"wp","href":"https:\/\/api.w.org\/{rel}","templated":true}]}}