{"id":241,"date":"2024-01-24T09:33:52","date_gmt":"2024-01-24T12:33:52","guid":{"rendered":"http:\/\/emporiodoturquinho.com.br\/?post_type=product&#038;p=241"},"modified":"2024-01-24T09:33:52","modified_gmt":"2024-01-24T12:33:52","slug":"marapuana-em-po","status":"publish","type":"product","link":"https:\/\/emporiodoturquinho.com.br\/?product=marapuana-em-po","title":{"rendered":"MARAPUANA EM PO"},"content":{"rendered":"<p>VALORES NUTRICIONAIS Conhe\u00e7a os valores nutricionais deste produto<br \/>\nQuantidade por por\u00e7\u00e3o de 0g (0 Colher de Sopa) %VD(*)<br \/>\nValor Energ\u00e9tico 0Kcal=0KJ 0<br \/>\nCarboidratos 0g 0<br \/>\nProte\u00ednas 0g 0<br \/>\nGorduras Totais 0g 0<br \/>\nGorduras Saturadas 0g 0<br \/>\nGorduras Trans 0g **<br \/>\nFibra Alimentar 0g 0<br \/>\nS\u00f3dio 0mg 0<br \/>\n(*)% Valores Di\u00e1rios de refer\u00eancia com base em uma dieta de 2.000 kcal ou 8.400 kJ. Seus valores di\u00e1rios podem ser maiores ou menores dependendo de suas necessidades energ\u00e9ticas.<\/p>\n<p>Ingrediente(s): Marapuama em p\u00f3.<\/p>\n<p>Ap\u00f3s abertura da embalagem, mantenha bem fechada, armazenando-a em local fresco e seco.<\/p>\n<p>AL\u00c9RGICOS: PODE CONTER TRA\u00c7OS DE SOJA, NOZES, CASTANHAS E AMENDOINS.<\/p>\n<p>N\u00c3O CONT\u00c9M GL\u00daTEN.<\/p>\n<p>CARACTER\u00cdSTICAS<br \/>\nSem Gl\u00faten: Sim<br \/>\nVegano: Sim<br \/>\nLow Carb: Sim<br \/>\nOrg\u00e2nico: N\u00e3o<br \/>\nLivre Transg\u00eanicos: Sim<br \/>\nSem Lactose: Sim<br \/>\nOrigem: Nacional<br \/>\nGranel: Sim<\/p>\n","protected":false},"excerpt":{"rendered":"<p>O nome cient\u00edfico da Marapuama \u00e9 Ptychopetalum uncinatum A., e pode ser encontrada na forma de folhas frescas ou na forma de cascas picadas e secas, \u00e9 uma planta nativa do norte do Brasil, aparecendo como uma \u00e1rvore de pequeno porte.<\/p>\n<p>Propriedades da Marapuama:<br \/>\nPor ser um planta natural, as chances de ocorrer rea\u00e7\u00f5es al\u00e9rgicas ou efeitos colaterais \u00e0 marapuama s\u00e3o menores. Al\u00e9m disso, podemos incluir que a marapuama \u00e9 um excelente t\u00f4nico neuromuscular, atuando contra a debilidade, fraquezas, perda de mem\u00f3ria, fadiga e mal estar. Age de forma eficaz em pessoas estressadas e com problemas de depress\u00e3o.<\/p>\n<p>como utilizar a marapuama em p\u00f3:<br \/>\n\u00c9 altamente recomendado que o tratamento com essa planta seja feito sob orienta\u00e7\u00e3o m\u00e9dica, que ir\u00e1 avaliar a melhor dose e frequ\u00eancia para o consumo de marapuama.<\/p>\n<p>Receita &#8211; Ch\u00e1 de marapuama em p\u00f3<br \/>\nIngredientes:<br \/>\n1 colher de sopa de marapuama em p\u00f3<br \/>\n300ml de \u00e1gua<\/p>\n<p>Modo de preparo:<br \/>\nColoque a \u00e1gua e o p\u00f3 em uma panela e deixe ferver. Desligue o fogo e deixe-a abafada por 10 minutos.<\/p>\n<p>Gostou? Fa\u00e7a sua compra agora e receba com todo conforto na sua casa ou trabalho.<\/p>\n","protected":false},"featured_media":242,"comment_status":"open","ping_status":"closed","template":"","meta":[],"product_cat":[74],"product_tag":[],"class_list":{"0":"post-241","1":"product","2":"type-product","3":"status-publish","4":"has-post-thumbnail","6":"product_cat-chas-e-ervas","8":"first","9":"instock","10":"shipping-taxable","11":"product-type-simple"},"supplier_id":null,"supplier_sku":"","barcode":null,"atum_controlled":true,"out_stock_date":null,"out_stock_threshold":null,"inheritable":false,"inbound_stock":0,"stock_on_hold":0,"sold_today":0,"sales_last_days":0,"reserved_stock":0,"customer_returns":0,"warehouse_damage":0,"lost_in_post":0,"other_logs":0,"out_stock_days":0,"lost_sales":0,"has_location":false,"update_date":"2026-04-22T12:24:24","atum_locations":[],"atum_stock_status":"instock","restock_status":false,"low_stock_amount":"","sales_update_date":"2026-04-22T12:24:24","calc_backorders":null,"_links":{"self":[{"href":"https:\/\/emporiodoturquinho.com.br\/index.php?rest_route=\/wp\/v2\/product\/241","targetHints":{"allow":["GET"]}}],"collection":[{"href":"https:\/\/emporiodoturquinho.com.br\/index.php?rest_route=\/wp\/v2\/product"}],"about":[{"href":"https:\/\/emporiodoturquinho.com.br\/index.php?rest_route=\/wp\/v2\/types\/product"}],"replies":[{"embeddable":true,"href":"https:\/\/emporiodoturquinho.com.br\/index.php?rest_route=%2Fwp%2Fv2%2Fcomments&post=241"}],"wp:featuredmedia":[{"embeddable":true,"href":"https:\/\/emporiodoturquinho.com.br\/index.php?rest_route=\/wp\/v2\/media\/242"}],"wp:attachment":[{"href":"https:\/\/emporiodoturquinho.com.br\/index.php?rest_route=%2Fwp%2Fv2%2Fmedia&parent=241"}],"wp:term":[{"taxonomy":"product_cat","embeddable":true,"href":"https:\/\/emporiodoturquinho.com.br\/index.php?rest_route=%2Fwp%2Fv2%2Fproduct_cat&post=241"},{"taxonomy":"product_tag","embeddable":true,"href":"https:\/\/emporiodoturquinho.com.br\/index.php?rest_route=%2Fwp%2Fv2%2Fproduct_tag&post=241"}],"curies":[{"name":"wp","href":"https:\/\/api.w.org\/{rel}","templated":true}]}}