{"id":237,"date":"2024-01-24T09:30:22","date_gmt":"2024-01-24T12:30:22","guid":{"rendered":"http:\/\/emporiodoturquinho.com.br\/?post_type=product&#038;p=237"},"modified":"2024-01-24T09:30:22","modified_gmt":"2024-01-24T12:30:22","slug":"hibisco-em-po","status":"publish","type":"product","link":"https:\/\/emporiodoturquinho.com.br\/?product=hibisco-em-po","title":{"rendered":"HIBISCO EM PO"},"content":{"rendered":"<p>VALORES NUTRICIONAIS Conhe\u00e7a os valores nutricionais deste produto<br \/>\nQuantidade por por\u00e7\u00e3o de 10g (1 Colheres de Sopa) %VD(*)<br \/>\nValor Energ\u00e9tico 72Kcal=301KJ 4<br \/>\nCarboidratos 8g 3<br \/>\nProte\u00ednas 0g 0<br \/>\nGorduras Totais 0g 0<br \/>\nGorduras Saturadas 0g 0<br \/>\nGorduras Trans 0g **<br \/>\nFibra Alimentar 0g 0<br \/>\nS\u00f3dio 0mg 0<br \/>\n(*)% Valores Di\u00e1rios de refer\u00eancia com base em uma dieta de 2.000 kcal ou 8.400 kJ. Seus valores di\u00e1rios podem ser maiores ou menores dependendo de suas necessidades energ\u00e9ticas.<\/p>\n<p>Ingrediente(s): Hibisco em p\u00f3.<\/p>\n<p>Ap\u00f3s a abertura, mantenha a embalagem bem fechada. Armazene em local fresco e seco.<\/p>\n<p>AL\u00c9RGICOS: PODE CONTER TRA\u00c7OS DE SOJA, NOZES, CASTANHAS E AMENDOINS.<\/p>\n<p>N\u00c3O CONT\u00c9M GL\u00daTEN.<\/p>\n<p>CARACTER\u00cdSTICAS<br \/>\nSem Gl\u00faten: Sim<br \/>\nVegano: Sim<br \/>\nLow Carb: Sim<br \/>\nOrg\u00e2nico: N\u00e3o<br \/>\nLivre Transg\u00eanicos: Sim<br \/>\nSem Lactose: Sim<br \/>\nOrigem: Importado<br \/>\nGranel: Sim<\/p>\n","protected":false},"excerpt":{"rendered":"<p>O Hibisco de nome cient\u00edfico Hibiscus Sabdariffa \u00e9 uma planta medicinal tamb\u00e9m conhecida pelos nomes de ibisco, vinagreira, caruru-azedo e quiabo-roxo, que possui origem africana e asi\u00e1tica. O ch\u00e1 preparado a partir do hibisco \u00e9 considerado um auxiliar do emagrecimento.<\/p>\n<p>Quais os benef\u00edcios do Hibisco em p\u00f3?<br \/>\nO hibisco em p\u00f3 \u00e9 muito rico em v\u00e1rias subst\u00e2ncias ben\u00e9ficas, como \u00e1cidos org\u00e2nicos, flavonoides e antioxidantes e vitaminas como a B1, B2, A, e o mineral ferro.<\/p>\n<p>\u2022 Possui a\u00e7\u00e3o diur\u00e9tica, energ\u00e9tica, combate colesterol ruim, previne envelhecimento precoce e doen\u00e7as cardiovasculares;<br \/>\n\u2022 Possui efeito vasodilatador e cardioprotetor, e contribuem fortemente contra o ac\u00famulo de gordura no corpo.<\/p>\n<p>Como preparar o ch\u00e1 de Hibisco em p\u00f3?<br \/>\nEm 1 litro de \u00e1gua que pode ser quente ou fria, fica a seu gosto, misture 1 e 1\/2 colher de ch\u00e1 do Hibisco em p\u00f3. S\u00f3 mexer que est\u00e1 pronto e se servir.<\/p>\n<p>Gostou? Fa\u00e7a sua compra agora e receba com todo conforto na sua casa ou trabalho.<\/p>\n","protected":false},"featured_media":238,"comment_status":"open","ping_status":"closed","template":"","meta":[],"product_cat":[74],"product_tag":[],"class_list":{"0":"post-237","1":"product","2":"type-product","3":"status-publish","4":"has-post-thumbnail","6":"product_cat-chas-e-ervas","8":"first","9":"instock","10":"shipping-taxable","11":"product-type-simple"},"supplier_id":null,"supplier_sku":"","barcode":null,"atum_controlled":true,"out_stock_date":null,"out_stock_threshold":null,"inheritable":false,"inbound_stock":0,"stock_on_hold":0,"sold_today":0,"sales_last_days":0,"reserved_stock":0,"customer_returns":0,"warehouse_damage":0,"lost_in_post":0,"other_logs":0,"out_stock_days":0,"lost_sales":0,"has_location":false,"update_date":"2026-04-22T12:24:24","atum_locations":[],"atum_stock_status":"instock","restock_status":false,"low_stock_amount":"","sales_update_date":"2026-04-22T12:24:24","calc_backorders":null,"_links":{"self":[{"href":"https:\/\/emporiodoturquinho.com.br\/index.php?rest_route=\/wp\/v2\/product\/237","targetHints":{"allow":["GET"]}}],"collection":[{"href":"https:\/\/emporiodoturquinho.com.br\/index.php?rest_route=\/wp\/v2\/product"}],"about":[{"href":"https:\/\/emporiodoturquinho.com.br\/index.php?rest_route=\/wp\/v2\/types\/product"}],"replies":[{"embeddable":true,"href":"https:\/\/emporiodoturquinho.com.br\/index.php?rest_route=%2Fwp%2Fv2%2Fcomments&post=237"}],"wp:featuredmedia":[{"embeddable":true,"href":"https:\/\/emporiodoturquinho.com.br\/index.php?rest_route=\/wp\/v2\/media\/238"}],"wp:attachment":[{"href":"https:\/\/emporiodoturquinho.com.br\/index.php?rest_route=%2Fwp%2Fv2%2Fmedia&parent=237"}],"wp:term":[{"taxonomy":"product_cat","embeddable":true,"href":"https:\/\/emporiodoturquinho.com.br\/index.php?rest_route=%2Fwp%2Fv2%2Fproduct_cat&post=237"},{"taxonomy":"product_tag","embeddable":true,"href":"https:\/\/emporiodoturquinho.com.br\/index.php?rest_route=%2Fwp%2Fv2%2Fproduct_tag&post=237"}],"curies":[{"name":"wp","href":"https:\/\/api.w.org\/{rel}","templated":true}]}}