{"id":233,"date":"2024-01-24T09:28:53","date_gmt":"2024-01-24T12:28:53","guid":{"rendered":"http:\/\/emporiodoturquinho.com.br\/?post_type=product&#038;p=233"},"modified":"2024-01-24T09:28:53","modified_gmt":"2024-01-24T12:28:53","slug":"ginseng-em-po","status":"publish","type":"product","link":"https:\/\/emporiodoturquinho.com.br\/?product=ginseng-em-po","title":{"rendered":"GINSENG EM PO"},"content":{"rendered":"<p>VALORES NUTRICIONAIS Conhe\u00e7a os valores nutricionais deste produto<br \/>\nQuantidade por por\u00e7\u00e3o de 0g (0 Colheres de Sopa) %VD(*)<br \/>\nValor Energ\u00e9tico 0Kcal=0KJ 0<br \/>\nCarboidratos 0g 0<br \/>\nProte\u00ednas 0g 0<br \/>\nGorduras Totais 0g 0<br \/>\nGorduras Saturadas 0g 0<br \/>\nGorduras Trans 0g **<br \/>\nFibra Alimentar 0g 0<br \/>\nS\u00f3dio 0mg 0<br \/>\n(*)% Valores Di\u00e1rios de refer\u00eancia com base em uma dieta de 2.000 kcal ou 8.400 kJ. Seus valores di\u00e1rios podem ser maiores ou menores dependendo de suas necessidades energ\u00e9ticas.<\/p>\n<p>Ingrediente(s): Ginseng em p\u00f3.<\/p>\n<p>Ap\u00f3s a abertura, mantenha a embalagem bem fechada. Armazene em local fresco e seco.<\/p>\n<p>AL\u00c9RGICOS: PODE CONTER TRA\u00c7OS DE SOJA, NOZES, CASTANHAS E AMENDOINS.<\/p>\n<p>N\u00c3O CONT\u00c9M GL\u00daTEN.<\/p>\n<p>CARACTER\u00cdSTICAS<br \/>\nSem Gl\u00faten: Sim<br \/>\nVegano: Sim<br \/>\nLow Carb: Sim<br \/>\nOrg\u00e2nico: N\u00e3o<br \/>\nLivre Transg\u00eanicos: Sim<br \/>\nSem Lactose: Sim<br \/>\nOrigem: Nacional<br \/>\nGranel: Sim<\/p>\n","protected":false},"excerpt":{"rendered":"<p>O Ginseng \u00e9 uma planta onde a parte mais consumida s\u00e3o suas ra\u00edzes e o caule, onde est\u00e3o presentes a maioria de suas propriedades.<\/p>\n<p>\u00c9 importante que o Ginseng seja ingerido em doses recomendadas por um especialista. Em excesso, pode trazer alguns efeitos secund\u00e1rios como nervosismo, problemas com o sono, dores de cabe\u00e7a e tens\u00f5es musculares.<\/p>\n<p>Quais os benef\u00edcios do Ginseng?<br \/>\nEntre as principais vitaminas est\u00e3o a B1, B2 e B3, que auxiliam no metabolismo da glicose, amino\u00e1cidos e \u00e1cidos graxos, facilitando o organismo a absorver e utilizar essas subst\u00e2ncias. Al\u00e9m disso, a B12 tamb\u00e9m \u00e9 encontrada no Ginseng, vitamina que atua na forma\u00e7\u00e3o de gl\u00f3bulos vermelhos e manuten\u00e7\u00e3o de fun\u00e7\u00f5es do sistema nervoso.<\/p>\n<p>Para que serve o Ginseng?<br \/>\nDentre os principais usos do Ginseng, os destaques est\u00e3o:<\/p>\n<p>\u2022 Ajuda a melhorar a mem\u00f3ria e concentra\u00e7\u00e3o<\/p>\n<p>\u2022 Melhora a disposi\u00e7\u00e3o<\/p>\n<p>\u2022 Ajuda a melhorar a circula\u00e7\u00e3o<\/p>\n<p>\u2022 Ajuda a acalmar e diminuir o estresse<\/p>\n<p>Sugest\u00f5es de consumo do Ginseng em p\u00f3<\/p>\n<p>As formas de consumo do Ginseng em p\u00f3 s\u00e3o infinitas, desde pratos salgados at\u00e9 doces, como pur\u00eas, molhos, pudins, sopas, ch\u00e1s, entre outras.<\/p>\n<p>N\u00e3o \u00e9 aconselh\u00e1vel que o ginseng seja consumido junto \u00e0 cafe\u00edna.<\/p>\n<p>Gostou? Fa\u00e7a sua compra agora e receba com todo conforto na sua casa ou trabalho.<\/p>\n","protected":false},"featured_media":234,"comment_status":"open","ping_status":"closed","template":"","meta":[],"product_cat":[74],"product_tag":[],"class_list":{"0":"post-233","1":"product","2":"type-product","3":"status-publish","4":"has-post-thumbnail","6":"product_cat-chas-e-ervas","8":"first","9":"instock","10":"shipping-taxable","11":"product-type-simple"},"supplier_id":null,"supplier_sku":"","barcode":null,"atum_controlled":true,"out_stock_date":null,"out_stock_threshold":null,"inheritable":false,"inbound_stock":0,"stock_on_hold":0,"sold_today":0,"sales_last_days":0,"reserved_stock":0,"customer_returns":0,"warehouse_damage":0,"lost_in_post":0,"other_logs":0,"out_stock_days":0,"lost_sales":0,"has_location":false,"update_date":"2026-04-22T12:24:24","atum_locations":[],"atum_stock_status":"instock","restock_status":false,"low_stock_amount":"","sales_update_date":"2026-04-22T12:24:24","calc_backorders":null,"_links":{"self":[{"href":"https:\/\/emporiodoturquinho.com.br\/index.php?rest_route=\/wp\/v2\/product\/233","targetHints":{"allow":["GET"]}}],"collection":[{"href":"https:\/\/emporiodoturquinho.com.br\/index.php?rest_route=\/wp\/v2\/product"}],"about":[{"href":"https:\/\/emporiodoturquinho.com.br\/index.php?rest_route=\/wp\/v2\/types\/product"}],"replies":[{"embeddable":true,"href":"https:\/\/emporiodoturquinho.com.br\/index.php?rest_route=%2Fwp%2Fv2%2Fcomments&post=233"}],"wp:featuredmedia":[{"embeddable":true,"href":"https:\/\/emporiodoturquinho.com.br\/index.php?rest_route=\/wp\/v2\/media\/234"}],"wp:attachment":[{"href":"https:\/\/emporiodoturquinho.com.br\/index.php?rest_route=%2Fwp%2Fv2%2Fmedia&parent=233"}],"wp:term":[{"taxonomy":"product_cat","embeddable":true,"href":"https:\/\/emporiodoturquinho.com.br\/index.php?rest_route=%2Fwp%2Fv2%2Fproduct_cat&post=233"},{"taxonomy":"product_tag","embeddable":true,"href":"https:\/\/emporiodoturquinho.com.br\/index.php?rest_route=%2Fwp%2Fv2%2Fproduct_tag&post=233"}],"curies":[{"name":"wp","href":"https:\/\/api.w.org\/{rel}","templated":true}]}}