{"id":223,"date":"2024-01-24T09:23:41","date_gmt":"2024-01-24T12:23:41","guid":{"rendered":"http:\/\/emporiodoturquinho.com.br\/?post_type=product&#038;p=223"},"modified":"2024-01-24T09:23:41","modified_gmt":"2024-01-24T12:23:41","slug":"erva-doce-desidratada","status":"publish","type":"product","link":"https:\/\/emporiodoturquinho.com.br\/?product=erva-doce-desidratada","title":{"rendered":"ERVA DOCE DESIDRATADA"},"content":{"rendered":"<p>VALORES NUTRICIONAIS Conhe\u00e7a os valores nutricionais deste produto<br \/>\nQuantidade por por\u00e7\u00e3o de 0g (0 Colheres de Sopa) %VD(*)<br \/>\nValor Energ\u00e9tico 0Kcal=0KJ 0<br \/>\nCarboidratos 0g 0<br \/>\nProte\u00ednas 0g 0<br \/>\nGorduras Totais 0g 0<br \/>\nGorduras Saturadas 0g 0<br \/>\nGorduras Trans 0g **<br \/>\nFibra Alimentar 0g 0<br \/>\nS\u00f3dio 0mg 0<br \/>\n(*)% Valores Di\u00e1rios de refer\u00eancia com base em uma dieta de 2.000 kcal ou 8.400 kJ. Seus valores di\u00e1rios podem ser maiores ou menores dependendo de suas necessidades energ\u00e9ticas.<\/p>\n<p>Ingrediente(s): Erva doce.<\/p>\n<p>Ap\u00f3s a abertura, mantenha a embalagem bem fechada. Armazene em local fresco e seco.<\/p>\n<p>AL\u00c9RGICOS: PODE CONTER TRA\u00c7OS DE SOJA, NOZES, CASTANHAS E AMENDOINS.<\/p>\n<p>N\u00c3O CONT\u00c9M GL\u00daTEN.<\/p>\n<p>CARACTER\u00cdSTICAS<br \/>\nSem Gl\u00faten: Sim<br \/>\nVegano: Sim<br \/>\nLow Carb: Sim<br \/>\nOrg\u00e2nico: N\u00e3o<br \/>\nLivre Transg\u00eanicos: Sim<br \/>\nSem Lactose: Sim<br \/>\nOrigem: Nacional<br \/>\nGranel: Sim<\/p>\n","protected":false},"excerpt":{"rendered":"<p>Foeniculum vulgare , comumente conhecido como erva doce, \u00e9 uma saborosa erva culin\u00e1ria e planta medicinal.<\/p>\n<p>As plantas de erva doce s\u00e3o verdes e brancas, com folhas emplumadas e flores amarelas.<\/p>\n<p>Tanto o bulbo crocante quanto as sementes da planta de erva-doce t\u00eam um sabor suave de alca\u00e7uz. No entanto, o sabor das sementes \u00e9 mais potente devido aos seus poderosos \u00f3leos essenciais.<\/p>\n<p>Al\u00e9m de seus muitos usos culin\u00e1rios, o funcho e suas sementes oferecem uma ampla gama de benef\u00edcios \u00e0 sa\u00fade e podem fornecer efeitos antioxidantes.<\/p>\n<p>Erva Doce benef\u00edcios<br \/>\nA erva doce \u00e9 rica em vitamina C, pot\u00e1ssio, mangan\u00eas, ferro, \u00e1cido f\u00f3lico e fibras. A erva-doce tamb\u00e9m \u00e9 rica em fito-nutrientes e \u00f3leos arom\u00e1ticos.<\/p>\n<p>Ch\u00e1 de erva doce<br \/>\nSugest\u00e3o de Preparo: Coloque 1 colher de sopa da erva para meio litro de \u00e1gua, ferver por 5 minutos. Tampe e deixe a solu\u00e7\u00e3o abafada por cerca de 10 minutos. Em seguida, \u00e9 s\u00f3 coar e beber.<\/p>\n<p>Preparo individual do ch\u00e1 de erva doce:<\/p>\n<p>Coloque uma colher de ch\u00e1 de erva doce em uma x\u00edcara com \u00e1gua fervente. Tampe com um prato. Deixe descansar por alguns minutos e depois disto, o ch\u00e1 estar\u00e1 pronto para servir!<\/p>\n<p>Gostou? Fa\u00e7a sua compra agora e receba com todo conforto na sua casa ou trabalho.<\/p>\n","protected":false},"featured_media":224,"comment_status":"open","ping_status":"closed","template":"","meta":[],"product_cat":[74],"product_tag":[],"class_list":{"0":"post-223","1":"product","2":"type-product","3":"status-publish","4":"has-post-thumbnail","6":"product_cat-chas-e-ervas","8":"first","9":"instock","10":"shipping-taxable","11":"product-type-simple"},"supplier_id":null,"supplier_sku":"","barcode":null,"atum_controlled":true,"out_stock_date":null,"out_stock_threshold":null,"inheritable":false,"inbound_stock":0,"stock_on_hold":0,"sold_today":0,"sales_last_days":0,"reserved_stock":0,"customer_returns":0,"warehouse_damage":0,"lost_in_post":0,"other_logs":0,"out_stock_days":0,"lost_sales":0,"has_location":false,"update_date":"2026-04-22T12:24:24","atum_locations":[],"atum_stock_status":"instock","restock_status":false,"low_stock_amount":"","sales_update_date":"2026-04-22T12:24:24","calc_backorders":null,"_links":{"self":[{"href":"https:\/\/emporiodoturquinho.com.br\/index.php?rest_route=\/wp\/v2\/product\/223","targetHints":{"allow":["GET"]}}],"collection":[{"href":"https:\/\/emporiodoturquinho.com.br\/index.php?rest_route=\/wp\/v2\/product"}],"about":[{"href":"https:\/\/emporiodoturquinho.com.br\/index.php?rest_route=\/wp\/v2\/types\/product"}],"replies":[{"embeddable":true,"href":"https:\/\/emporiodoturquinho.com.br\/index.php?rest_route=%2Fwp%2Fv2%2Fcomments&post=223"}],"wp:featuredmedia":[{"embeddable":true,"href":"https:\/\/emporiodoturquinho.com.br\/index.php?rest_route=\/wp\/v2\/media\/224"}],"wp:attachment":[{"href":"https:\/\/emporiodoturquinho.com.br\/index.php?rest_route=%2Fwp%2Fv2%2Fmedia&parent=223"}],"wp:term":[{"taxonomy":"product_cat","embeddable":true,"href":"https:\/\/emporiodoturquinho.com.br\/index.php?rest_route=%2Fwp%2Fv2%2Fproduct_cat&post=223"},{"taxonomy":"product_tag","embeddable":true,"href":"https:\/\/emporiodoturquinho.com.br\/index.php?rest_route=%2Fwp%2Fv2%2Fproduct_tag&post=223"}],"curies":[{"name":"wp","href":"https:\/\/api.w.org\/{rel}","templated":true}]}}