{"id":219,"date":"2024-01-24T09:22:13","date_gmt":"2024-01-24T12:22:13","guid":{"rendered":"http:\/\/emporiodoturquinho.com.br\/?post_type=product&#038;p=219"},"modified":"2024-01-24T09:22:13","modified_gmt":"2024-01-24T12:22:13","slug":"endro-desidratado","status":"publish","type":"product","link":"https:\/\/emporiodoturquinho.com.br\/?product=endro-desidratado","title":{"rendered":"ENDRO DESIDRATADO"},"content":{"rendered":"<p>VALORES NUTRICIONAIS Conhe\u00e7a os valores nutricionais deste produto<br \/>\nQuantidade por por\u00e7\u00e3o de 0g (0 Colheres de Sopa) %VD(*)<br \/>\nValor Energ\u00e9tico 0Kcal=0KJ 0<br \/>\nCarboidratos 0g 0<br \/>\nProte\u00ednas 0g 0<br \/>\nGorduras Totais 0g 0<br \/>\nGorduras Saturadas 0g 0<br \/>\nGorduras Trans 0g **<br \/>\nFibra Alimentar 0g 0<br \/>\nS\u00f3dio 0mg 0<br \/>\n(*)% Valores Di\u00e1rios de refer\u00eancia com base em uma dieta de 2.000 kcal ou 8.400 kJ. Seus valores di\u00e1rios podem ser maiores ou menores dependendo de suas necessidades energ\u00e9ticas.<\/p>\n<p>Ingrediente(s):Endro Dill (Anethum graveolens).<\/p>\n<p>Ap\u00f3s a abertura, mantenha a embalagem bem fechada. Armazene em local fresco e seco.<\/p>\n<p>AL\u00c9RGICOS: PODE CONTER TRA\u00c7OS DE SOJA, NOZES, CASTANHAS E AMENDOINS.<\/p>\n<p>N\u00c3O CONT\u00c9M GL\u00daTEN.<\/p>\n<p>CARACTER\u00cdSTICAS<br \/>\nSem Gl\u00faten: Sim<br \/>\nVegano: Sim<br \/>\nLow Carb: Sim<br \/>\nOrg\u00e2nico: N\u00e3o<br \/>\nLivre Transg\u00eanicos: Sim<br \/>\nSem Lactose: Sim<br \/>\nOrigem: Nacional<br \/>\nGranel: Sim<\/p>\n","protected":false},"excerpt":{"rendered":"<p>O Endro \u00e9 uma erva arom\u00e1tica tamb\u00e9m conhecido por aneto e seu nome em sueco \u00e9 dill. Planta origin\u00e1ria da R\u00fassia, \u00c1sia e parte do Mediterr\u00e2neo, dela se utiliza as folhas frescas ou secas e as sementes.<\/p>\n<p>BENEF\u00cdCIOS DO ENDRO:<br \/>\nSuas propriedades envolvem a a\u00e7\u00e3o antibacteriana, combatendo o crescimento excessivo das bact\u00e9rias. Al\u00e9m disso, com propriedades bacteriost\u00e1ticas e chemoprotective, o endro \u00e9 uma excelente fonte de c\u00e1lcio, sendo, dessa forma, um elemento de preven\u00e7\u00e3o da perda \u00f3ssea, que ocorre principalmente ap\u00f3s a menopausa, como a artrite reumatoide.<\/p>\n<p>Fonte de fibras, ferro, magn\u00e9sio, mangan\u00eas e vitamina C, o endro possui monoterpeno, que \u00e9 respons\u00e1vel pela ativa\u00e7\u00e3o da enzima glutationa-S-transferase, que auxilia no processo de fixa\u00e7\u00e3o da mol\u00e9cula de glutationa antioxidante \u00e0s mol\u00e9culas oxidadas.<\/p>\n<p>COMO USAR O ENDRO?<br \/>\nPerfeito para marinar pescados, aromatiza molho e dar pot\u00eancia a conservas de peixes e legumes, picles, vinagre e maioneses.<br \/>\nTamb\u00e9m pode ser usado em forma de ch\u00e1. O Ch\u00e1 de Endro pode ser usado para aumentar a produ\u00e7\u00e3o de leite materno, tratar \u00e2nsia de v\u00f4mito, problemas digestivos, dispepsia, espasmos gastrointestinais, hemorroidas, flatul\u00eancias, espasmos gastrointestinais, problemas do f\u00edgado, hiperacidez estomacal e ins\u00f4nia. Al\u00e9m disso, por conter vitamina C, \u00e9 excelente contra gripes e resfriados.<\/p>\n<p>Gostou? Fa\u00e7a sua compra agora e receba com todo conforto na sua casa ou trabalho.<\/p>\n","protected":false},"featured_media":220,"comment_status":"open","ping_status":"closed","template":"","meta":[],"product_cat":[74],"product_tag":[],"class_list":{"0":"post-219","1":"product","2":"type-product","3":"status-publish","4":"has-post-thumbnail","6":"product_cat-chas-e-ervas","8":"first","9":"instock","10":"shipping-taxable","11":"product-type-simple"},"supplier_id":null,"supplier_sku":"","barcode":null,"atum_controlled":true,"out_stock_date":null,"out_stock_threshold":null,"inheritable":false,"inbound_stock":0,"stock_on_hold":0,"sold_today":0,"sales_last_days":0,"reserved_stock":0,"customer_returns":0,"warehouse_damage":0,"lost_in_post":0,"other_logs":0,"out_stock_days":0,"lost_sales":0,"has_location":false,"update_date":"2026-04-22T12:24:24","atum_locations":[],"atum_stock_status":"instock","restock_status":false,"low_stock_amount":"","sales_update_date":"2026-04-22T12:24:24","calc_backorders":null,"_links":{"self":[{"href":"https:\/\/emporiodoturquinho.com.br\/index.php?rest_route=\/wp\/v2\/product\/219","targetHints":{"allow":["GET"]}}],"collection":[{"href":"https:\/\/emporiodoturquinho.com.br\/index.php?rest_route=\/wp\/v2\/product"}],"about":[{"href":"https:\/\/emporiodoturquinho.com.br\/index.php?rest_route=\/wp\/v2\/types\/product"}],"replies":[{"embeddable":true,"href":"https:\/\/emporiodoturquinho.com.br\/index.php?rest_route=%2Fwp%2Fv2%2Fcomments&post=219"}],"wp:featuredmedia":[{"embeddable":true,"href":"https:\/\/emporiodoturquinho.com.br\/index.php?rest_route=\/wp\/v2\/media\/220"}],"wp:attachment":[{"href":"https:\/\/emporiodoturquinho.com.br\/index.php?rest_route=%2Fwp%2Fv2%2Fmedia&parent=219"}],"wp:term":[{"taxonomy":"product_cat","embeddable":true,"href":"https:\/\/emporiodoturquinho.com.br\/index.php?rest_route=%2Fwp%2Fv2%2Fproduct_cat&post=219"},{"taxonomy":"product_tag","embeddable":true,"href":"https:\/\/emporiodoturquinho.com.br\/index.php?rest_route=%2Fwp%2Fv2%2Fproduct_tag&post=219"}],"curies":[{"name":"wp","href":"https:\/\/api.w.org\/{rel}","templated":true}]}}