{"id":215,"date":"2024-01-24T09:20:43","date_gmt":"2024-01-24T12:20:43","guid":{"rendered":"http:\/\/emporiodoturquinho.com.br\/?post_type=product&#038;p=215"},"modified":"2024-01-24T09:20:44","modified_gmt":"2024-01-24T12:20:44","slug":"cha-mate-verde","status":"publish","type":"product","link":"https:\/\/emporiodoturquinho.com.br\/?product=cha-mate-verde","title":{"rendered":"CHA MATE VERDE"},"content":{"rendered":"<p>VALORES NUTRICIONAIS Conhe\u00e7a os valores nutricionais deste produto<br \/>\nQuantidade por por\u00e7\u00e3o de 0g (0 Colher de Sopa) %VD(*)<br \/>\nValor Energ\u00e9tico 0Kcal=0KJ 0<br \/>\nCarboidratos 0g 0<br \/>\nProte\u00ednas 0g 0<br \/>\nGorduras Totais 0g 0<br \/>\nGorduras Saturadas 0g 0<br \/>\nGorduras Trans 0g **<br \/>\nFibra Alimentar 0g 0<br \/>\nS\u00f3dio 0mg 0<br \/>\n(*)% Valores Di\u00e1rios de refer\u00eancia com base em uma dieta de 2.000 kcal ou 8.400 kJ. Seus valores di\u00e1rios podem ser maiores ou menores dependendo de suas necessidades energ\u00e9ticas.<\/p>\n<p>Ingrediente(s): Ch\u00e1 Mate Verde (Ilex Paraguariensis).<\/p>\n<p>AL\u00c9RGICOS: PODE CONTER TRA\u00c7OS DE SOJA, NOZES, CASTANHAS E AMENDOINS.<\/p>\n<p>N\u00c3O CONT\u00c9M GL\u00daTEN.<\/p>\n<p>CARACTER\u00cdSTICAS<br \/>\nSem Gl\u00faten: Sim<br \/>\nVegano: Sim<br \/>\nLow Carb: Sim<br \/>\nOrg\u00e2nico: N\u00e3o<br \/>\nLivre Transg\u00eanicos: Sim<br \/>\nSem Lactose: Sim<br \/>\nOrigem: Nacional<br \/>\nGranel: Sim<\/p>\n","protected":false},"excerpt":{"rendered":"<p>O Ch\u00e1 Mate Verde \u00e9 obtido a parti da planta Ilex Paraguariensis, popular e famosa por ser a erva do chimarr\u00e3o, ele possui a\u00e7\u00e3o estimulante e \u00e9 um poderoso diur\u00e9tico, diminuindo o incha\u00e7o e ajudando a combater infec\u00e7\u00f5es urin\u00e1rias.<\/p>\n<p>Quais os benef\u00edcios da Ch\u00e1 Mate Verde?<br \/>\nO Ch\u00e1 Mate Verde famoso por ser a erva do chimarr\u00e3o, popularmente consumido no Centro Oeste e Sul do Brasil. Ele possui a\u00e7\u00e3o estimulante e \u00e9 um poderoso diur\u00e9tico, diminuindo o incha\u00e7o e ajudando a combater infec\u00e7\u00f5es urin\u00e1rias.<\/p>\n<p>Auxilia processo de emagrecimento, a erva tem a\u00e7\u00e3o termog\u00eanico, acelerando o metabolismo, agindo o na redu\u00e7\u00e3o da gordura corporal, oferecendo a\u00e7\u00e3o diur\u00e9tica, combatendo a reten\u00e7\u00e3o de l\u00edquidos.<\/p>\n<p>Rico em subst\u00e2ncias antioxidantes, o Ch\u00e1 Mate combate os radicais livres, que, entre outros pontos, gera o envelhecimento precoce, possui subst\u00e2ncias antioxidantes e anti-inflamat\u00f3rias.<\/p>\n<p>Como preparar o Ch\u00e1 Mate Verde?<br \/>\nPara cada 1L de \u00e1gua fervida , adicionar 2 colher de sopa do Ch\u00e1 Mate Verde. Deixar apurar por cerca de 10 minutos. Tomar gelado ou quente a gosto. Cont\u00e9m cafe\u00edna da pr\u00f3pria erva.<\/p>\n<p>Contraindicado para gestantes e lactantes.<\/p>\n<p>Gostou? Fa\u00e7a sua compra agora e receba com todo conforto na sua casa ou trabalho.<\/p>\n","protected":false},"featured_media":216,"comment_status":"open","ping_status":"closed","template":"","meta":[],"product_cat":[74],"product_tag":[],"class_list":{"0":"post-215","1":"product","2":"type-product","3":"status-publish","4":"has-post-thumbnail","6":"product_cat-chas-e-ervas","8":"first","9":"instock","10":"shipping-taxable","11":"product-type-simple"},"supplier_id":null,"supplier_sku":"","barcode":null,"atum_controlled":true,"out_stock_date":null,"out_stock_threshold":null,"inheritable":false,"inbound_stock":0,"stock_on_hold":0,"sold_today":0,"sales_last_days":0,"reserved_stock":0,"customer_returns":0,"warehouse_damage":0,"lost_in_post":0,"other_logs":0,"out_stock_days":0,"lost_sales":0,"has_location":false,"update_date":"2026-04-22T12:24:24","atum_locations":[],"atum_stock_status":"instock","restock_status":false,"low_stock_amount":"","sales_update_date":"2026-04-22T12:24:24","calc_backorders":null,"_links":{"self":[{"href":"https:\/\/emporiodoturquinho.com.br\/index.php?rest_route=\/wp\/v2\/product\/215","targetHints":{"allow":["GET"]}}],"collection":[{"href":"https:\/\/emporiodoturquinho.com.br\/index.php?rest_route=\/wp\/v2\/product"}],"about":[{"href":"https:\/\/emporiodoturquinho.com.br\/index.php?rest_route=\/wp\/v2\/types\/product"}],"replies":[{"embeddable":true,"href":"https:\/\/emporiodoturquinho.com.br\/index.php?rest_route=%2Fwp%2Fv2%2Fcomments&post=215"}],"wp:featuredmedia":[{"embeddable":true,"href":"https:\/\/emporiodoturquinho.com.br\/index.php?rest_route=\/wp\/v2\/media\/216"}],"wp:attachment":[{"href":"https:\/\/emporiodoturquinho.com.br\/index.php?rest_route=%2Fwp%2Fv2%2Fmedia&parent=215"}],"wp:term":[{"taxonomy":"product_cat","embeddable":true,"href":"https:\/\/emporiodoturquinho.com.br\/index.php?rest_route=%2Fwp%2Fv2%2Fproduct_cat&post=215"},{"taxonomy":"product_tag","embeddable":true,"href":"https:\/\/emporiodoturquinho.com.br\/index.php?rest_route=%2Fwp%2Fv2%2Fproduct_tag&post=215"}],"curies":[{"name":"wp","href":"https:\/\/api.w.org\/{rel}","templated":true}]}}